{"id":7258,"date":"2023-04-17T19:07:49","date_gmt":"2023-04-17T17:07:49","guid":{"rendered":"https:\/\/libshop.fr\/?page_id=7258"},"modified":"2025-10-27T21:54:17","modified_gmt":"2025-10-27T19:54:17","slug":"%e9%a2%84%e8%ae%a2-brunch-libshop13","status":"publish","type":"page","link":"https:\/\/libshop.fr\/zh\/reservation\/","title":{"rendered":"\u5728 Libshop \u9910\u5385\u9884\u8ba2\u9910\u684c"},"content":{"rendered":"<div data-elementor-type=\"wp-page\" data-elementor-id=\"7258\" class=\"elementor elementor-7258\" data-elementor-post-type=\"page\">\n\t\t\t\t\t\t<section class=\"elementor-section elementor-top-section elementor-element elementor-element-1136101f elementor-section-boxed elementor-section-height-default elementor-section-height-default\" data-id=\"1136101f\" data-element_type=\"section\" data-e-type=\"section\">\n\t\t\t\t\t\t<div class=\"elementor-container elementor-column-gap-default\">\n\t\t\t\t\t<div class=\"elementor-column elementor-col-100 elementor-top-column elementor-element elementor-element-68a3f4e6\" data-id=\"68a3f4e6\" data-element_type=\"column\" data-e-type=\"column\">\n\t\t\t<div class=\"elementor-widget-wrap elementor-element-populated\">\n\t\t\t\t\t\t<div class=\"elementor-element elementor-element-d087b7f elementor-arrows-position-inside elementor-pagination-position-outside elementor-widget elementor-widget-image-carousel\" data-id=\"d087b7f\" data-element_type=\"widget\" data-e-type=\"widget\" data-settings=\"{&quot;slides_to_show&quot;:&quot;1&quot;,&quot;autoplay_speed&quot;:4000,&quot;navigation&quot;:&quot;both&quot;,&quot;autoplay&quot;:&quot;yes&quot;,&quot;pause_on_hover&quot;:&quot;yes&quot;,&quot;pause_on_interaction&quot;:&quot;yes&quot;,&quot;infinite&quot;:&quot;yes&quot;,&quot;effect&quot;:&quot;slide&quot;,&quot;speed&quot;:500}\" data-widget_type=\"image-carousel.default\">\n\t\t\t\t<div class=\"elementor-widget-container\">\n\t\t\t\t\t\t\t<div class=\"elementor-image-carousel-wrapper swiper\" role=\"region\" aria-roledescription=\"carousel\" aria-label=\"\u56fe\u7247\u8f6e\u64ad\" dir=\"ltr\">\n\t\t\t<div class=\"elementor-image-carousel swiper-wrapper\" aria-live=\"off\">\n\t\t\t\t\t\t\t\t<div class=\"swiper-slide\" role=\"group\" aria-roledescription=\"slide\" aria-label=\"11 \u4e2a\u4e2d\u7684 1 \u4e2a\"><figure class=\"swiper-slide-inner\"><img decoding=\"async\" class=\"swiper-slide-image\" src=\"https:\/\/libshop.fr\/wp-content\/uploads\/2025\/07\/Dejeuner-Restaurant-Libshop-Paris.png\" alt=\"\u5728 Libshop Paris 1 \u5403\u5348\u9910\" title=\"-\"><\/figure><\/div><div class=\"swiper-slide\" role=\"group\" aria-roledescription=\"slide\" aria-label=\"11\u4e2d\u76842\"><figure class=\"swiper-slide-inner\"><img decoding=\"async\" class=\"swiper-slide-image\" src=\"https:\/\/libshop.fr\/wp-content\/uploads\/2025\/07\/Golden-Bowl-Chawarma-Poulet-Libshop.png\" alt=\"\u91d1\u7897\u9e21\" title=\"-\"><\/figure><\/div><div class=\"swiper-slide\" role=\"group\" aria-roledescription=\"slide\" aria-label=\"11\u4e2d\u76843\"><figure class=\"swiper-slide-inner\"><img decoding=\"async\" class=\"swiper-slide-image\" src=\"https:\/\/libshop.fr\/wp-content\/uploads\/2025\/07\/Golden-Bowl-Libshop-Falafels-Riz.png\" alt=\"\u91d1\u7897\u6c99\u62c9\u4e09\u660e\u6cbb\" title=\"-\"><\/figure><\/div><div class=\"swiper-slide\" role=\"group\" aria-roledescription=\"slide\" aria-label=\"11\u4e2d\u76844\"><figure class=\"swiper-slide-inner\"><img decoding=\"async\" class=\"swiper-slide-image\" src=\"https:\/\/libshop.fr\/wp-content\/uploads\/2025\/07\/Knefeh-facon-Libshop.png\" alt=\"Knefeh Libshop \u98ce\u683c\" title=\"-\"><\/figure><\/div><div class=\"swiper-slide\" role=\"group\" aria-roledescription=\"slide\" aria-label=\"11\u4e2d\u76845\"><figure class=\"swiper-slide-inner\"><img decoding=\"async\" class=\"swiper-slide-image\" src=\"https:\/\/libshop.fr\/wp-content\/uploads\/2025\/07\/Mezze-Libshop-Paris-1.png\" alt=\"Libshop Paris 1 \u9732\u53f0\u4e0a\u7684 Mezz\u00e9s\" title=\"-\"><\/figure><\/div><div class=\"swiper-slide\" role=\"group\" aria-roledescription=\"slide\" aria-label=\"11\u4e2d\u76846\"><figure class=\"swiper-slide-inner\"><img decoding=\"async\" class=\"swiper-slide-image\" src=\"https:\/\/libshop.fr\/wp-content\/uploads\/2025\/07\/Salle-Restaurant-Libshop-Paris-1.png\" alt=\"Libshop \u9910\u5385 Paris 1\" title=\"-\"><\/figure><\/div><div class=\"swiper-slide\" role=\"group\" aria-roledescription=\"slide\" aria-label=\"11\u4e2d\u76847\"><figure class=\"swiper-slide-inner\"><img decoding=\"async\" class=\"swiper-slide-image\" src=\"https:\/\/libshop.fr\/wp-content\/uploads\/2025\/07\/Sandwich-Signature-Libshop.png\" alt=\"Libshop \u62db\u724c\u4e09\u660e\u6cbb\u914d\u65b9\" title=\"-\"><\/figure><\/div><div class=\"swiper-slide\" role=\"group\" aria-roledescription=\"slide\" aria-label=\"11\u4e2d\u76848\"><figure class=\"swiper-slide-inner\"><img decoding=\"async\" class=\"swiper-slide-image\" src=\"https:\/\/libshop.fr\/wp-content\/uploads\/2025\/07\/Terrasse-du-Libshop-Paris-1.png\" alt=\"\u5df4\u9ece 1 \u53f7 Libshop \u9732\u53f0\" title=\"-\"><\/figure><\/div><div class=\"swiper-slide\" role=\"group\" aria-roledescription=\"slide\" aria-label=\"11\u4e2d\u76849\"><figure class=\"swiper-slide-inner\"><img decoding=\"async\" class=\"swiper-slide-image\" src=\"https:\/\/libshop.fr\/wp-content\/uploads\/2025\/07\/Veggie-Falafel-Salade-Libshop-Paris-1.png\" alt=\"\u852c\u83dc\u6c99\u62c9\u4e09\u660e\u6cbb\" title=\"-\"><\/figure><\/div><div class=\"swiper-slide\" role=\"group\" aria-roledescription=\"slide\" aria-label=\"10 \u7684 11\"><figure class=\"swiper-slide-inner\"><img decoding=\"async\" class=\"swiper-slide-image\" src=\"https:\/\/libshop.fr\/wp-content\/uploads\/2025\/07\/Mezzes-Libshop-Paris-1.png\" alt=\"Libshop \u81ea\u5236 100% Mezz\u00e9s\" title=\"-\"><\/figure><\/div><div class=\"swiper-slide\" role=\"group\" aria-roledescription=\"slide\" aria-label=\"11 \u7684 11\"><figure class=\"swiper-slide-inner\"><img decoding=\"async\" class=\"swiper-slide-image\" src=\"https:\/\/libshop.fr\/wp-content\/uploads\/2025\/07\/Blue-Bowl-Falafel-Libshop.png\" alt=\"Libshop \u7684\u84dd\u7897\u6c99\u62c9\u4e09\u660e\u6cbb\" title=\"-\"><\/figure><\/div>\t\t\t<\/div>\n\t\t\t\t\t\t\t\t\t\t\t\t<div class=\"elementor-swiper-button elementor-swiper-button-prev\" role=\"button\" tabindex=\"0\">\n\t\t\t\t\t\t<i aria-hidden=\"true\" class=\"eicon-chevron-left\"><\/i>\t\t\t\t\t<\/div>\n\t\t\t\t\t<div class=\"elementor-swiper-button elementor-swiper-button-next\" role=\"button\" tabindex=\"0\">\n\t\t\t\t\t\t<i aria-hidden=\"true\" class=\"eicon-chevron-right\"><\/i>\t\t\t\t\t<\/div>\n\t\t\t\t\n\t\t\t\t\t\t\t\t\t<div class=\"swiper-pagination\"><\/div>\n\t\t\t\t\t\t\t\t\t<\/div>\n\t\t\t\t\t\t<\/div>\n\t\t\t\t<\/div>\n\t\t\t\t<div class=\"elementor-element elementor-element-1d8f2a30 elementor-widget elementor-widget-text-editor\" data-id=\"1d8f2a30\" data-element_type=\"widget\" data-e-type=\"widget\" data-widget_type=\"text-editor.default\">\n\t\t\t\t<div class=\"elementor-widget-container\">\n\t\t\t\t\t\t\t\t\t<p>\u5341\u591a\u5e74\u6765\uff0c\u6211\u4eec\u7684\u627f\u8bfa\u662f\u670d\u52a1 <strong>\u9ece\u5df4\u5ae9\u83dc<\/strong> \u548c <strong>\u5730\u4e2d\u6d77<\/strong> \u6700 <strong>\u5b9a\u6027\u7684<\/strong> \u4ee5\u53ca\u6700 <strong>\u771f\u6b63\u7684<\/strong> \u53ef\u80fd\uff0c\u540c\u65f6\u4fdd\u6301\u7b80\u5355\u548c\u6613\u4e8e\u8bbf\u95ee\u3002<\/p><p><strong>\u9884\u8ba2\u9910\u684c <\/strong>\u5728<strong> \u56fe\u4e66\u9986<\/strong> \u5e76\u53d1\u73b0 <strong>\u6211\u4eec\u7684\u83dc\u80b4 <em>\u5065\u5eb7\uff0c <\/em><\/strong>\u65e0\u8bba\u662f<strong> \u5feb\u9910<\/strong>\uff0cA<strong> \u4e24\u4eba\u665a\u9910<\/strong>\u00a0\u6216<strong> \u53cb\u597d\u7684\u4e00\u9910<\/strong> \u670b\u53cb\u4e4b\u95f4\u3002<\/p>\t\t\t\t\t\t\t\t<\/div>\n\t\t\t\t<\/div>\n\t\t\t\t<div class=\"elementor-element elementor-element-be672f0 elementor-widget elementor-widget-text-editor\" data-id=\"be672f0\" data-element_type=\"widget\" data-e-type=\"widget\" data-widget_type=\"text-editor.default\">\n\t\t\t\t<div class=\"elementor-widget-container\">\n\t\t\t\t\t\t\t\t\t<p>\ud83d\udccdLibshop Paris 1\uff1a\u6bcf\u5468 7 \u5929\u63d0\u4f9b\u5348\u9910\u548c\u665a\u9910\u9884\u8ba2\u3002<br \/>\ud83d\udccdLibshop Paris 13\uff1a\u665a\u4e0a\u53ea\u63a5\u53d7\u9884\u8ba2\uff0c <a href=\"https:\/\/libshop.fr\/zh\/%e9%bb%8e%e5%b7%b4%e5%ab%a9%e6%97%a9%e5%8d%88%e9%a4%90%e5%b7%b4%e9%bb%8e\/\"><strong>\u5468\u672b\u9ece\u5df4\u5ae9\u65e9\u5348\u9910<\/strong><\/a>.<br \/>\ud83d\udecd\ufe0fLibshop Paris 8 &amp; 9\uff1a\u4ec5\u5728 <em>\u5916\u5356<\/em> \uff08\u65e0\u9700\u9884\u8ba2\uff09\u3002<\/p>\t\t\t\t\t\t\t\t<\/div>\n\t\t\t\t<\/div>\n\t\t\t\t\t<\/div>\n\t\t<\/div>\n\t\t\t\t\t<\/div>\n\t\t<\/section>\n\t\t\t\t<\/div>","protected":false},"excerpt":{"rendered":"<p>Depuis plus de 10 ans, notre promesse et de servir la cuisine libanaise et m\u00e9diterran\u00e9enne la plus qualitative et la plus authentique possible, tout en restant simple et accessible. R\u00e9servez votre table chez Libshop et d\u00e9couvrez nos plats healthy, que ce soit pour un d\u00e9jeuner rapide,\u00a0un d\u00eener en t\u00eate-\u00e0-t\u00eate\u00a0ou\u00a0un repas convivial entre amis. \ud83d\udccdLibshop Paris [&hellip;]<\/p>\n","protected":false},"author":1,"featured_media":0,"parent":0,"menu_order":0,"comment_status":"closed","ping_status":"closed","template":"","meta":{"footnotes":""},"class_list":["post-7258","page","type-page","status-publish","hentry"],"_links":{"self":[{"href":"https:\/\/libshop.fr\/zh\/wp-json\/wp\/v2\/pages\/7258","targetHints":{"allow":["GET"]}}],"collection":[{"href":"https:\/\/libshop.fr\/zh\/wp-json\/wp\/v2\/pages"}],"about":[{"href":"https:\/\/libshop.fr\/zh\/wp-json\/wp\/v2\/types\/page"}],"author":[{"embeddable":true,"href":"https:\/\/libshop.fr\/zh\/wp-json\/wp\/v2\/users\/1"}],"replies":[{"embeddable":true,"href":"https:\/\/libshop.fr\/zh\/wp-json\/wp\/v2\/comments?post=7258"}],"version-history":[{"count":3,"href":"https:\/\/libshop.fr\/zh\/wp-json\/wp\/v2\/pages\/7258\/revisions"}],"predecessor-version":[{"id":11353,"href":"https:\/\/libshop.fr\/zh\/wp-json\/wp\/v2\/pages\/7258\/revisions\/11353"}],"wp:attachment":[{"href":"https:\/\/libshop.fr\/zh\/wp-json\/wp\/v2\/media?parent=7258"}],"curies":[{"name":"\u53ef\u6e7f\u6027\u7c89\u5242","href":"https:\/\/api.w.org\/{rel}","templated":true}]}}