{"id":5157,"date":"2021-05-12T14:34:39","date_gmt":"2021-05-12T12:34:39","guid":{"rendered":"https:\/\/libshop.fr\/?page_id=5157"},"modified":"2024-01-04T10:43:24","modified_gmt":"2024-01-04T09:43:24","slug":"%e6%95%b0%e6%8d%ae%e5%88%a0%e9%99%a4","status":"publish","type":"page","link":"https:\/\/libshop.fr\/zh\/suppression-des-donnees\/","title":{"rendered":"\u6570\u636e\u5220\u9664"},"content":{"rendered":"<p>\u5173\u4e8e\u4f7f\u7528\u60a8\u7684\u4e2a\u4eba\u6570\u636e\uff0c\u60a8\u62e5\u6709\u4ee5\u4e0b\u6743\u5229\uff1a<\/p>\n<ul>\n<li>\u83b7\u5f97\u6709\u5173\u60a8\u7684\u6570\u636e\u6b63\u5728\u6216\u672a\u88ab\u5904\u7406\u7684\u786e\u8ba4\uff0c\u4ee5\u53ca\u5728\u5904\u7406\u65f6\u8bbf\u95ee\u6b64\u6570\u636e\u4ee5\u53ca\u6709\u5173\u6b64\u5904\u7406\u7684\u4fe1\u606f\uff1b<\/li>\n<li>\u7ea0\u6b63\u4e0d\u51c6\u786e\u7684\u6570\u636e\uff1b<\/li>\n<li>\u5220\u9664\u60a8\u7684\u90e8\u5206\u6570\u636e\uff1b<\/li>\n<li>\u83b7\u5f97\u6211\u4eec\u8fdb\u884c\u7684\u5904\u7406\u7684\u9650\u5236\uff1b<\/li>\n<li>\u53cd\u5bf9\u5904\u7406\u60a8\u7684\u6570\u636e\uff1b<\/li>\n<\/ul>\n<p>\u5982\u679c\u60a8\u60f3\u884c\u4f7f\u60a8\u7684\u6743\u5229\u6216\u83b7\u53d6\u6709\u5173\u4e2a\u4eba\u6570\u636e\u5904\u7406\u7684\u4fe1\u606f\uff0c\u8bf7\u901a\u8fc7\u4ee5\u4e0b\u7535\u5b50\u90ae\u4ef6\u5730\u5740\u4e0e\u6211\u4eec\u8054\u7cfb\uff1a<\/p>\n<p><img decoding=\"async\" class=\"alignnone size-full\" src=\"https:\/\/libshop.fr\/wp-content\/uploads\/2021\/04\/contact-libshop-mail.png\" width=\"380\" height=\"50\" alt=\"|\" title=\"-\"><\/p>\n<p>\u6211\u4eec\u9080\u8bf7\u60a8\u5728\u8bf7\u6c42\u4e2d\u9644\u4e0a\u4efb\u4f55\u6587\u4ef6\uff0c\u4ee5\u8bc1\u660e\u60a8\u7684\u8eab\u4efd\u548c\u8bf7\u6c42\u7684\u4ef7\u503c\u3002<\/p>","protected":false},"excerpt":{"rendered":"<p>Vous disposez des droits suivants en ce qui concerne l\u2019utilisation de vos donn\u00e9es personnelles : obtenir la confirmation que des donn\u00e9es vous concernant sont ou ne sont pas trait\u00e9es et, lorsqu\u2019elles le sont, l\u2019acc\u00e8s \u00e0 ces donn\u00e9es ainsi qu\u2019\u00e0 des informations sur ces traitements ; obtenir la rectification de donn\u00e9es inexactes ; obtenir l\u2019effacement de [&hellip;]<\/p>\n","protected":false},"author":1,"featured_media":0,"parent":0,"menu_order":0,"comment_status":"closed","ping_status":"closed","template":"","meta":{"footnotes":""},"class_list":["post-5157","page","type-page","status-publish","hentry"],"_links":{"self":[{"href":"https:\/\/libshop.fr\/zh\/wp-json\/wp\/v2\/pages\/5157","targetHints":{"allow":["GET"]}}],"collection":[{"href":"https:\/\/libshop.fr\/zh\/wp-json\/wp\/v2\/pages"}],"about":[{"href":"https:\/\/libshop.fr\/zh\/wp-json\/wp\/v2\/types\/page"}],"author":[{"embeddable":true,"href":"https:\/\/libshop.fr\/zh\/wp-json\/wp\/v2\/users\/1"}],"replies":[{"embeddable":true,"href":"https:\/\/libshop.fr\/zh\/wp-json\/wp\/v2\/comments?post=5157"}],"version-history":[{"count":3,"href":"https:\/\/libshop.fr\/zh\/wp-json\/wp\/v2\/pages\/5157\/revisions"}],"predecessor-version":[{"id":8349,"href":"https:\/\/libshop.fr\/zh\/wp-json\/wp\/v2\/pages\/5157\/revisions\/8349"}],"wp:attachment":[{"href":"https:\/\/libshop.fr\/zh\/wp-json\/wp\/v2\/media?parent=5157"}],"curies":[{"name":"\u53ef\u6e7f\u6027\u7c89\u5242","href":"https:\/\/api.w.org\/{rel}","templated":true}]}}