{"id":4445,"date":"2021-04-18T18:44:47","date_gmt":"2021-04-18T16:44:47","guid":{"rendered":"https:\/\/libshop.fr\/?page_id=4445"},"modified":"2021-04-18T18:45:21","modified_gmt":"2021-04-18T16:45:21","slug":"%e9%9a%90%e7%a7%81%e6%94%bf%e7%ad%96","status":"publish","type":"page","link":"https:\/\/libshop.fr\/zh\/politique-de-confidentialite\/","title":{"rendered":"\u9690\u79c1\u653f\u7b56"},"content":{"rendered":"<div data-elementor-type=\"wp-page\" data-elementor-id=\"4445\" class=\"elementor elementor-4445\" data-elementor-post-type=\"page\">\n\t\t\t\t\t\t<section class=\"elementor-section elementor-top-section elementor-element elementor-element-a257d59 elementor-section-boxed elementor-section-height-default elementor-section-height-default\" data-id=\"a257d59\" data-element_type=\"section\" data-e-type=\"section\">\n\t\t\t\t\t\t<div class=\"elementor-container elementor-column-gap-default\">\n\t\t\t\t\t<div class=\"elementor-column elementor-col-16 elementor-top-column elementor-element elementor-element-94139a5\" data-id=\"94139a5\" data-element_type=\"column\" data-e-type=\"column\">\n\t\t\t<div class=\"elementor-widget-wrap\">\n\t\t\t\t\t\t\t<\/div>\n\t\t<\/div>\n\t\t\t\t<div class=\"elementor-column elementor-col-66 elementor-top-column elementor-element elementor-element-f38a1d8\" data-id=\"f38a1d8\" data-element_type=\"column\" data-e-type=\"column\">\n\t\t\t<div class=\"elementor-widget-wrap elementor-element-populated\">\n\t\t\t\t\t\t<div class=\"elementor-element elementor-element-3cc47dd elementor-widget elementor-widget-text-editor\" data-id=\"3cc47dd\" data-element_type=\"widget\" data-e-type=\"widget\" data-widget_type=\"text-editor.default\">\n\t\t\t\t<div class=\"elementor-widget-container\">\n\t\t\t\t\t\t\t\t\t<p>1.\u4fe1\u606f\u6536\u96c6<\/p><p>\u5f53\u60a8\u5728\u6211\u4eec\u7684\u7f51\u7ad9\u4e0a\u6ce8\u518c\u3001\u767b\u5f55\u60a8\u7684\u5e10\u6237\u3001\u8fdb\u884c\u8d2d\u4e70\u3001\u53c2\u52a0\u6bd4\u8d5b\u548c\/\u6216\u6ce8\u9500\u65f6\uff0c\u6211\u4eec\u4f1a\u6536\u96c6\u4fe1\u606f\u3002\u6536\u96c6\u7684\u4fe1\u606f\u5305\u62ec\u60a8\u7684\u59d3\u540d\u3001\u7535\u5b50\u90ae\u4ef6\u5730\u5740\u3001\u7535\u8bdd\u53f7\u7801\u548c\/\u6216\u4fe1\u7528\u5361\u4fe1\u606f\u3002<\/p><p>\u6b64\u5916\uff0c\u6211\u4eec\u4f1a\u81ea\u52a8\u63a5\u6536\u548c\u5b58\u50a8\u6765\u81ea\u60a8\u7684\u8ba1\u7b97\u673a\u548c\u6d4f\u89c8\u5668\u7684\u4fe1\u606f\uff0c\u5305\u62ec\u60a8\u7684 IP \u5730\u5740\u3001\u8f6f\u4ef6\u548c\u786c\u4ef6\u4ee5\u53ca\u60a8\u8bf7\u6c42\u7684\u9875\u9762\u3002<\/p><p>2.\u4fe1\u606f\u7684\u4f7f\u7528<\/p><p>\u6211\u4eec\u4ece\u60a8\u90a3\u91cc\u6536\u96c6\u7684\u4efb\u4f55\u4fe1\u606f\u53ef\u80fd\u7528\u4e8e\uff1a<\/p><p>\u5b9a\u5236\u60a8\u7684\u4f53\u9a8c\u5e76\u6ee1\u8db3\u60a8\u7684\u4e2a\u6027\u5316\u9700\u6c42<br \/>\u63d0\u4f9b\u4e2a\u6027\u5316\u7684\u5e7f\u544a\u5185\u5bb9<br \/>\u6539\u5584\u6211\u4eec\u7684\u7f51\u7ad9<br \/>\u6539\u5584\u5ba2\u6237\u670d\u52a1\u548c\u60a8\u7684\u652f\u6301\u9700\u6c42<br \/>\u901a\u8fc7\u7535\u5b50\u90ae\u4ef6\u4e0e\u60a8\u8054\u7cfb<br \/>\u7ba1\u7406\u7ade\u8d5b\u3001\u4fc3\u9500\u6216\u8c03\u67e5<\/p><p>3. \u5728\u7ebf\u5546\u52a1\u7684\u4fdd\u5bc6\u6027<\/p><p>\u6211\u4eec\u662f\u672c\u7f51\u7ad9\u6240\u6536\u96c6\u4fe1\u606f\u7684\u552f\u4e00\u6240\u6709\u8005\u3002\u672a\u7ecf\u60a8\u7684\u540c\u610f\uff0c\u60a8\u7684\u4e2a\u4eba\u4fe1\u606f\u4e0d\u4f1a\u4ee5\u4efb\u4f55\u7406\u7531\u51fa\u552e\u3001\u4ea4\u6362\u3001\u8f6c\u8ba9\u6216\u63d0\u4f9b\u7ed9\u53e6\u4e00\u5bb6\u516c\u53f8\uff0c\u4f46\u4e3a\u6ee1\u8db3\u8bf7\u6c42\u548c\/\u6216\u4ea4\u6613\uff08\u4f8b\u5982\u8fd0\u9001\u8ba2\u5355\uff09\u6240\u5fc5\u9700\u7684\u60c5\u51b5\u9664\u5916\u3002<\/p><p>4. \u5411\u7b2c\u4e09\u65b9\u62ab\u9732<\/p><p>\u6211\u4eec\u4e0d\u4f1a\u5411\u7b2c\u4e09\u65b9\u51fa\u552e\u3001\u4ea4\u6613\u6216\u8f6c\u8ba9\u60a8\u7684\u4e2a\u4eba\u8eab\u4efd\u4fe1\u606f\u3002\u8fd9\u4e0d\u5305\u62ec\u534f\u52a9\u6211\u4eec\u8fd0\u8425\u6211\u4eec\u7684\u7f51\u7ad9\u6216\u5f00\u5c55\u6211\u4eec\u7684\u4e1a\u52a1\u7684\u53d7\u4fe1\u4efb\u7684\u7b2c\u4e09\u65b9\uff0c\u53ea\u8981\u8fd9\u4e9b\u7b2c\u4e09\u65b9\u540c\u610f\u5bf9\u8fd9\u4e9b\u4fe1\u606f\u4fdd\u5bc6\u3002<\/p><p>\u6211\u4eec\u8ba4\u4e3a\u6709\u5fc5\u8981\u5171\u4eab\u4fe1\u606f\u4ee5\u8c03\u67e5\u3001\u9884\u9632\u975e\u6cd5\u6d3b\u52a8\u3001\u6d89\u5acc\u6b3a\u8bc8\u3001\u6d89\u53ca\u5bf9\u4efb\u4f55\u4eba\u7684\u4eba\u8eab\u5b89\u5168\u6784\u6210\u6f5c\u5728\u5a01\u80c1\u7684\u60c5\u51b5\u3001\u8fdd\u53cd\u6211\u4eec\u7684\u4f7f\u7528\u6761\u6b3e\u6216\u6cd5\u5f8b\u8981\u6c42\u65f6\u91c7\u53d6\u884c\u52a8\u3002<\/p><p>\u4f46\u662f\uff0c\u975e\u79c1\u4eba\u4fe1\u606f\u53ef\u80fd\u4f1a\u63d0\u4f9b\u7ed9\u5176\u4ed6\u65b9\u7528\u4e8e\u8425\u9500\u3001\u5e7f\u544a\u6216\u5176\u4ed6\u7528\u9014\u3002<\/p><p>5.\u4fe1\u606f\u4fdd\u62a4<\/p><p>\u6211\u4eec\u5b9e\u65bd\u5404\u79cd\u5b89\u5168\u63aa\u65bd\u6765\u7ef4\u62a4\u60a8\u7684\u4e2a\u4eba\u4fe1\u606f\u7684\u5b89\u5168\u3002\u6211\u4eec\u4f7f\u7528\u6700\u5148\u8fdb\u7684\u52a0\u5bc6\u6280\u672f\u6765\u4fdd\u62a4\u5728\u7ebf\u4f20\u8f93\u7684\u654f\u611f\u4fe1\u606f\u3002\u6211\u4eec\u8fd8\u79bb\u7ebf\u4fdd\u62a4\u60a8\u7684\u4fe1\u606f\u3002\u53ea\u6709\u9700\u8981\u6267\u884c\u7279\u5b9a\u5de5\u4f5c\uff08\u4f8b\u5982\uff0c\u8ba1\u8d39\u6216\u5ba2\u6237\u670d\u52a1\uff09\u7684\u5458\u5de5\u624d\u80fd\u8bbf\u95ee\u4e2a\u4eba\u8eab\u4efd\u4fe1\u606f\u3002\u7528\u4e8e\u5b58\u50a8\u4e2a\u4eba\u8eab\u4efd\u4fe1\u606f\u7684\u8ba1\u7b97\u673a\u548c\u670d\u52a1\u5668\u4fdd\u5b58\u5728\u5b89\u5168\u7684\u73af\u5883\u4e2d\u3002<\/p><p>\u6211\u4eec\u4f7f\u7528 cookie \u5417\uff1f<\/p><p>\u662f\u7684\u3002\u6211\u4eec\u7684 cookie \u6539\u5584\u4e86\u5bf9\u6211\u4eec\u7f51\u7ad9\u7684\u8bbf\u95ee\u5e76\u8bc6\u522b\u91cd\u590d\u8bbf\u95ee\u8005\u3002\u6b64\u5916\uff0c\u6211\u4eec\u7684 cookie \u901a\u8fc7\u8ddf\u8e2a\u548c\u5b9a\u4f4d\u4ed6\u4eec\u7684\u5174\u8da3\u6765\u6539\u5584\u7528\u6237\u4f53\u9a8c\u3002\u4f46\u662f\uff0c\u8fd9\u79cd cookie \u7684\u4f7f\u7528\u7edd\u4e0d\u4f1a\u4e0e\u6211\u4eec\u7f51\u7ad9\u4e0a\u7684\u4efb\u4f55\u4e2a\u4eba\u8eab\u4efd\u4fe1\u606f\u76f8\u5173\u8054\u3002<\/p><p>6.\u9000\u8ba2<\/p><p>\u6211\u4eec\u4f7f\u7528\u60a8\u63d0\u4f9b\u7684\u7535\u5b50\u90ae\u4ef6\u5730\u5740\u5411\u60a8\u53d1\u9001\u8ba2\u5355\u4fe1\u606f\u548c\u66f4\u65b0\u3001\u4e0d\u5b9a\u671f\u7684\u516c\u53f8\u65b0\u95fb\u3001\u76f8\u5173\u4ea7\u54c1\u4fe1\u606f\u7b49\u3002\u5982\u679c\u60a8\u60f3\u5728\u4efb\u4f55\u65f6\u5019\u53d6\u6d88\u8ba2\u9605\u4ee5\u63a5\u6536\u66f4\u591a\u7535\u5b50\u90ae\u4ef6\uff0c\u8bf7\u5728\u6bcf\u5c01\u7535\u5b50\u90ae\u4ef6\u7684\u5e95\u90e8\u5305\u542b\u8be6\u7ec6\u7684\u53d6\u6d88\u8ba2\u9605\u8bf4\u660e\u3002<\/p><p>7.\u540c\u610f<br \/>\u4f7f\u7528\u6211\u4eec\u7684\u7f51\u7ad9\uff0c\u5373\u8868\u793a\u60a8\u540c\u610f\u6211\u4eec\u7684\u9690\u79c1\u653f\u7b56\u3002<\/p>\t\t\t\t\t\t\t\t<\/div>\n\t\t\t\t<\/div>\n\t\t\t\t\t<\/div>\n\t\t<\/div>\n\t\t\t\t<div class=\"elementor-column elementor-col-16 elementor-top-column elementor-element elementor-element-2412248\" data-id=\"2412248\" data-element_type=\"column\" data-e-type=\"column\">\n\t\t\t<div class=\"elementor-widget-wrap\">\n\t\t\t\t\t\t\t<\/div>\n\t\t<\/div>\n\t\t\t\t\t<\/div>\n\t\t<\/section>\n\t\t\t\t<\/div>","protected":false},"excerpt":{"rendered":"<p>1.Collecte de l\u2019information Nous recueillons des informations lorsque vous vous inscrivez sur notre site, lorsque vous vous connectez \u00e0 votre compte, faites un achat, participez \u00e0 un concours, et \/ ou lorsque vous vous d\u00e9connectez. Les informations recueillies incluent votre nom, votre adresse e-mail, num\u00e9ro de t\u00e9l\u00e9phone, et \/ ou carte de cr\u00e9dit. En outre, [&hellip;]<\/p>\n","protected":false},"author":1,"featured_media":0,"parent":0,"menu_order":0,"comment_status":"closed","ping_status":"closed","template":"","meta":{"footnotes":""},"class_list":["post-4445","page","type-page","status-publish","hentry"],"_links":{"self":[{"href":"https:\/\/libshop.fr\/zh\/wp-json\/wp\/v2\/pages\/4445","targetHints":{"allow":["GET"]}}],"collection":[{"href":"https:\/\/libshop.fr\/zh\/wp-json\/wp\/v2\/pages"}],"about":[{"href":"https:\/\/libshop.fr\/zh\/wp-json\/wp\/v2\/types\/page"}],"author":[{"embeddable":true,"href":"https:\/\/libshop.fr\/zh\/wp-json\/wp\/v2\/users\/1"}],"replies":[{"embeddable":true,"href":"https:\/\/libshop.fr\/zh\/wp-json\/wp\/v2\/comments?post=4445"}],"version-history":[{"count":4,"href":"https:\/\/libshop.fr\/zh\/wp-json\/wp\/v2\/pages\/4445\/revisions"}],"predecessor-version":[{"id":4449,"href":"https:\/\/libshop.fr\/zh\/wp-json\/wp\/v2\/pages\/4445\/revisions\/4449"}],"wp:attachment":[{"href":"https:\/\/libshop.fr\/zh\/wp-json\/wp\/v2\/media?parent=4445"}],"curies":[{"name":"\u53ef\u6e7f\u6027\u7c89\u5242","href":"https:\/\/api.w.org\/{rel}","templated":true}]}}