{"id":4432,"date":"2021-04-18T18:37:16","date_gmt":"2021-04-18T16:37:16","guid":{"rendered":"https:\/\/libshop.fr\/?page_id=4432"},"modified":"2023-05-04T16:17:51","modified_gmt":"2023-05-04T14:17:51","slug":"%e6%8e%a5%e8%a7%a6","status":"publish","type":"page","link":"https:\/\/libshop.fr\/zh\/contact\/","title":{"rendered":"\u63a5\u89e6"},"content":{"rendered":"\t\t<div data-elementor-type=\"wp-page\" data-elementor-id=\"4432\" class=\"elementor elementor-4432\" data-elementor-post-type=\"page\">\n\t\t\t\t\t\t<section class=\"elementor-section elementor-top-section elementor-element elementor-element-56599710 elementor-section-full_width elementor-section-height-min-height elementor-section-items-stretch elementor-section-content-middle elementor-section-height-default\" data-id=\"56599710\" data-element_type=\"section\" data-e-type=\"section\">\n\t\t\t\t\t\t<div class=\"elementor-container elementor-column-gap-no\">\n\t\t\t\t\t<div class=\"elementor-column elementor-col-50 elementor-top-column elementor-element elementor-element-666277db\" data-id=\"666277db\" data-element_type=\"column\" data-e-type=\"column\" data-settings=\"{&quot;background_background&quot;:&quot;classic&quot;}\">\n\t\t\t<div class=\"elementor-widget-wrap elementor-element-populated\">\n\t\t\t\t\t\t<div class=\"elementor-element elementor-element-781a867e elementor-widget elementor-widget-spacer\" data-id=\"781a867e\" data-element_type=\"widget\" data-e-type=\"widget\" data-widget_type=\"spacer.default\">\n\t\t\t\t<div class=\"elementor-widget-container\">\n\t\t\t\t\t\t\t<div class=\"elementor-spacer\">\n\t\t\t<div class=\"elementor-spacer-inner\"><\/div>\n\t\t<\/div>\n\t\t\t\t\t\t<\/div>\n\t\t\t\t<\/div>\n\t\t\t\t\t<\/div>\n\t\t<\/div>\n\t\t\t\t<div class=\"elementor-column elementor-col-50 elementor-top-column elementor-element elementor-element-94c15a6\" data-id=\"94c15a6\" data-element_type=\"column\" data-e-type=\"column\" data-settings=\"{&quot;background_background&quot;:&quot;classic&quot;}\">\n\t\t\t<div class=\"elementor-widget-wrap elementor-element-populated\">\n\t\t\t\t\t\t<div class=\"elementor-element elementor-element-2c27840e elementor-widget elementor-widget-heading\" data-id=\"2c27840e\" data-element_type=\"widget\" data-e-type=\"widget\" data-widget_type=\"heading.default\">\n\t\t\t\t<div class=\"elementor-widget-container\">\n\t\t\t\t\t<h2 class=\"elementor-heading-title elementor-size-default\">Contact<\/h2>\t\t\t\t<\/div>\n\t\t\t\t<\/div>\n\t\t\t\t<div class=\"elementor-element elementor-element-7764b6bd animated-slow elementor-invisible elementor-widget elementor-widget-heading\" data-id=\"7764b6bd\" data-element_type=\"widget\" data-e-type=\"widget\" data-settings=\"{&quot;_animation&quot;:&quot;fadeInDown&quot;}\" data-widget_type=\"heading.default\">\n\t\t\t\t<div class=\"elementor-widget-container\">\n\t\t\t\t\t<h6 class=\"elementor-heading-title elementor-size-default\">Support client, commande traiteur, contact presse, partenariat ou recrutement.<\/h6>\t\t\t\t<\/div>\n\t\t\t\t<\/div>\n\t\t\t\t<section class=\"elementor-section elementor-inner-section elementor-element elementor-element-66ac337 elementor-section-boxed elementor-section-height-default elementor-section-height-default\" data-id=\"66ac337\" data-element_type=\"section\" data-e-type=\"section\">\n\t\t\t\t\t\t<div class=\"elementor-container elementor-column-gap-default\">\n\t\t\t\t\t<div class=\"elementor-column elementor-col-100 elementor-inner-column elementor-element elementor-element-b06e536\" data-id=\"b06e536\" data-element_type=\"column\" data-e-type=\"column\">\n\t\t\t<div class=\"elementor-widget-wrap elementor-element-populated\">\n\t\t\t\t\t\t<div class=\"elementor-element elementor-element-b115e7f elementor-widget elementor-widget-text-editor\" data-id=\"b115e7f\" data-element_type=\"widget\" data-e-type=\"widget\" data-widget_type=\"text-editor.default\">\n\t\t\t\t<div class=\"elementor-widget-container\">\n\t\t\t\t\t\t\t\t\t<p><style><\/style><address class=\"bp-contact-card\">\r\n                    \t\t<div class=\"bp-name\">\r\n\t\t\tLibshop\t\t<\/div>\r\n\t\t\r\n\t\t\r\n\t\t\t\t\t\t\t\t\r\n\t\t\r\n\t\t\r\n\t\t\t\t<div class=\"bp-address\">\r\n\t\t\t96 rue Saint-Denis 75001 Paris\t\t<\/div>\r\n\t\t\r\n\t\t\t\t<div class=\"bp-directions\">\r\n\t\t\t<a href=\"\/\/maps.google.com\/maps?saddr=current+location&#038;daddr=96+rue+Saint-Denis+75001+Paris\" target=\"_blank\">Get Directions<\/a>\r\n\t\t<\/div>\r\n\t\t\r\n\t\t<div class=\"bp-phone\">\r\n\t\t\t<a href=\"tel:+33142334107\">+33142334107<\/a>\r\n\t\t<\/div>\r\n\r\n\t\t\t\t\t<div class=\"bp-ordering-link\">\r\n\t\t\t\t<a href=\"https:\/\/commande.libshop.fr\" target=\"blank\">\r\n\t\t\t\t\tPlace an Order\t\t\t\t<\/a>\r\n\t\t\t<\/div>\r\n\t\t\t\t\t<div class=\"bp-booking\">\n\t\t\t<a href=\"https:\/\/libshop.fr\/zh\/reservation\/\" itemprop=\"acceptsReservations\">\n\t\t\t\tBook a table\t\t\t<\/a>\n\t\t<\/div>\n\t\t\t\t<meta itemprop=\"acceptsReservations\" content=\"https:\/\/libshop.fr\/zh\/reservation\/\">\n\t\t\r\n\t\t\t\t<div class=\"bp-contact bp-contact-email\">\r\n\t\t\t\t\t<a href=\"mailto:&#099;onta&#099;t&#064;&#108;ibs&#104;&#111;&#112;&#046;fr\">&#099;onta&#099;t&#064;&#108;ibs&#104;&#111;&#112;&#046;fr<\/a>\r\n\t\t\t\t<\/div>\r\n\r\n\t\t\t\r\n\t\t\t\r\n\t\t\r\n\t\t<div id=\"bp-map-0\" class=\"bp-map\" data-name=\"Libshop\" data-address=\"96 rue Saint-Denis 75001 Paris\"  data-phone=\"+33142334107\"><\/div>\r\n\r\n\t\t    <script type=\"application\/ld+json\">\r\n        {\"@type\": \"Restaurant\",\"image\": \"https:\/\/libshop.fr\/wp-content\/uploads\/2021\/04\/libshop-etienne-marcel-2021-terrasse-scaled.jpg\",\"name\": \"Libshop\",\"description\": \"Cuisine m\u00e9diterran\u00e9enne saine, cr\u00e9ative et faite maison en assiette et en sandwich\",\"url\": \"https:\/\/libshop.fr\/zh\",\"address\" : {\"@type\": \"PostalAddress\",\"name\": \"96 rue Saint-Denis 75001 Paris\"},\"contactPoint\": [{\"@type\": \"ContactPoint\",\"contactType\": \"Telephone\",\"telephone\": \"+33142334107\"}],\"hasMenu\": \"https:\/\/commande.libshop.fr\",\"email\": \"&#99;onta&#99;t&#64;&#108;ibs&#104;&#111;&#112;&#46;fr\",\"@context\": \"https:\/\/schema.org\/\"}    <\/script>\r\n<\/address><\/p>\t\t\t\t\t\t\t\t<\/div>\n\t\t\t\t<\/div>\n\t\t\t\t\t<\/div>\n\t\t<\/div>\n\t\t\t\t\t<\/div>\n\t\t<\/section>\n\t\t\t\t\t<\/div>\n\t\t<\/div>\n\t\t\t\t\t<\/div>\n\t\t<\/section>\n\t\t\t\t<\/div>\n\t\t","protected":false},"excerpt":{"rendered":"<p>\u5ba2\u6237\u652f\u6301\u8054\u7cfb\u4eba\u3001\u9910\u996e\u8ba2\u5355\u3001\u65b0\u95fb\u8054\u7cfb\u4eba\u3001\u5408\u4f5c\u4f19\u4f34\u6216\u62db\u8058\u3002<\/p>","protected":false},"author":1,"featured_media":0,"parent":0,"menu_order":0,"comment_status":"closed","ping_status":"closed","template":"","meta":{"footnotes":""},"class_list":["post-4432","page","type-page","status-publish","hentry"],"_links":{"self":[{"href":"https:\/\/libshop.fr\/zh\/wp-json\/wp\/v2\/pages\/4432","targetHints":{"allow":["GET"]}}],"collection":[{"href":"https:\/\/libshop.fr\/zh\/wp-json\/wp\/v2\/pages"}],"about":[{"href":"https:\/\/libshop.fr\/zh\/wp-json\/wp\/v2\/types\/page"}],"author":[{"embeddable":true,"href":"https:\/\/libshop.fr\/zh\/wp-json\/wp\/v2\/users\/1"}],"replies":[{"embeddable":true,"href":"https:\/\/libshop.fr\/zh\/wp-json\/wp\/v2\/comments?post=4432"}],"version-history":[{"count":3,"href":"https:\/\/libshop.fr\/zh\/wp-json\/wp\/v2\/pages\/4432\/revisions"}],"predecessor-version":[{"id":7386,"href":"https:\/\/libshop.fr\/zh\/wp-json\/wp\/v2\/pages\/4432\/revisions\/7386"}],"wp:attachment":[{"href":"https:\/\/libshop.fr\/zh\/wp-json\/wp\/v2\/media?parent=4432"}],"curies":[{"name":"\u53ef\u6e7f\u6027\u7c89\u5242","href":"https:\/\/api.w.org\/{rel}","templated":true}]}}