{"id":5157,"date":"2021-05-12T14:34:39","date_gmt":"2021-05-12T12:34:39","guid":{"rendered":"https:\/\/libshop.fr\/?page_id=5157"},"modified":"2024-01-04T10:43:24","modified_gmt":"2024-01-04T09:43:24","slug":"%e3%83%87%e3%83%bc%e3%82%bf%e3%81%ae%e5%89%8a%e9%99%a4","status":"publish","type":"page","link":"https:\/\/libshop.fr\/ja\/suppression-des-donnees\/","title":{"rendered":"\u30c7\u30fc\u30bf\u306e\u524a\u9664"},"content":{"rendered":"<p>\u3042\u306a\u305f\u306b\u306f\u3001\u500b\u4eba\u30c7\u30fc\u30bf\u306e\u4f7f\u7528\u306b\u95a2\u3057\u3066\u6b21\u306e\u6a29\u5229\u304c\u3042\u308a\u307e\u3059\u3002<\/p>\n<ul>\n<li>\u3042\u306a\u305f\u306b\u95a2\u3059\u308b\u30c7\u30fc\u30bf\u304c\u51e6\u7406\u3055\u308c\u3066\u3044\u308b\u304b\u3069\u3046\u304b\u306e\u78ba\u8a8d\u3092\u53d6\u5f97\u3057\u3001\u51e6\u7406\u3055\u308c\u3066\u3044\u308b\u5834\u5408\u306b\u306f\u3001\u3053\u306e\u30c7\u30fc\u30bf\u304a\u3088\u3073\u3053\u306e\u51e6\u7406\u306b\u95a2\u3059\u308b\u60c5\u5831\u306b\u30a2\u30af\u30bb\u30b9\u3057\u307e\u3059\u3002<\/li>\n<li>\u4e0d\u6b63\u78ba\u306a\u30c7\u30fc\u30bf\u306e\u4fee\u6b63\u3092\u5f97\u308b\u3002<\/li>\n<li>\u30c7\u30fc\u30bf\u306e\u4e00\u90e8\u3092\u6d88\u53bb\u3057\u3066\u3082\u3089\u3044\u307e\u3059\u3002<\/li>\n<li>\u5f53\u793e\u304c\u5b9f\u884c\u3059\u308b\u51e6\u7406\u306e\u5236\u9650\u3092\u53d6\u5f97\u3059\u308b\u3002<\/li>\n<li>\u30c7\u30fc\u30bf\u306e\u51e6\u7406\u306b\u53cd\u5bfe\u3059\u308b\u3002<\/li>\n<\/ul>\n<p>\u6a29\u5229\u3092\u884c\u4f7f\u3057\u305f\u3044\u5834\u5408\u3001\u307e\u305f\u306f\u500b\u4eba\u30c7\u30fc\u30bf\u306e\u51e6\u7406\u306b\u95a2\u3059\u308b\u60c5\u5831\u3092\u5165\u624b\u3057\u305f\u3044\u5834\u5408\u306f\u3001\u6b21\u306e\u96fb\u5b50\u30e1\u30fc\u30eb \u30a2\u30c9\u30ec\u30b9\u307e\u3067\u3054\u9023\u7d61\u304f\u3060\u3055\u3044\u3002<\/p>\n<p><img decoding=\"async\" class=\"alignnone size-full\" src=\"https:\/\/libshop.fr\/wp-content\/uploads\/2021\/04\/contact-libshop-mail.png\" width=\"380\" height=\"50\" alt=\"|\" title=\"-\"><\/p>\n<p>\u3042\u306a\u305f\u306e\u8eab\u5143\u3068\u3042\u306a\u305f\u306e\u30ea\u30af\u30a8\u30b9\u30c8\u306e\u30e1\u30ea\u30c3\u30c8\u3092\u6b63\u5f53\u5316\u3059\u308b\u305f\u3081\u306e\u6587\u66f8\u3092\u3042\u306a\u305f\u306e\u30ea\u30af\u30a8\u30b9\u30c8\u306b\u6dfb\u4ed8\u3059\u308b\u3053\u3068\u3092\u304a\u52e7\u3081\u3057\u307e\u3059\u3002<\/p>","protected":false},"excerpt":{"rendered":"<p>Vous disposez des droits suivants en ce qui concerne l\u2019utilisation de vos donn\u00e9es personnelles : obtenir la confirmation que des donn\u00e9es vous concernant sont ou ne sont pas trait\u00e9es et, lorsqu\u2019elles le sont, l\u2019acc\u00e8s \u00e0 ces donn\u00e9es ainsi qu\u2019\u00e0 des informations sur ces traitements ; obtenir la rectification de donn\u00e9es inexactes ; obtenir l\u2019effacement de certaines de vos donn\u00e9es ; obtenir la limitation des traitements que nous r\u00e9alisons ; vous opposer au traitement de vos donn\u00e9es ; Si vous souhaitez exercer vos droits ou obtenir des informations sur les traitements de donn\u00e9es personnelles, contactez-nous sur cette adresse mail : Nous vous invitons \u00e0 joindre \u00e0 votre demande toute pi\u00e8ce permettant [&hellip;]<\/p>\n","protected":false},"author":1,"featured_media":0,"parent":0,"menu_order":0,"comment_status":"closed","ping_status":"closed","template":"","meta":{"footnotes":""},"class_list":["post-5157","page","type-page","status-publish","hentry"],"_links":{"self":[{"href":"https:\/\/libshop.fr\/ja\/wp-json\/wp\/v2\/pages\/5157","targetHints":{"allow":["GET"]}}],"collection":[{"href":"https:\/\/libshop.fr\/ja\/wp-json\/wp\/v2\/pages"}],"about":[{"href":"https:\/\/libshop.fr\/ja\/wp-json\/wp\/v2\/types\/page"}],"author":[{"embeddable":true,"href":"https:\/\/libshop.fr\/ja\/wp-json\/wp\/v2\/users\/1"}],"replies":[{"embeddable":true,"href":"https:\/\/libshop.fr\/ja\/wp-json\/wp\/v2\/comments?post=5157"}],"version-history":[{"count":3,"href":"https:\/\/libshop.fr\/ja\/wp-json\/wp\/v2\/pages\/5157\/revisions"}],"predecessor-version":[{"id":8349,"href":"https:\/\/libshop.fr\/ja\/wp-json\/wp\/v2\/pages\/5157\/revisions\/8349"}],"wp:attachment":[{"href":"https:\/\/libshop.fr\/ja\/wp-json\/wp\/v2\/media?parent=5157"}],"curies":[{"name":"\u3046\u30fc\u3093","href":"https:\/\/api.w.org\/{rel}","templated":true}]}}