{"id":4445,"date":"2021-04-18T18:44:47","date_gmt":"2021-04-18T16:44:47","guid":{"rendered":"https:\/\/libshop.fr\/?page_id=4445"},"modified":"2021-04-18T18:45:21","modified_gmt":"2021-04-18T16:45:21","slug":"%e3%83%97%e3%83%a9%e3%82%a4%e3%83%90%e3%82%b7%e3%83%bc%e3%83%9d%e3%83%aa%e3%82%b7%e3%83%bc","status":"publish","type":"page","link":"https:\/\/libshop.fr\/ja\/politique-de-confidentialite\/","title":{"rendered":"\u30d7\u30e9\u30a4\u30d0\u30b7\u30fc\u30dd\u30ea\u30b7\u30fc"},"content":{"rendered":"<div data-elementor-type=\"wp-page\" data-elementor-id=\"4445\" class=\"elementor elementor-4445\" data-elementor-post-type=\"page\">\n\t\t\t\t\t\t<section class=\"elementor-section elementor-top-section elementor-element elementor-element-a257d59 elementor-section-boxed elementor-section-height-default elementor-section-height-default\" data-id=\"a257d59\" data-element_type=\"section\" data-e-type=\"section\">\n\t\t\t\t\t\t<div class=\"elementor-container elementor-column-gap-default\">\n\t\t\t\t\t<div class=\"elementor-column elementor-col-16 elementor-top-column elementor-element elementor-element-94139a5\" data-id=\"94139a5\" data-element_type=\"column\" data-e-type=\"column\">\n\t\t\t<div class=\"elementor-widget-wrap\">\n\t\t\t\t\t\t\t<\/div>\n\t\t<\/div>\n\t\t\t\t<div class=\"elementor-column elementor-col-66 elementor-top-column elementor-element elementor-element-f38a1d8\" data-id=\"f38a1d8\" data-element_type=\"column\" data-e-type=\"column\">\n\t\t\t<div class=\"elementor-widget-wrap elementor-element-populated\">\n\t\t\t\t\t\t<div class=\"elementor-element elementor-element-3cc47dd elementor-widget elementor-widget-text-editor\" data-id=\"3cc47dd\" data-element_type=\"widget\" data-e-type=\"widget\" data-widget_type=\"text-editor.default\">\n\t\t\t\t<div class=\"elementor-widget-container\">\n\t\t\t\t\t\t\t\t\t<p>1.\u60c5\u5831\u53ce\u96c6<\/p><p>\u5f53\u793e\u306f\u3001\u304a\u5ba2\u69d8\u304c\u5f53\u793e\u30b5\u30a4\u30c8\u306b\u767b\u9332\u3059\u308b\u3068\u304d\u3001\u30a2\u30ab\u30a6\u30f3\u30c8\u306b\u30ed\u30b0\u30a4\u30f3\u3059\u308b\u3068\u304d\u3001\u8cfc\u5165\u3059\u308b\u3068\u304d\u3001\u30b3\u30f3\u30c6\u30b9\u30c8\u306b\u53c2\u52a0\u3059\u308b\u3068\u304d\u3001\u304a\u3088\u3073\/\u307e\u305f\u306f\u30ed\u30b0\u30a2\u30a6\u30c8\u3059\u308b\u3068\u304d\u306b\u60c5\u5831\u3092\u53ce\u96c6\u3057\u307e\u3059\u3002\u53ce\u96c6\u3055\u308c\u308b\u60c5\u5831\u306b\u306f\u3001\u304a\u5ba2\u69d8\u306e\u540d\u524d\u3001\u96fb\u5b50\u30e1\u30fc\u30eb \u30a2\u30c9\u30ec\u30b9\u3001\u96fb\u8a71\u756a\u53f7\u3001\u30af\u30ec\u30b8\u30c3\u30c8 \u30ab\u30fc\u30c9\u60c5\u5831\u304c\u542b\u307e\u308c\u307e\u3059\u3002<\/p><p>\u3055\u3089\u306b\u3001\u5f53\u793e\u306f\u3001\u304a\u5ba2\u69d8\u306e IP \u30a2\u30c9\u30ec\u30b9\u3001\u30bd\u30d5\u30c8\u30a6\u30a7\u30a2\u3068\u30cf\u30fc\u30c9\u30a6\u30a7\u30a2\u3001\u304a\u5ba2\u69d8\u304c\u8981\u6c42\u3057\u305f\u30da\u30fc\u30b8\u306a\u3069\u306e\u60c5\u5831\u3092\u304a\u5ba2\u69d8\u306e\u30b3\u30f3\u30d4\u30e5\u30fc\u30bf\u3068\u30d6\u30e9\u30a6\u30b6\u304b\u3089\u81ea\u52d5\u7684\u306b\u53d7\u4fe1\u3057\u3066\u4fdd\u5b58\u3057\u307e\u3059\u3002<\/p><p>2. \u60c5\u5831\u306e\u5229\u7528<\/p><p>\u5f53\u793e\u304c\u304a\u5ba2\u69d8\u304b\u3089\u53ce\u96c6\u3057\u305f\u60c5\u5831\u306f\u3001\u6b21\u306e\u76ee\u7684\u3067\u4f7f\u7528\u3055\u308c\u308b\u5834\u5408\u304c\u3042\u308a\u307e\u3059\u3002<\/p><p>\u30a8\u30af\u30b9\u30da\u30ea\u30a8\u30f3\u30b9\u3092\u30ab\u30b9\u30bf\u30de\u30a4\u30ba\u3057\u3001\u500b\u3005\u306e\u30cb\u30fc\u30ba\u306b\u5bfe\u5fdc\u3057\u307e\u3059<br \/>\u30d1\u30fc\u30bd\u30ca\u30e9\u30a4\u30ba\u3055\u308c\u305f\u5e83\u544a\u30b3\u30f3\u30c6\u30f3\u30c4\u3092\u63d0\u4f9b\u3059\u308b<br \/>\u30a6\u30a7\u30d6\u30b5\u30a4\u30c8\u3092\u6539\u5584\u3059\u308b<br \/>\u9867\u5ba2\u30b5\u30fc\u30d3\u30b9\u3068\u30b5\u30dd\u30fc\u30c8\u306e\u30cb\u30fc\u30ba\u3092\u5411\u4e0a\u3055\u305b\u308b<br \/>\u30e1\u30fc\u30eb\u3067\u3054\u9023\u7d61\u3057\u307e\u3059<br \/>\u30b3\u30f3\u30c6\u30b9\u30c8\u3001\u30d7\u30ed\u30e2\u30fc\u30b7\u30e7\u30f3\u3001\u307e\u305f\u306f\u30a2\u30f3\u30b1\u30fc\u30c8\u3092\u7ba1\u7406\u3059\u308b<\/p><p>3. \u30aa\u30f3\u30e9\u30a4\u30f3\u5546\u53d6\u5f15\u306e\u6a5f\u5bc6\u4fdd\u6301<\/p><p>\u5f53\u793e\u306f\u3001\u3053\u306e\u30b5\u30a4\u30c8\u3067\u53ce\u96c6\u3055\u308c\u305f\u60c5\u5831\u306e\u552f\u4e00\u306e\u6240\u6709\u8005\u3067\u3059\u3002\u304a\u5ba2\u69d8\u306e\u500b\u4eba\u60c5\u5831\u306f\u3001\u6ce8\u6587\u306e\u767a\u9001\u306a\u3069\u306e\u8981\u6c42\u304a\u3088\u3073\/\u307e\u305f\u306f\u53d6\u5f15\u3092\u9042\u884c\u3059\u308b\u305f\u3081\u306b\u5fc5\u8981\u306a\u5834\u5408\u3092\u9664\u304d\u3001\u3044\u304b\u306a\u308b\u7406\u7531\u3067\u3042\u3063\u3066\u3082\u3001\u304a\u5ba2\u69d8\u306e\u540c\u610f\u306a\u3057\u306b\u8ca9\u58f2\u3001\u4ea4\u63db\u3001\u8b72\u6e21\u3001\u307e\u305f\u306f\u4ed6\u793e\u306b\u63d0\u4f9b\u3055\u308c\u308b\u3053\u3068\u306f\u3042\u308a\u307e\u305b\u3093\u3002<\/p><p>4. \u7b2c\u4e09\u8005\u3078\u306e\u958b\u793a<\/p><p>\u5f53\u793e\u306f\u3001\u304a\u5ba2\u69d8\u306e\u500b\u4eba\u3092\u7279\u5b9a\u3067\u304d\u308b\u60c5\u5831\u3092\u7b2c\u4e09\u8005\u306b\u8ca9\u58f2\u3001\u53d6\u5f15\u3001\u8b72\u6e21\u3059\u308b\u3053\u3068\u306f\u3042\u308a\u307e\u305b\u3093\u3002\u3053\u308c\u306b\u306f\u3001\u5f53\u793e\u306e Web \u30b5\u30a4\u30c8\u306e\u904b\u55b6\u3084\u4e8b\u696d\u306e\u9042\u884c\u3092\u652f\u63f4\u3059\u308b\u4fe1\u983c\u3067\u304d\u308b\u7b2c\u4e09\u8005\u306f\u3001\u3053\u306e\u60c5\u5831\u306e\u6a5f\u5bc6\u4fdd\u6301\u306b\u540c\u610f\u3059\u308b\u9650\u308a\u542b\u307e\u308c\u307e\u305b\u3093\u3002<\/p><p>\u5f53\u793e\u306f\u3001\u9055\u6cd5\u884c\u70ba\u3001\u8a50\u6b3a\u306e\u7591\u3044\u3001\u4eba\u306e\u8eab\u4f53\u7684\u5b89\u5168\u306b\u5bfe\u3059\u308b\u6f5c\u5728\u7684\u306a\u8105\u5a01\u3092\u4f34\u3046\u72b6\u6cc1\u3001\u5f53\u793e\u306e\u5229\u7528\u898f\u7d04\u306e\u9055\u53cd\u3001\u307e\u305f\u306f\u6cd5\u5f8b\u3067\u7fa9\u52d9\u4ed8\u3051\u3089\u308c\u3066\u3044\u308b\u5834\u5408\u3092\u8abf\u67fb\u3001\u9632\u6b62\u3001\u307e\u305f\u306f\u63aa\u7f6e\u3092\u8b1b\u3058\u308b\u305f\u3081\u306b\u60c5\u5831\u3092\u5171\u6709\u3059\u308b\u3053\u3068\u304c\u5fc5\u8981\u3067\u3042\u308b\u3068\u8003\u3048\u3066\u3044\u307e\u3059\u3002<\/p><p>\u305f\u3060\u3057\u3001\u975e\u500b\u4eba\u60c5\u5831\u306f\u3001\u30de\u30fc\u30b1\u30c6\u30a3\u30f3\u30b0\u3001\u5e83\u544a\u3001\u307e\u305f\u306f\u305d\u306e\u4ed6\u306e\u7528\u9014\u306e\u305f\u3081\u306b\u4ed6\u306e\u5f53\u4e8b\u8005\u306b\u63d0\u4f9b\u3055\u308c\u308b\u5834\u5408\u304c\u3042\u308a\u307e\u3059\u3002<\/p><p>5. \u60c5\u5831\u306e\u4fdd\u8b77<\/p><p>\u5f53\u793e\u306f\u3001\u304a\u5ba2\u69d8\u306e\u500b\u4eba\u60c5\u5831\u306e\u5b89\u5168\u3092\u7dad\u6301\u3059\u308b\u305f\u3081\u306b\u3001\u3055\u307e\u3056\u307e\u306a\u30bb\u30ad\u30e5\u30ea\u30c6\u30a3\u5bfe\u7b56\u3092\u5b9f\u65bd\u3057\u3066\u3044\u307e\u3059\u3002\u30aa\u30f3\u30e9\u30a4\u30f3\u3067\u9001\u4fe1\u3055\u308c\u308b\u6a5f\u5bc6\u60c5\u5831\u3092\u4fdd\u8b77\u3059\u308b\u305f\u3081\u306b\u3001\u6700\u5148\u7aef\u306e\u6697\u53f7\u5316\u3092\u4f7f\u7528\u3057\u3066\u3044\u307e\u3059\u3002\u30aa\u30d5\u30e9\u30a4\u30f3\u3067\u3082\u304a\u5ba2\u69d8\u306e\u60c5\u5831\u3092\u4fdd\u8b77\u3057\u307e\u3059\u3002\u7279\u5b9a\u306e\u4ed5\u4e8b (\u8acb\u6c42\u3084\u9867\u5ba2\u30b5\u30fc\u30d3\u30b9\u306a\u3069) \u3092\u5b9f\u884c\u3059\u308b\u5fc5\u8981\u304c\u3042\u308b\u5f93\u696d\u54e1\u306e\u307f\u304c\u3001\u500b\u4eba\u3092\u7279\u5b9a\u3067\u304d\u308b\u60c5\u5831\u306b\u30a2\u30af\u30bb\u30b9\u3067\u304d\u307e\u3059\u3002\u500b\u4eba\u3092\u7279\u5b9a\u3067\u304d\u308b\u60c5\u5831\u3092\u4fdd\u5b58\u3059\u308b\u305f\u3081\u306b\u4f7f\u7528\u3055\u308c\u308b\u30b3\u30f3\u30d4\u30e5\u30fc\u30bf\u30fc\u3068\u30b5\u30fc\u30d0\u30fc\u306f\u3001\u5b89\u5168\u306a\u74b0\u5883\u306b\u4fdd\u7ba1\u3055\u308c\u307e\u3059\u3002<\/p><p>\u30af\u30c3\u30ad\u30fc\u3092\u4f7f\u7528\u3057\u307e\u3059\u304b?<\/p><p>\u306f\u3044\u3002\u5f53\u793e\u306e Cookie \u306b\u3088\u308a\u3001\u5f53\u793e\u30b5\u30a4\u30c8\u3078\u306e\u30a2\u30af\u30bb\u30b9\u304c\u5411\u4e0a\u3057\u3001\u518d\u8a2a\u554f\u8005\u304c\u8b58\u5225\u3055\u308c\u307e\u3059\u3002\u3055\u3089\u306b\u3001\u5f53\u793e\u306e Cookie \u306f\u30e6\u30fc\u30b6\u30fc\u306e\u8208\u5473\u3092\u8ffd\u8de1\u3057\u3001\u30bf\u30fc\u30b2\u30c3\u30c8\u3092\u7d5e\u308b\u3053\u3068\u3067\u30e6\u30fc\u30b6\u30fc \u30a8\u30af\u30b9\u30da\u30ea\u30a8\u30f3\u30b9\u3092\u5411\u4e0a\u3055\u305b\u307e\u3059\u3002\u305f\u3060\u3057\u3001\u3053\u306e Cookie \u306e\u4f7f\u7528\u306f\u3001\u5f53\u793e\u306e\u30b5\u30a4\u30c8\u4e0a\u306e\u500b\u4eba\u3092\u7279\u5b9a\u3067\u304d\u308b\u60c5\u5831\u306b\u30ea\u30f3\u30af\u3055\u308c\u308b\u3053\u3068\u306f\u3042\u308a\u307e\u305b\u3093\u3002<\/p><p>6. \u8cfc\u8aad\u3092\u89e3\u9664\u3059\u308b<\/p><p>\u5f53\u793e\u306f\u3001\u6ce8\u6587\u60c5\u5831\u3084\u6700\u65b0\u60c5\u5831\u3001\u4f01\u696d\u30cb\u30e5\u30fc\u30b9\u3001\u95a2\u9023\u88fd\u54c1\u60c5\u5831\u306a\u3069\u3092\u9001\u4fe1\u3059\u308b\u305f\u3081\u306b\u3001\u304a\u5ba2\u69d8\u304c\u63d0\u4f9b\u3057\u305f\u96fb\u5b50\u30e1\u30fc\u30eb \u30a2\u30c9\u30ec\u30b9\u3092\u4f7f\u7528\u3057\u307e\u3059\u3002\u4eca\u5f8c\u306e\u30e1\u30fc\u30eb\u306e\u53d7\u4fe1\u3092\u3044\u3064\u3067\u3082\u505c\u6b62\u3057\u305f\u3044\u5834\u5408\u306f\u3001\u5404\u30e1\u30fc\u30eb\u306e\u4e0b\u90e8\u306b\u8a73\u7d30\u306a\u914d\u4fe1\u505c\u6b62\u624b\u9806\u304c\u8a18\u8f09\u3055\u308c\u3066\u3044\u307e\u3059\u3002<\/p><p>7. \u540c\u610f<br \/>\u5f53\u793e\u306e\u30b5\u30a4\u30c8\u3092\u4f7f\u7528\u3059\u308b\u3068\u3001\u5f53\u793e\u306e\u30d7\u30e9\u30a4\u30d0\u30b7\u30fc \u30dd\u30ea\u30b7\u30fc\u306b\u540c\u610f\u3057\u305f\u3082\u306e\u3068\u307f\u306a\u3055\u308c\u307e\u3059\u3002<\/p>\t\t\t\t\t\t\t\t<\/div>\n\t\t\t\t<\/div>\n\t\t\t\t\t<\/div>\n\t\t<\/div>\n\t\t\t\t<div class=\"elementor-column elementor-col-16 elementor-top-column elementor-element elementor-element-2412248\" data-id=\"2412248\" data-element_type=\"column\" data-e-type=\"column\">\n\t\t\t<div class=\"elementor-widget-wrap\">\n\t\t\t\t\t\t\t<\/div>\n\t\t<\/div>\n\t\t\t\t\t<\/div>\n\t\t<\/section>\n\t\t\t\t<\/div>","protected":false},"excerpt":{"rendered":"<p>1.Collecte de l\u2019information Nous recueillons des informations lorsque vous vous inscrivez sur notre site, lorsque vous vous connectez \u00e0 votre compte, faites un achat, participez \u00e0 un concours, et \/ ou lorsque vous vous d\u00e9connectez. Les informations recueillies incluent votre nom, votre adresse e-mail, num\u00e9ro de t\u00e9l\u00e9phone, et \/ ou carte de cr\u00e9dit. En outre, nous recevons et enregistrons automatiquement des informations \u00e0 partir de votre ordinateur et navigateur, y compris votre adresse IP, vos logiciels et votre mat\u00e9riel, et la page que vous demandez. 2. Utilisation des informations Toute les informations que nous recueillons aupr\u00e8s de vous peuvent \u00eatre utilis\u00e9es pour : Personnaliser votre exp\u00e9rience et r\u00e9pondre \u00e0 vos [&hellip;]<\/p>\n","protected":false},"author":1,"featured_media":0,"parent":0,"menu_order":0,"comment_status":"closed","ping_status":"closed","template":"","meta":{"footnotes":""},"class_list":["post-4445","page","type-page","status-publish","hentry"],"_links":{"self":[{"href":"https:\/\/libshop.fr\/ja\/wp-json\/wp\/v2\/pages\/4445","targetHints":{"allow":["GET"]}}],"collection":[{"href":"https:\/\/libshop.fr\/ja\/wp-json\/wp\/v2\/pages"}],"about":[{"href":"https:\/\/libshop.fr\/ja\/wp-json\/wp\/v2\/types\/page"}],"author":[{"embeddable":true,"href":"https:\/\/libshop.fr\/ja\/wp-json\/wp\/v2\/users\/1"}],"replies":[{"embeddable":true,"href":"https:\/\/libshop.fr\/ja\/wp-json\/wp\/v2\/comments?post=4445"}],"version-history":[{"count":4,"href":"https:\/\/libshop.fr\/ja\/wp-json\/wp\/v2\/pages\/4445\/revisions"}],"predecessor-version":[{"id":4449,"href":"https:\/\/libshop.fr\/ja\/wp-json\/wp\/v2\/pages\/4445\/revisions\/4449"}],"wp:attachment":[{"href":"https:\/\/libshop.fr\/ja\/wp-json\/wp\/v2\/media?parent=4445"}],"curies":[{"name":"\u3046\u30fc\u3093","href":"https:\/\/api.w.org\/{rel}","templated":true}]}}