{"id":5097,"date":"2021-04-28T19:24:26","date_gmt":"2021-04-28T17:24:26","guid":{"rendered":"https:\/\/libshop.fr\/?page_id=5097"},"modified":"2021-05-12T14:28:17","modified_gmt":"2021-05-12T12:28:17","slug":"termini-di-servizio","status":"publish","type":"page","link":"https:\/\/libshop.fr\/it\/terms-of-services\/","title":{"rendered":"Termini di servizio"},"content":{"rendered":"<h1>Termini e condizioni d&#039;uso del sito web<\/h1>\n<h2>1.Termini<\/h2>\n<p>Accedendo a questo sito Web, accessibile da https:\/\/libshop.fr, accetti di essere vincolato dai presenti Termini e condizioni d&#039;uso del sito Web e accetti di essere responsabile dell&#039;accordo con qualsiasi legge locale applicabile. Se non sei d&#039;accordo con uno qualsiasi di questi termini, ti \u00e8 proibito l&#039;accesso a questo sito. I materiali contenuti in questo sito Web sono protetti dal diritto d&#039;autore e dalla legge sui marchi.<\/p>\n<h2>2.Licenza d&#039;uso<\/h2>\n<p>\u00c8 concesso il permesso di scaricare temporaneamente una copia dei materiali sul sito Web di Libshop solo per la visualizzazione transitoria personale e non commerciale. Questa \u00e8 la concessione di una licenza, non un trasferimento di propriet\u00e0, e in base a questa licenza non puoi:<\/p>\n<ul>\n<li>modificare o copiare i materiali;<\/li>\n<li>utilizzare i materiali per qualsiasi scopo commerciale o per qualsiasi visualizzazione pubblica;<\/li>\n<li>tentare di decodificare qualsiasi software contenuto nel sito web di Libshop;<\/li>\n<li>rimuovere qualsiasi copyright o altre notazioni proprietarie dai materiali; oro<\/li>\n<li>trasferire i materiali a un&#039;altra persona o &quot;rispecchiare&quot; i materiali su qualsiasi altro server.<\/li>\n<\/ul>\n<p>Ci\u00f2 consentir\u00e0 a Libshop di terminare in caso di violazione di una qualsiasi di queste restrizioni. In caso di cessazione, anche il tuo diritto di visione verr\u00e0 interrotto e dovrai distruggere qualsiasi materiale scaricato in tuo possesso, sia esso in formato cartaceo o elettronico.<\/p>\n<h2>3. Dichiarazione di non responsabilit\u00e0<\/h2>\n<p>Tutti i materiali sul sito Web di Libshop sono forniti &quot;cos\u00ec come sono&quot;. Libshop non fornisce alcuna garanzia, espressa o implicita, pertanto nega tutte le altre garanzie. Inoltre, Libshop non rilascia alcuna dichiarazione in merito all&#039;accuratezza o all&#039;affidabilit\u00e0 dell&#039;uso dei materiali sul proprio sito Web o comunque in relazione a tali materiali oa qualsiasi sito collegato a questo sito Web.<\/p>\n<h2>4. Restrizioni<\/h2>\n<p>Libshop o i suoi fornitori non saranno ritenuti responsabili per eventuali danni derivanti dall&#039;uso o dall&#039;impossibilit\u00e0 di utilizzare i materiali sul sito Web di Libshop, anche se Libshop o un rappresentante autorizzato di questo sito Web \u00e8 stato informato, oralmente o per iscritto, della possibilit\u00e0 di tale danno. Alcune giurisdizioni non consentono limitazioni alle garanzie implicite o limitazioni di responsabilit\u00e0 per danni accidentali, queste limitazioni potrebbero non essere applicabili all&#039;utente.<\/p>\n<h2>5. Revisioni ed Errata<\/h2>\n<p>I materiali che appaiono sul sito Web di Libshop possono includere errori tecnici, tipografici o fotografici. Libshop non garantisce che nessuno dei materiali in questo sito Web sia accurato, completo o aggiornato. Libshop pu\u00f2 modificare i materiali contenuti nel proprio sito Web in qualsiasi momento senza preavviso. La Pause Info non si impegna ad aggiornare i materiali.<\/p>\n<h2>6.Collegamenti<\/h2>\n<p>Libshop non ha esaminato tutti i siti collegati al suo sito Web e non \u00e8 responsabile per i contenuti di tali siti collegati. La presenza di qualsiasi collegamento non implica l&#039;approvazione da parte di Libshop del sito. L&#039;utilizzo di qualsiasi sito Web collegato \u00e8 a rischio dell&#039;utente.<\/p>\n<h2>7. Modifiche ai termini di utilizzo del sito<\/h2>\n<p>Libshop pu\u00f2 rivedere le presenti Condizioni d&#039;uso per il proprio sito Web in qualsiasi momento senza preavviso. Utilizzando questo sito Web, accetti di essere vincolato dalla versione corrente di questi Termini e condizioni d&#039;uso.<\/p>\n<h2>8. La tua privacy<\/h2>\n<p>Si prega di leggere la nostra informativa sulla privacy.<\/p>\n<h2>9. Legge applicabile<\/h2>\n<p>Qualsiasi reclamo relativo al sito Web di Libshop sar\u00e0 regolato dalle leggi di fr senza riguardo alle disposizioni sui conflitti di legge.<\/p>","protected":false},"excerpt":{"rendered":"<p>Website Terms and Conditions of Use 1. Terms By accessing this Website, accessible from https:\/\/libshop.fr, you are agreeing to be bound by these Website Terms and Conditions of Use and agree that you are responsible for the agreement with any applicable local laws. If you disagree with any of these terms, you are prohibited from [&hellip;]<\/p>\n","protected":false},"author":1,"featured_media":0,"parent":0,"menu_order":0,"comment_status":"closed","ping_status":"closed","template":"","meta":{"footnotes":""},"class_list":["post-5097","page","type-page","status-publish","hentry"],"_links":{"self":[{"href":"https:\/\/libshop.fr\/it\/wp-json\/wp\/v2\/pages\/5097","targetHints":{"allow":["GET"]}}],"collection":[{"href":"https:\/\/libshop.fr\/it\/wp-json\/wp\/v2\/pages"}],"about":[{"href":"https:\/\/libshop.fr\/it\/wp-json\/wp\/v2\/types\/page"}],"author":[{"embeddable":true,"href":"https:\/\/libshop.fr\/it\/wp-json\/wp\/v2\/users\/1"}],"replies":[{"embeddable":true,"href":"https:\/\/libshop.fr\/it\/wp-json\/wp\/v2\/comments?post=5097"}],"version-history":[{"count":3,"href":"https:\/\/libshop.fr\/it\/wp-json\/wp\/v2\/pages\/5097\/revisions"}],"predecessor-version":[{"id":5156,"href":"https:\/\/libshop.fr\/it\/wp-json\/wp\/v2\/pages\/5097\/revisions\/5156"}],"wp:attachment":[{"href":"https:\/\/libshop.fr\/it\/wp-json\/wp\/v2\/media?parent=5097"}],"curies":[{"name":"wp","href":"https:\/\/api.w.org\/{rel}","templated":true}]}}