{"id":4445,"date":"2021-04-18T18:44:47","date_gmt":"2021-04-18T16:44:47","guid":{"rendered":"https:\/\/libshop.fr\/?page_id=4445"},"modified":"2021-04-18T18:45:21","modified_gmt":"2021-04-18T16:45:21","slug":"politica-sulla-riservatezza","status":"publish","type":"page","link":"https:\/\/libshop.fr\/it\/politique-de-confidentialite\/","title":{"rendered":"politica sulla riservatezza"},"content":{"rendered":"<div data-elementor-type=\"wp-page\" data-elementor-id=\"4445\" class=\"elementor elementor-4445\" data-elementor-post-type=\"page\">\n\t\t\t\t\t\t<section class=\"elementor-section elementor-top-section elementor-element elementor-element-a257d59 elementor-section-boxed elementor-section-height-default elementor-section-height-default\" data-id=\"a257d59\" data-element_type=\"section\" data-e-type=\"section\">\n\t\t\t\t\t\t<div class=\"elementor-container elementor-column-gap-default\">\n\t\t\t\t\t<div class=\"elementor-column elementor-col-16 elementor-top-column elementor-element elementor-element-94139a5\" data-id=\"94139a5\" data-element_type=\"column\" data-e-type=\"column\">\n\t\t\t<div class=\"elementor-widget-wrap\">\n\t\t\t\t\t\t\t<\/div>\n\t\t<\/div>\n\t\t\t\t<div class=\"elementor-column elementor-col-66 elementor-top-column elementor-element elementor-element-f38a1d8\" data-id=\"f38a1d8\" data-element_type=\"column\" data-e-type=\"column\">\n\t\t\t<div class=\"elementor-widget-wrap elementor-element-populated\">\n\t\t\t\t\t\t<div class=\"elementor-element elementor-element-3cc47dd elementor-widget elementor-widget-text-editor\" data-id=\"3cc47dd\" data-element_type=\"widget\" data-e-type=\"widget\" data-widget_type=\"text-editor.default\">\n\t\t\t\t<div class=\"elementor-widget-container\">\n\t\t\t\t\t\t\t\t\t<p>1.Raccolta di informazioni<\/p><p>Raccogliamo informazioni quando ti registri sul nostro sito, accedi al tuo account, effettui un acquisto, partecipi a un concorso e\/o esci. Le informazioni raccolte includono nome, indirizzo e-mail, numero di telefono e\/o informazioni sulla carta di credito.<\/p><p>Inoltre, riceviamo e memorizziamo automaticamente le informazioni dal tuo computer e browser, incluso il tuo indirizzo IP, il software e l&#039;hardware e la pagina richiesta.<\/p><p>2. Uso delle informazioni<\/p><p>Qualsiasi informazione che raccogliamo da te pu\u00f2 essere utilizzata per:<\/p><p>Personalizza la tua esperienza e soddisfa le tue esigenze individuali<br \/>Fornire contenuti pubblicitari personalizzati<br \/>Migliora il nostro sito web<br \/>Migliora il servizio clienti e le tue esigenze di supporto<br \/>Contattarti via e-mail<br \/>Gestire un concorso, una promozione o un sondaggio<\/p><p>3. Riservatezza del commercio online<\/p><p>Siamo gli unici proprietari delle informazioni raccolte su questo sito. Le tue informazioni personali non saranno vendute, scambiate, trasferite o fornite a un&#039;altra societ\u00e0 per nessun motivo, senza il tuo consenso, se non per quanto necessario per soddisfare una richiesta e\/o transazione, come la spedizione di un ordine.<\/p><p>4. Comunicazione a terzi<\/p><p>Non vendiamo, scambiamo o trasferiamo le tue informazioni di identificazione personale a terzi. Ci\u00f2 non include terze parti fidate che ci assistono nella gestione del nostro sito Web o nella conduzione della nostra attivit\u00e0, a condizione che tali parti accettino di mantenere riservate queste informazioni.<\/p><p>Riteniamo che sia necessario condividere le informazioni al fine di indagare, prevenire o intraprendere azioni riguardanti attivit\u00e0 illegali, sospetta frode, situazioni che comportano potenziali minacce alla sicurezza fisica di qualsiasi persona, violazioni dei nostri termini di utilizzo o quando richiesto dalla legge.<\/p><p>Le informazioni non private, tuttavia, possono essere fornite ad altre parti per marketing, pubblicit\u00e0 o altri usi.<\/p><p>5. Protezione delle informazioni<\/p><p>Implementiamo una serie di misure di sicurezza per mantenere la sicurezza delle tue informazioni personali. Utilizziamo la crittografia all&#039;avanguardia per proteggere le informazioni sensibili trasmesse online. Proteggiamo anche le tue informazioni offline. Solo i dipendenti che devono svolgere un lavoro specifico (ad esempio, fatturazione o servizio clienti) hanno accesso alle informazioni di identificazione personale. I computer e i server utilizzati per archiviare le informazioni di identificazione personale sono conservati in un ambiente sicuro.<\/p><p>Utilizziamo i cookie?<\/p><p>S\u00cc. I nostri cookie migliorano l&#039;accesso al nostro sito e identificano i visitatori abituali. Inoltre, i nostri cookie migliorano l&#039;esperienza dell&#039;utente monitorando e mirando ai suoi interessi. Tuttavia, questo uso dei cookie non \u00e8 in alcun modo collegato ad alcuna informazione di identificazione personale sul nostro sito.<\/p><p>6. Annulla l&#039;iscrizione<\/p><p>Utilizziamo l&#039;indirizzo e-mail che fornisci per inviarti informazioni sugli ordini e aggiornamenti, notizie aziendali occasionali, informazioni sui prodotti correlati e altro ancora. Se in qualsiasi momento desideri annullare l&#039;iscrizione alla ricezione di ulteriori e-mail, le istruzioni dettagliate per l&#039;annullamento dell&#039;iscrizione sono incluse nella parte inferiore di ogni e-mail.<\/p><p>7. Consenso<br \/>Utilizzando il nostro sito, acconsenti alla nostra politica sulla privacy.<\/p>\t\t\t\t\t\t\t\t<\/div>\n\t\t\t\t<\/div>\n\t\t\t\t\t<\/div>\n\t\t<\/div>\n\t\t\t\t<div class=\"elementor-column elementor-col-16 elementor-top-column elementor-element elementor-element-2412248\" data-id=\"2412248\" data-element_type=\"column\" data-e-type=\"column\">\n\t\t\t<div class=\"elementor-widget-wrap\">\n\t\t\t\t\t\t\t<\/div>\n\t\t<\/div>\n\t\t\t\t\t<\/div>\n\t\t<\/section>\n\t\t\t\t<\/div>","protected":false},"excerpt":{"rendered":"<p>1.Collecte de l\u2019information Nous recueillons des informations lorsque vous vous inscrivez sur notre site, lorsque vous vous connectez \u00e0 votre compte, faites un achat, participez \u00e0 un concours, et \/ ou lorsque vous vous d\u00e9connectez. Les informations recueillies incluent votre nom, votre adresse e-mail, num\u00e9ro de t\u00e9l\u00e9phone, et \/ ou carte de cr\u00e9dit. En outre, [&hellip;]<\/p>\n","protected":false},"author":1,"featured_media":0,"parent":0,"menu_order":0,"comment_status":"closed","ping_status":"closed","template":"","meta":{"footnotes":""},"class_list":["post-4445","page","type-page","status-publish","hentry"],"_links":{"self":[{"href":"https:\/\/libshop.fr\/it\/wp-json\/wp\/v2\/pages\/4445","targetHints":{"allow":["GET"]}}],"collection":[{"href":"https:\/\/libshop.fr\/it\/wp-json\/wp\/v2\/pages"}],"about":[{"href":"https:\/\/libshop.fr\/it\/wp-json\/wp\/v2\/types\/page"}],"author":[{"embeddable":true,"href":"https:\/\/libshop.fr\/it\/wp-json\/wp\/v2\/users\/1"}],"replies":[{"embeddable":true,"href":"https:\/\/libshop.fr\/it\/wp-json\/wp\/v2\/comments?post=4445"}],"version-history":[{"count":4,"href":"https:\/\/libshop.fr\/it\/wp-json\/wp\/v2\/pages\/4445\/revisions"}],"predecessor-version":[{"id":4449,"href":"https:\/\/libshop.fr\/it\/wp-json\/wp\/v2\/pages\/4445\/revisions\/4449"}],"wp:attachment":[{"href":"https:\/\/libshop.fr\/it\/wp-json\/wp\/v2\/media?parent=4445"}],"curies":[{"name":"wp","href":"https:\/\/api.w.org\/{rel}","templated":true}]}}