{"id":5157,"date":"2021-05-12T14:34:39","date_gmt":"2021-05-12T12:34:39","guid":{"rendered":"https:\/\/libshop.fr\/?page_id=5157"},"modified":"2024-01-04T10:43:24","modified_gmt":"2024-01-04T09:43:24","slug":"borrado-de-datos","status":"publish","type":"page","link":"https:\/\/libshop.fr\/es\/suppression-des-donnees\/","title":{"rendered":"Eliminaci\u00f3n de datos"},"content":{"rendered":"<p>Tiene los siguientes derechos con respecto al uso de sus datos personales:<\/p>\n<ul>\n<li>obtener confirmaci\u00f3n de que los datos que le conciernen est\u00e1n o no est\u00e1n siendo tratados y, cuando lo est\u00e9, acceder a estos datos, as\u00ed como a la informaci\u00f3n sobre este tratamiento;<\/li>\n<li>obtener la rectificaci\u00f3n de los datos inexactos;<\/li>\n<li>obtener la eliminaci\u00f3n de algunos de sus datos;<\/li>\n<li>obtener la limitaci\u00f3n del tratamiento que realizamos;<\/li>\n<li>oponerse al tratamiento de sus datos;<\/li>\n<\/ul>\n<p>Si desea ejercer sus derechos u obtener informaci\u00f3n sobre el tratamiento de datos personales, p\u00f3ngase en contacto con nosotros en esta direcci\u00f3n de correo electr\u00f3nico:<\/p>\n<p><img decoding=\"async\" class=\"alignnone size-full\" src=\"https:\/\/libshop.fr\/wp-content\/uploads\/2021\/04\/contact-libshop-mail.png\" width=\"380\" height=\"50\" alt=\"|\" title=\"-\"><\/p>\n<p>Lo invitamos a adjuntar a su solicitud cualquier documento que justifique su identidad y los m\u00e9ritos de su solicitud.<\/p>","protected":false},"excerpt":{"rendered":"<p>Vous disposez des droits suivants en ce qui concerne l\u2019utilisation de vos donn\u00e9es personnelles : obtenir la confirmation que des donn\u00e9es vous concernant sont ou ne sont pas trait\u00e9es et, lorsqu\u2019elles le sont, l\u2019acc\u00e8s \u00e0 ces donn\u00e9es ainsi qu\u2019\u00e0 des informations sur ces traitements ; obtenir la rectification de donn\u00e9es inexactes ; obtenir l\u2019effacement de [&hellip;]<\/p>\n","protected":false},"author":1,"featured_media":0,"parent":0,"menu_order":0,"comment_status":"closed","ping_status":"closed","template":"","meta":{"footnotes":""},"class_list":["post-5157","page","type-page","status-publish","hentry"],"_links":{"self":[{"href":"https:\/\/libshop.fr\/es\/wp-json\/wp\/v2\/pages\/5157","targetHints":{"allow":["GET"]}}],"collection":[{"href":"https:\/\/libshop.fr\/es\/wp-json\/wp\/v2\/pages"}],"about":[{"href":"https:\/\/libshop.fr\/es\/wp-json\/wp\/v2\/types\/page"}],"author":[{"embeddable":true,"href":"https:\/\/libshop.fr\/es\/wp-json\/wp\/v2\/users\/1"}],"replies":[{"embeddable":true,"href":"https:\/\/libshop.fr\/es\/wp-json\/wp\/v2\/comments?post=5157"}],"version-history":[{"count":3,"href":"https:\/\/libshop.fr\/es\/wp-json\/wp\/v2\/pages\/5157\/revisions"}],"predecessor-version":[{"id":8349,"href":"https:\/\/libshop.fr\/es\/wp-json\/wp\/v2\/pages\/5157\/revisions\/8349"}],"wp:attachment":[{"href":"https:\/\/libshop.fr\/es\/wp-json\/wp\/v2\/media?parent=5157"}],"curies":[{"name":"wp","href":"https:\/\/api.w.org\/{rel}","templated":true}]}}