{"id":5097,"date":"2021-04-28T19:24:26","date_gmt":"2021-04-28T17:24:26","guid":{"rendered":"https:\/\/libshop.fr\/?page_id=5097"},"modified":"2021-05-12T14:28:17","modified_gmt":"2021-05-12T12:28:17","slug":"terminos-de-servicios","status":"publish","type":"page","link":"https:\/\/libshop.fr\/es\/terms-of-services\/","title":{"rendered":"T\u00e9rminos de servicios"},"content":{"rendered":"<h1>T\u00e9rminos y condiciones de uso del sitio web<\/h1>\n<h2>1.T\u00e9rminos<\/h2>\n<p>Al acceder a este sitio web, accesible desde https:\/\/libshop.fr, usted acepta estar sujeto a estos T\u00e9rminos y condiciones de uso del sitio web y acepta que es responsable del acuerdo con las leyes locales aplicables. Si no est\u00e1 de acuerdo con alguno de estos t\u00e9rminos, tiene prohibido acceder a este sitio. Los materiales contenidos en este sitio web est\u00e1n protegidos por derechos de autor y leyes de marcas comerciales.<\/p>\n<h2>2. Licencia de uso<\/h2>\n<p>Se otorga permiso para descargar temporalmente una copia de los materiales en el sitio web de Libshop solo para visualizaci\u00f3n transitoria personal y no comercial. Esta es la concesi\u00f3n de una licencia, no una transferencia de t\u00edtulo, y bajo esta licencia no puede:<\/p>\n<ul>\n<li>modificar o copiar los materiales;<\/li>\n<li>usar los materiales para cualquier prop\u00f3sito comercial o para cualquier exhibici\u00f3n p\u00fablica;<\/li>\n<li>intentar aplicar ingenier\u00eda inversa a cualquier software contenido en el sitio web de Libshop;<\/li>\n<li>eliminar cualquier derecho de autor u otras anotaciones de propiedad de los materiales; oro<\/li>\n<li>transferir los materiales a otra persona o &quot;duplicar&quot; los materiales en cualquier otro servidor.<\/li>\n<\/ul>\n<p>Esto permitir\u00e1 que Libshop rescinda las violaciones de cualquiera de estas restricciones. Tras la rescisi\u00f3n, su derecho de visualizaci\u00f3n tambi\u00e9n se rescindir\u00e1 y deber\u00e1 destruir cualquier material descargado que tenga en su poder, ya sea en formato impreso o electr\u00f3nico.<\/p>\n<h2>3. Descargo de responsabilidad<\/h2>\n<p>Todos los materiales en el sitio web de Libshop se proporcionan &quot;tal cual&quot;. Libshop no ofrece ninguna garant\u00eda, ya sea expresa o impl\u00edcita, por lo que niega todas las dem\u00e1s garant\u00edas. Adem\u00e1s, Libshop no hace ninguna representaci\u00f3n con respecto a la precisi\u00f3n o confiabilidad del uso de los materiales en su sitio web o en relaci\u00f3n con dichos materiales o cualquier sitio vinculado a este sitio web.<\/p>\n<h2>4. Restricciones<\/h2>\n<p>Libshop o sus proveedores no ser\u00e1n responsables de ning\u00fan da\u00f1o que surja con el uso o la imposibilidad de usar los materiales en el sitio web de Libshop, incluso si Libshop o un representante autorizado de este sitio web ha sido notificado, oralmente o por escrito, de la posibilidad de tal da\u00f1o. Algunas jurisdicciones no permiten limitaciones en garant\u00edas impl\u00edcitas o limitaciones de responsabilidad por da\u00f1os incidentales, estas limitaciones pueden no aplicarse a usted.<\/p>\n<h2>5. Revisiones y Erratas<\/h2>\n<p>Los materiales que aparecen en el sitio web de Libshop pueden incluir errores t\u00e9cnicos, tipogr\u00e1ficos o fotogr\u00e1ficos. Libshop no promete que ninguno de los materiales en este sitio web sea preciso, completo o actual. Libshop puede cambiar los materiales contenidos en su sitio web en cualquier momento sin previo aviso. La Pause Info no se compromete a actualizar los materiales.<\/p>\n<h2>6.Enlaces<\/h2>\n<p>Libshop no ha revisado todos los sitios vinculados a su sitio web y no es responsable de los contenidos de dichos sitios vinculados. La presencia de cualquier enlace no implica aprobaci\u00f3n por parte de Libshop del sitio. El uso de cualquier sitio web vinculado es por cuenta y riesgo del usuario.<\/p>\n<h2>7. Cambios en los t\u00e9rminos de uso del sitio<\/h2>\n<p>Libshop puede revisar estos T\u00e9rminos de uso de su sitio web en cualquier momento sin previo aviso. Al usar este sitio web, usted acepta estar sujeto a la versi\u00f3n actual de estos T\u00e9rminos y condiciones de uso.<\/p>\n<h2>8. Su privacidad<\/h2>\n<p>Por favor, lea nuestra Pol\u00edtica de Privacidad.<\/p>\n<h2>9. Ley aplicable<\/h2>\n<p>Cualquier reclamo relacionado con el sitio web de Libshop se regir\u00e1 por las leyes de fr sin tener en cuenta las disposiciones sobre conflictos de leyes.<\/p>","protected":false},"excerpt":{"rendered":"<p>Website Terms and Conditions of Use 1. Terms By accessing this Website, accessible from https:\/\/libshop.fr, you are agreeing to be bound by these Website Terms and Conditions of Use and agree that you are responsible for the agreement with any applicable local laws. If you disagree with any of these terms, you are prohibited from [&hellip;]<\/p>\n","protected":false},"author":1,"featured_media":0,"parent":0,"menu_order":0,"comment_status":"closed","ping_status":"closed","template":"","meta":{"footnotes":""},"class_list":["post-5097","page","type-page","status-publish","hentry"],"_links":{"self":[{"href":"https:\/\/libshop.fr\/es\/wp-json\/wp\/v2\/pages\/5097","targetHints":{"allow":["GET"]}}],"collection":[{"href":"https:\/\/libshop.fr\/es\/wp-json\/wp\/v2\/pages"}],"about":[{"href":"https:\/\/libshop.fr\/es\/wp-json\/wp\/v2\/types\/page"}],"author":[{"embeddable":true,"href":"https:\/\/libshop.fr\/es\/wp-json\/wp\/v2\/users\/1"}],"replies":[{"embeddable":true,"href":"https:\/\/libshop.fr\/es\/wp-json\/wp\/v2\/comments?post=5097"}],"version-history":[{"count":3,"href":"https:\/\/libshop.fr\/es\/wp-json\/wp\/v2\/pages\/5097\/revisions"}],"predecessor-version":[{"id":5156,"href":"https:\/\/libshop.fr\/es\/wp-json\/wp\/v2\/pages\/5097\/revisions\/5156"}],"wp:attachment":[{"href":"https:\/\/libshop.fr\/es\/wp-json\/wp\/v2\/media?parent=5097"}],"curies":[{"name":"wp","href":"https:\/\/api.w.org\/{rel}","templated":true}]}}