{"id":10999,"date":"2025-06-20T18:15:04","date_gmt":"2025-06-20T16:15:04","guid":{"rendered":"https:\/\/libshop.fr\/?page_id=10999"},"modified":"2025-06-20T18:27:10","modified_gmt":"2025-06-20T16:27:10","slug":"acerca-de-libshop","status":"publish","type":"page","link":"https:\/\/libshop.fr\/es\/a-propos-de-libshop\/","title":{"rendered":"Acerca de Libshop, un concepto de cocina mediterr\u00e1nea saludable y deliciosa en Par\u00eds"},"content":{"rendered":"<p><strong>biblioteca<\/strong>\u00a0es una se\u00f1al de\u00a0<strong>restaurante liban\u00e9s<\/strong>\u00a0creativo y cualitativo para\u00a0<strong>Par\u00eds<\/strong>. Ya sea por un <strong>almuerzo<\/strong> r\u00e1pido, uno <strong>cena<\/strong> uno a uno o uno <strong>comida amistosa con amigos<\/strong>, <strong>Libshop es el restaurante ideal<\/strong> para una comida <strong>saludable y delicioso<\/strong>.<\/p>\n<p>Podr\u00e1s descubrir nuestros restaurantes <strong>en el sitio<\/strong> A <strong><a href=\"https:\/\/libshop.fr\/es\/restaurantes\/libshop-paris-1\/\">Par\u00eds 1<\/a>\u00a0<\/strong><em>(Entre Ch\u00e2telet-les-Halles y Etienne Marcel) y<\/em>\u00a0<strong><a href=\"https:\/\/libshop.fr\/es\/restaurantes\/libreria-paris-13\/\">Par\u00eds 13<\/a><\/strong>\u00a0<em>(Biblioteca Fran\u00e7ois Mitterrand). <\/em>Para aquellos que tienen prisa, Libshop solo est\u00e1 disponible a la hora del almuerzo para llevar.\u00a0<strong><a href=\"https:\/\/libshop.fr\/es\/restaurantes\/libreria-paris-8\/\">Par\u00eds 8<\/a><\/strong>\u00a0<em>(Entre Bo\u00e9tie y Saint-Philippe du Roule)<\/em>, Y\u00a0<strong><a href=\"https:\/\/libshop.fr\/es\/restaurantes\/libreria-paris-9\/\">Par\u00eds 9<\/a><\/strong>\u00a0<em>(El Peletier).<\/em> Y para el <strong>Entrega y Click&amp;Collect<\/strong>, vaya directamente a <a href=\"https:\/\/commande.libshop.fr\" target=\"_blank\" rel=\"noopener\"><strong>la aplicaci\u00f3n libshop<\/strong><\/a>.<\/p>\n<p>Desde hace m\u00e1s de 10 a\u00f1os, nos hemos especializado en la fabricaci\u00f3n artesanal de\u00a0<strong>Mezzes, shawarma, falafel, platos y pasteles de inspiraci\u00f3n libanesa y mediterr\u00e1nea<\/strong>, entre\u00a0<strong>tradici\u00f3n y modernidad<\/strong>Hemos desarrollado\u00a0<strong>recetas \u00fanicas,<\/strong> y que son espec\u00edficas para nosotros.<\/p>\n<p>Somos\u00a0<strong>apasionado<\/strong>\u00a0por el\u00a0<strong>Cocina mediterr\u00e1nea en sentido amplio<\/strong>, y por las preguntas de\u00a0<strong>salud y longevidad<\/strong>Adem\u00e1s, aprovechamos\u00a0<strong><a href=\"https:\/\/libshop.fr\/es\/salud\/\">nuestro conocimiento de la nutrici\u00f3n<\/a><\/strong>\u00a0para que nuestras recetas sean las m\u00e1s\u00a0<strong>saludable<\/strong>\u00a0Y lo m\u00e1s\u00a0<strong>nutritivo<\/strong>\u00a0posible.<\/p>\n<div id='gallery-1' class='gallery galleryid-10999 gallery-columns-3 gallery-size-medium'><figure class='gallery-item'>\n\t\t\t<div class='gallery-icon portrait'>\n\t\t\t\t<img fetchpriority=\"high\" decoding=\"async\" width=\"640\" height=\"853\" src=\"https:\/\/libshop.fr\/wp-content\/uploads\/2022\/04\/IMG_0422-640x853.jpg\" class=\"attachment-medium size-medium\" alt=\"|\" aria-describedby=\"gallery-1-6031\" srcset=\"https:\/\/libshop.fr\/wp-content\/uploads\/2022\/04\/IMG_0422-640x853.jpg 640w, https:\/\/libshop.fr\/wp-content\/uploads\/2022\/04\/IMG_0422-scaled.jpg 1920w, https:\/\/libshop.fr\/wp-content\/uploads\/2022\/04\/IMG_0422-768x1024.jpg 768w, https:\/\/libshop.fr\/wp-content\/uploads\/2022\/04\/IMG_0422-1152x1536.jpg 1152w, https:\/\/libshop.fr\/wp-content\/uploads\/2022\/04\/IMG_0422-1536x2048.jpg 1536w, https:\/\/libshop.fr\/wp-content\/uploads\/2022\/04\/IMG_0422-1320x1760.jpg 1320w\" sizes=\"(max-width: 640px) 100vw, 640px\" title=\"-\">\n\t\t\t<\/div>\n\t\t\t\t<figcaption class='wp-caption-text gallery-caption' id='gallery-1-6031'>\n\t\t\t\tUna cena rom\u00e1ntica en Libshop\n\t\t\t\t<\/figcaption><\/figure><figure class='gallery-item'>\n\t\t\t<div class='gallery-icon portrait'>\n\t\t\t\t<img decoding=\"async\" width=\"640\" height=\"853\" src=\"https:\/\/libshop.fr\/wp-content\/uploads\/2022\/04\/IMG_3536-640x853.jpg\" class=\"attachment-medium size-medium\" alt=\"|\" aria-describedby=\"gallery-1-6079\" srcset=\"https:\/\/libshop.fr\/wp-content\/uploads\/2022\/04\/IMG_3536-640x853.jpg 640w, https:\/\/libshop.fr\/wp-content\/uploads\/2022\/04\/IMG_3536-scaled.jpg 1920w, https:\/\/libshop.fr\/wp-content\/uploads\/2022\/04\/IMG_3536-768x1024.jpg 768w, https:\/\/libshop.fr\/wp-content\/uploads\/2022\/04\/IMG_3536-1152x1536.jpg 1152w, https:\/\/libshop.fr\/wp-content\/uploads\/2022\/04\/IMG_3536-1536x2048.jpg 1536w, https:\/\/libshop.fr\/wp-content\/uploads\/2022\/04\/IMG_3536-1320x1760.jpg 1320w\" sizes=\"(max-width: 640px) 100vw, 640px\" title=\"-\">\n\t\t\t<\/div>\n\t\t\t\t<figcaption class='wp-caption-text gallery-caption' id='gallery-1-6079'>\n\t\t\t\tEnsalada de falafel deliciosamente devorada en Libshop\n\t\t\t\t<\/figcaption><\/figure><figure class='gallery-item'>\n\t\t\t<div class='gallery-icon portrait'>\n\t\t\t\t<img decoding=\"async\" width=\"640\" height=\"853\" src=\"https:\/\/libshop.fr\/wp-content\/uploads\/2022\/04\/IMG_6011-640x853.jpg\" class=\"attachment-medium size-medium\" alt=\"|\" aria-describedby=\"gallery-1-5998\" srcset=\"https:\/\/libshop.fr\/wp-content\/uploads\/2022\/04\/IMG_6011-640x853.jpg 640w, https:\/\/libshop.fr\/wp-content\/uploads\/2022\/04\/IMG_6011-scaled.jpg 1920w, https:\/\/libshop.fr\/wp-content\/uploads\/2022\/04\/IMG_6011-768x1024.jpg 768w, https:\/\/libshop.fr\/wp-content\/uploads\/2022\/04\/IMG_6011-1152x1536.jpg 1152w, https:\/\/libshop.fr\/wp-content\/uploads\/2022\/04\/IMG_6011-1536x2048.jpg 1536w, https:\/\/libshop.fr\/wp-content\/uploads\/2022\/04\/IMG_6011-1320x1760.jpg 1320w\" sizes=\"(max-width: 640px) 100vw, 640px\" title=\"-\">\n\t\t\t<\/div>\n\t\t\t\t<figcaption class='wp-caption-text gallery-caption' id='gallery-1-5998'>\n\t\t\t\tLibshop, perfecto para deportistas\n\t\t\t\t<\/figcaption><\/figure><figure class='gallery-item'>\n\t\t\t<div class='gallery-icon portrait'>\n\t\t\t\t<img loading=\"lazy\" decoding=\"async\" width=\"640\" height=\"800\" src=\"https:\/\/libshop.fr\/wp-content\/uploads\/2022\/04\/E17A0188-7996-4F75-87C4-B56DBD5313DB-640x800.jpg\" class=\"attachment-medium size-medium\" alt=\"|\" aria-describedby=\"gallery-1-6000\" srcset=\"https:\/\/libshop.fr\/wp-content\/uploads\/2022\/04\/E17A0188-7996-4F75-87C4-B56DBD5313DB-640x800.jpg 640w, https:\/\/libshop.fr\/wp-content\/uploads\/2022\/04\/E17A0188-7996-4F75-87C4-B56DBD5313DB-768x960.jpg 768w, https:\/\/libshop.fr\/wp-content\/uploads\/2022\/04\/E17A0188-7996-4F75-87C4-B56DBD5313DB-1229x1536.jpg 1229w, https:\/\/libshop.fr\/wp-content\/uploads\/2022\/04\/E17A0188-7996-4F75-87C4-B56DBD5313DB-1320x1650.jpg 1320w, https:\/\/libshop.fr\/wp-content\/uploads\/2022\/04\/E17A0188-7996-4F75-87C4-B56DBD5313DB.jpg 1440w\" sizes=\"(max-width: 640px) 100vw, 640px\" title=\"-\">\n\t\t\t<\/div>\n\t\t\t\t<figcaption class='wp-caption-text gallery-caption' id='gallery-1-6000'>\n\t\t\t\tLibshop, saludable y delicioso\n\t\t\t\t<\/figcaption><\/figure>\n\t\t<\/div>\n\n<p>Ya seas deportista, gourmet o simplemente tengas curiosidad por descubrir la cocina libanesa, Libshop es una parada imprescindible para la comida callejera mediterr\u00e1nea en Par\u00eds. En el origen de esta... <strong>cantina libanesa<\/strong> Desempolvados, dos hermanos apoyados por su padre, que desde 2014 trabajan con pasi\u00f3n por actualizar la cocina levantina.<\/p>\n<p>En el men\u00fa, para empezar, <strong>Mezzes tradicionales y revisitados<\/strong> elaborado de forma totalmente artesanal. <strong>Caviar de berenjena, tabul\u00e9, labneh al estilo tzatziki o incluso hummus<\/strong> ancestral o disponible en varios sabores: albahaca fresca, salsa sriracha tailandesa o remolacha deliciosamente dulce.<\/p>\n<figure id=\"attachment_10185\" aria-describedby=\"caption-attachment-10185\" style=\"width: 2560px\" class=\"wp-caption aligncenter\"><img loading=\"lazy\" decoding=\"async\" class=\"wp-image-10185 size-full\" title=\"Mezze mediterr\u00e1neo en Libshop: Tzatziki, Hummus, Caviar de berenjena, Tabul\u00e9 y Hummus de Albahaca.\" src=\"https:\/\/libshop.fr\/wp-content\/uploads\/2022\/09\/mix-mezzes-scaled.jpg\" alt=\"Mezze mediterr\u00e1neo en Libshop: Tzatziki, Hummus, Caviar de berenjena, Tabul\u00e9 y Hummus de Albahaca.\" width=\"2560\" height=\"2560\" srcset=\"https:\/\/libshop.fr\/wp-content\/uploads\/2022\/09\/mix-mezzes-scaled.jpg 2560w, https:\/\/libshop.fr\/wp-content\/uploads\/2022\/09\/mix-mezzes-640x640.jpg 640w, https:\/\/libshop.fr\/wp-content\/uploads\/2022\/09\/mix-mezzes-1920x1920.jpg 1920w, https:\/\/libshop.fr\/wp-content\/uploads\/2022\/09\/mix-mezzes-150x150.jpg 150w, https:\/\/libshop.fr\/wp-content\/uploads\/2022\/09\/mix-mezzes-768x768.jpg 768w, https:\/\/libshop.fr\/wp-content\/uploads\/2022\/09\/mix-mezzes-200x200.jpg 200w, https:\/\/libshop.fr\/wp-content\/uploads\/2022\/09\/mix-mezzes-1536x1536.jpg 1536w, https:\/\/libshop.fr\/wp-content\/uploads\/2022\/09\/mix-mezzes-2048x2048.jpg 2048w, https:\/\/libshop.fr\/wp-content\/uploads\/2022\/09\/mix-mezzes-12x12.jpg 12w, https:\/\/libshop.fr\/wp-content\/uploads\/2022\/09\/mix-mezzes-1320x1320.jpg 1320w\" sizes=\"(max-width: 2560px) 100vw, 2560px\" \/><figcaption id=\"caption-attachment-10185\" class=\"wp-caption-text\">Mezze mediterr\u00e1neo en Libshop: Tzatziki, Hummus, Caviar de berenjena, Tabul\u00e9 y Hummus de Albahaca.<\/figcaption><\/figure>\n<p>Entonces, delicioso <strong>S\u00e1ndwiches con recetas \u00fanicas<\/strong>, entre ellos el W (carne de res marinada durante 24 horas con pimienta negra, canela, jengibre, cardamomo, zumaque, clavo, nuez moscada), el White Shark (nuestro best-seller, pechuga de pollo marinada, estilo Shawarma, crema de pollo y ajo), el Falafel (garbanzos, habas, berenjena, crema de s\u00e9samo y verduras frescas crudas), o el Bombardier, un delicioso s\u00e1ndwich fusi\u00f3n de shawarma\/kebab con especias secretas, que no encontrar\u00e1s en ning\u00fan otro lugar.<\/p>\n<figure id=\"attachment_9704\" aria-describedby=\"caption-attachment-9704\" style=\"width: 2560px\" class=\"wp-caption aligncenter\"><img loading=\"lazy\" decoding=\"async\" class=\"size-full wp-image-9704\" src=\"https:\/\/libshop.fr\/wp-content\/uploads\/2024\/10\/libshop-menu-et-rs-26-scaled.jpg\" alt=\"S\u00e1ndwiches Libshop: carne de res, pollo, falafel o kebab.\" width=\"2560\" height=\"1707\" title=\"-\" srcset=\"https:\/\/libshop.fr\/wp-content\/uploads\/2024\/10\/libshop-menu-et-rs-26-scaled.jpg 2560w, https:\/\/libshop.fr\/wp-content\/uploads\/2024\/10\/libshop-menu-et-rs-26-640x427.jpg 640w, https:\/\/libshop.fr\/wp-content\/uploads\/2024\/10\/libshop-menu-et-rs-26-1920x1280.jpg 1920w, https:\/\/libshop.fr\/wp-content\/uploads\/2024\/10\/libshop-menu-et-rs-26-768x512.jpg 768w, https:\/\/libshop.fr\/wp-content\/uploads\/2024\/10\/libshop-menu-et-rs-26-200x133.jpg 200w, https:\/\/libshop.fr\/wp-content\/uploads\/2024\/10\/libshop-menu-et-rs-26-1536x1024.jpg 1536w, https:\/\/libshop.fr\/wp-content\/uploads\/2024\/10\/libshop-menu-et-rs-26-2048x1365.jpg 2048w, https:\/\/libshop.fr\/wp-content\/uploads\/2024\/10\/libshop-menu-et-rs-26-18x12.jpg 18w, https:\/\/libshop.fr\/wp-content\/uploads\/2024\/10\/libshop-menu-et-rs-26-300x200.jpg 300w, https:\/\/libshop.fr\/wp-content\/uploads\/2024\/10\/libshop-menu-et-rs-26-1320x880.jpg 1320w\" sizes=\"(max-width: 2560px) 100vw, 2560px\" \/><figcaption id=\"caption-attachment-9704\" class=\"wp-caption-text\">S\u00e1ndwiches Libshop: carne de res, pollo, falafel o kebab.<\/figcaption><\/figure>\n<figure id=\"attachment_11004\" aria-describedby=\"caption-attachment-11004\" style=\"width: 2000px\" class=\"wp-caption aligncenter\"><img loading=\"lazy\" decoding=\"async\" class=\"size-full wp-image-11004\" src=\"https:\/\/libshop.fr\/wp-content\/uploads\/2025\/06\/Sandwich-Libshop-Signature-Houmous.jpg\" alt=\"F\u00f3rmula Shawarma \/ Falafel en Libshop\" width=\"2000\" height=\"1333\" title=\"-\" srcset=\"https:\/\/libshop.fr\/wp-content\/uploads\/2025\/06\/Sandwich-Libshop-Signature-Houmous.jpg 2000w, https:\/\/libshop.fr\/wp-content\/uploads\/2025\/06\/Sandwich-Libshop-Signature-Houmous-640x427.jpg 640w, https:\/\/libshop.fr\/wp-content\/uploads\/2025\/06\/Sandwich-Libshop-Signature-Houmous-1920x1280.jpg 1920w, https:\/\/libshop.fr\/wp-content\/uploads\/2025\/06\/Sandwich-Libshop-Signature-Houmous-768x512.jpg 768w, https:\/\/libshop.fr\/wp-content\/uploads\/2025\/06\/Sandwich-Libshop-Signature-Houmous-200x133.jpg 200w, https:\/\/libshop.fr\/wp-content\/uploads\/2025\/06\/Sandwich-Libshop-Signature-Houmous-1536x1024.jpg 1536w, https:\/\/libshop.fr\/wp-content\/uploads\/2025\/06\/Sandwich-Libshop-Signature-Houmous-18x12.jpg 18w, https:\/\/libshop.fr\/wp-content\/uploads\/2025\/06\/Sandwich-Libshop-Signature-Houmous-300x200.jpg 300w, https:\/\/libshop.fr\/wp-content\/uploads\/2025\/06\/Sandwich-Libshop-Signature-Houmous-1320x880.jpg 1320w\" sizes=\"(max-width: 2000px) 100vw, 2000px\" \/><figcaption id=\"caption-attachment-11004\" class=\"wp-caption-text\">F\u00f3rmula para s\u00e1ndwich de shawarma\/falafel en Libshop. Cr\u00e9dito de la foto: <a href=\"https:\/\/www.instagram.com\/lapuertaontheroad\" target=\"_blank\" rel=\"noopener\">@lapuertaontheroad<\/a><\/figcaption><\/figure>\n<p>En cuanto a la ensalada, elegiremos entre las deliciosas <strong>ensalada fattoush<\/strong>, la famosa ensalada campesina libanesa, en versi\u00f3n sencilla, o en formato <strong>Cuenco azul <\/strong>Con mezze fr\u00edo y boniato asado con zaatar levantino. Se puede servir con fal\u00e1feles cremosos cubiertos con crema de s\u00e9samo o con pollo marinado durante 24 horas, todo ello aderezado con salsa de zumaque, la ic\u00f3nica especia levantina.<\/p>\n<figure id=\"attachment_9229\" aria-describedby=\"caption-attachment-9229\" style=\"width: 2560px\" class=\"wp-caption aligncenter\"><img loading=\"lazy\" decoding=\"async\" class=\"size-full wp-image-9229\" src=\"https:\/\/libshop.fr\/wp-content\/uploads\/2024\/10\/Blue-Bowl-Veggie-retraitee-scaled.jpg\" alt=\"El Cuenco Azul de Libshop. El cuenco de la salud y la longevidad.\" width=\"2560\" height=\"2048\" title=\"-\" srcset=\"https:\/\/libshop.fr\/wp-content\/uploads\/2024\/10\/Blue-Bowl-Veggie-retraitee-scaled.jpg 2560w, https:\/\/libshop.fr\/wp-content\/uploads\/2024\/10\/Blue-Bowl-Veggie-retraitee-640x512.jpg 640w, https:\/\/libshop.fr\/wp-content\/uploads\/2024\/10\/Blue-Bowl-Veggie-retraitee-1920x1536.jpg 1920w, https:\/\/libshop.fr\/wp-content\/uploads\/2024\/10\/Blue-Bowl-Veggie-retraitee-768x614.jpg 768w, https:\/\/libshop.fr\/wp-content\/uploads\/2024\/10\/Blue-Bowl-Veggie-retraitee-200x160.jpg 200w, https:\/\/libshop.fr\/wp-content\/uploads\/2024\/10\/Blue-Bowl-Veggie-retraitee-1536x1229.jpg 1536w, https:\/\/libshop.fr\/wp-content\/uploads\/2024\/10\/Blue-Bowl-Veggie-retraitee-2048x1638.jpg 2048w, https:\/\/libshop.fr\/wp-content\/uploads\/2024\/10\/Blue-Bowl-Veggie-retraitee-15x12.jpg 15w, https:\/\/libshop.fr\/wp-content\/uploads\/2024\/10\/Blue-Bowl-Veggie-retraitee-1320x1056.jpg 1320w\" sizes=\"(max-width: 2560px) 100vw, 2560px\" \/><figcaption id=\"caption-attachment-9229\" class=\"wp-caption-text\">El Cuenco Azul de Libshop. El cuenco de la salud y la longevidad.<\/figcaption><\/figure>\n<figure id=\"attachment_9097\" aria-describedby=\"caption-attachment-9097\" style=\"width: 1273px\" class=\"wp-caption aligncenter\"><img loading=\"lazy\" decoding=\"async\" class=\"size-full wp-image-9097\" src=\"https:\/\/libshop.fr\/wp-content\/uploads\/2024\/07\/image00004.jpeg\" alt=\"Ensalada de falafel en Libshop.\" width=\"1273\" height=\"1928\" title=\"-\" srcset=\"https:\/\/libshop.fr\/wp-content\/uploads\/2024\/07\/image00004.jpeg 1273w, https:\/\/libshop.fr\/wp-content\/uploads\/2024\/07\/image00004-640x969.jpeg 640w, https:\/\/libshop.fr\/wp-content\/uploads\/2024\/07\/image00004-768x1163.jpeg 768w, https:\/\/libshop.fr\/wp-content\/uploads\/2024\/07\/image00004-132x200.jpeg 132w, https:\/\/libshop.fr\/wp-content\/uploads\/2024\/07\/image00004-1014x1536.jpeg 1014w, https:\/\/libshop.fr\/wp-content\/uploads\/2024\/07\/image00004-8x12.jpeg 8w\" sizes=\"(max-width: 1273px) 100vw, 1273px\" \/><figcaption id=\"caption-attachment-9097\" class=\"wp-caption-text\">Ensalada de falafel en Libshop. Cr\u00e9dito de la foto: <a href=\"https:\/\/www.instagram.com\/lafoodograph\" target=\"_blank\" rel=\"noopener\">@lafoodograph<\/a><\/figcaption><\/figure>\n<p>En cuanto a platos calientes, puedes elegir entre el Pollo al Lim\u00f3n y Aceitunas servido con arroz basmati y verduras cocidas, o la ic\u00f3nica Fassolia libanesa, un guiso de jud\u00edas blancas con cordero cocinado a fuego lento y verduras cocidas.<\/p>\n<figure id=\"attachment_9230\" aria-describedby=\"caption-attachment-9230\" style=\"width: 2560px\" class=\"wp-caption aligncenter\"><img loading=\"lazy\" decoding=\"async\" class=\"size-full wp-image-9230\" src=\"https:\/\/libshop.fr\/wp-content\/uploads\/2024\/10\/plat-fassolia-retraitee-scaled.jpg\" alt=\"Fassolia libanesa en Libshop\" width=\"2560\" height=\"2048\" title=\"-\" srcset=\"https:\/\/libshop.fr\/wp-content\/uploads\/2024\/10\/plat-fassolia-retraitee-scaled.jpg 2560w, https:\/\/libshop.fr\/wp-content\/uploads\/2024\/10\/plat-fassolia-retraitee-640x512.jpg 640w, https:\/\/libshop.fr\/wp-content\/uploads\/2024\/10\/plat-fassolia-retraitee-1920x1536.jpg 1920w, https:\/\/libshop.fr\/wp-content\/uploads\/2024\/10\/plat-fassolia-retraitee-768x614.jpg 768w, https:\/\/libshop.fr\/wp-content\/uploads\/2024\/10\/plat-fassolia-retraitee-200x160.jpg 200w, https:\/\/libshop.fr\/wp-content\/uploads\/2024\/10\/plat-fassolia-retraitee-1536x1229.jpg 1536w, https:\/\/libshop.fr\/wp-content\/uploads\/2024\/10\/plat-fassolia-retraitee-2048x1638.jpg 2048w, https:\/\/libshop.fr\/wp-content\/uploads\/2024\/10\/plat-fassolia-retraitee-15x12.jpg 15w, https:\/\/libshop.fr\/wp-content\/uploads\/2024\/10\/plat-fassolia-retraitee-1320x1056.jpg 1320w\" sizes=\"(max-width: 2560px) 100vw, 2560px\" \/><figcaption id=\"caption-attachment-9230\" class=\"wp-caption-text\">Fassolia libanesa en Libshop<\/figcaption><\/figure>\n<p>Apasionados por la nutrici\u00f3n, nos aseguramos de que nuestros platos respeten <strong>est\u00e1ndares diet\u00e9ticos muy exigentes<\/strong> Cocinado a fuego lento en el horno con aceite de oliva, salsas caseras de verduras 100%, legumbres seleccionadas por su bajo \u00edndice gluc\u00e9mico y contenido proteico, y, por \u00faltimo, ingredientes densos y ricos en prote\u00ednas animales y vegetales de alta calidad y biodisponibles. Nuestras comidas, ricas en fibra, prote\u00ednas, grasas saludables y moderadas en carbohidratos, ser\u00e1n el acompa\u00f1amiento ideal para tu figura, tu vitalidad y tu salud.<\/p>\n<p>Por \u00faltimo, como gran final, os dejamos con estas pocas fotos de nuestras <strong>postres y pasteles<\/strong>, lo que podr\u00eda hacerte agua la boca\u2026<\/p>\n<figure id=\"attachment_9231\" aria-describedby=\"caption-attachment-9231\" style=\"width: 1920px\" class=\"wp-caption aligncenter\"><img loading=\"lazy\" decoding=\"async\" class=\"size-full wp-image-9231\" src=\"https:\/\/libshop.fr\/wp-content\/uploads\/2024\/10\/P3084675-scaled.jpg\" alt=\"Mouhalabieh, el flan liban\u00e9s al estilo Libshop. Cr\u00e9dito de la foto: @lapuertaontheroad\" width=\"1920\" height=\"2560\" title=\"-\" srcset=\"https:\/\/libshop.fr\/wp-content\/uploads\/2024\/10\/P3084675-scaled.jpg 1920w, https:\/\/libshop.fr\/wp-content\/uploads\/2024\/10\/P3084675-640x853.jpg 640w, https:\/\/libshop.fr\/wp-content\/uploads\/2024\/10\/P3084675-768x1024.jpg 768w, https:\/\/libshop.fr\/wp-content\/uploads\/2024\/10\/P3084675-150x200.jpg 150w, https:\/\/libshop.fr\/wp-content\/uploads\/2024\/10\/P3084675-1152x1536.jpg 1152w, https:\/\/libshop.fr\/wp-content\/uploads\/2024\/10\/P3084675-1536x2048.jpg 1536w, https:\/\/libshop.fr\/wp-content\/uploads\/2024\/10\/P3084675-9x12.jpg 9w, https:\/\/libshop.fr\/wp-content\/uploads\/2024\/10\/P3084675-1320x1760.jpg 1320w\" sizes=\"(max-width: 1920px) 100vw, 1920px\" \/><figcaption id=\"caption-attachment-9231\" class=\"wp-caption-text\">Mouhalabieh, el flan liban\u00e9s al estilo Libshop. Cr\u00e9dito de la foto: <a href=\"https:\/\/www.instagram.com\/lapuertaontheroad\" target=\"_blank\" rel=\"noopener\">@lapuertaontheroad<\/a><\/figcaption><\/figure>\n<figure id=\"attachment_11005\" aria-describedby=\"caption-attachment-11005\" style=\"width: 1333px\" class=\"wp-caption aligncenter\"><img loading=\"lazy\" decoding=\"async\" class=\"size-full wp-image-11005\" src=\"https:\/\/libshop.fr\/wp-content\/uploads\/2025\/06\/Knefeh-Glace-Ashta-Libshop.jpg\" alt=\"Knefeh y su helado de pistacho Ashta en Libshop\" width=\"1333\" height=\"2000\" title=\"-\" srcset=\"https:\/\/libshop.fr\/wp-content\/uploads\/2025\/06\/Knefeh-Glace-Ashta-Libshop.jpg 1333w, https:\/\/libshop.fr\/wp-content\/uploads\/2025\/06\/Knefeh-Glace-Ashta-Libshop-640x960.jpg 640w, https:\/\/libshop.fr\/wp-content\/uploads\/2025\/06\/Knefeh-Glace-Ashta-Libshop-768x1152.jpg 768w, https:\/\/libshop.fr\/wp-content\/uploads\/2025\/06\/Knefeh-Glace-Ashta-Libshop-133x200.jpg 133w, https:\/\/libshop.fr\/wp-content\/uploads\/2025\/06\/Knefeh-Glace-Ashta-Libshop-1024x1536.jpg 1024w, https:\/\/libshop.fr\/wp-content\/uploads\/2025\/06\/Knefeh-Glace-Ashta-Libshop-8x12.jpg 8w, https:\/\/libshop.fr\/wp-content\/uploads\/2025\/06\/Knefeh-Glace-Ashta-Libshop-1320x1980.jpg 1320w\" sizes=\"(max-width: 1333px) 100vw, 1333px\" \/><figcaption id=\"caption-attachment-11005\" class=\"wp-caption-text\">Helado de pistacho Knefeh y Ashta en Libshop. Cr\u00e9dito de la foto: <a href=\"https:\/\/www.instagram.com\/lapuertaontheroad\" target=\"_blank\" rel=\"noopener\">@lapuertaontheroad<\/a><\/figcaption><\/figure>\n<figure id=\"attachment_11007\" aria-describedby=\"caption-attachment-11007\" style=\"width: 2560px\" class=\"wp-caption aligncenter\"><img loading=\"lazy\" decoding=\"async\" class=\"size-full wp-image-11007\" src=\"https:\/\/libshop.fr\/wp-content\/uploads\/2025\/06\/Cookie-Barazek-Sesame-Pistache-scaled.jpg\" alt=\"Galleta de Damasco con Pistacho y S\u00e9samo, inspirada en Barazek\" width=\"2560\" height=\"1707\" title=\"-\" srcset=\"https:\/\/libshop.fr\/wp-content\/uploads\/2025\/06\/Cookie-Barazek-Sesame-Pistache-scaled.jpg 2560w, https:\/\/libshop.fr\/wp-content\/uploads\/2025\/06\/Cookie-Barazek-Sesame-Pistache-640x427.jpg 640w, https:\/\/libshop.fr\/wp-content\/uploads\/2025\/06\/Cookie-Barazek-Sesame-Pistache-1920x1280.jpg 1920w, https:\/\/libshop.fr\/wp-content\/uploads\/2025\/06\/Cookie-Barazek-Sesame-Pistache-768x512.jpg 768w, https:\/\/libshop.fr\/wp-content\/uploads\/2025\/06\/Cookie-Barazek-Sesame-Pistache-200x133.jpg 200w, https:\/\/libshop.fr\/wp-content\/uploads\/2025\/06\/Cookie-Barazek-Sesame-Pistache-1536x1024.jpg 1536w, https:\/\/libshop.fr\/wp-content\/uploads\/2025\/06\/Cookie-Barazek-Sesame-Pistache-2048x1365.jpg 2048w, https:\/\/libshop.fr\/wp-content\/uploads\/2025\/06\/Cookie-Barazek-Sesame-Pistache-18x12.jpg 18w, https:\/\/libshop.fr\/wp-content\/uploads\/2025\/06\/Cookie-Barazek-Sesame-Pistache-300x200.jpg 300w, https:\/\/libshop.fr\/wp-content\/uploads\/2025\/06\/Cookie-Barazek-Sesame-Pistache-1320x880.jpg 1320w\" sizes=\"(max-width: 2560px) 100vw, 2560px\" \/><figcaption id=\"caption-attachment-11007\" class=\"wp-caption-text\">Galleta de Damasco con Pistacho y S\u00e9samo, inspirada en Barazek<\/figcaption><\/figure>\n<p>Solo o acompa\u00f1ado, experimente la Libshop en un restaurante, o en comida para llevar y entrega en plataformas conocidas, o directamente <a href=\"https:\/\/commande.libshop.fr\" target=\"_blank\" rel=\"noopener\">en la aplicaci\u00f3n libshop<\/a> !<\/p>\n<h2 class=\"wp-block-heading has-text-align-center\">Restaurantes libshop<\/h2>\n<p>Para encontrarnos, aqu\u00ed est\u00e1n los diferentes restaurantes Libshop en Par\u00eds:<br \/>\n\ud83d\udccd En el sitio en Par\u00eds 1 y Par\u00eds 13: <a href=\"https:\/\/libshop.fr\/es\/reserva-brunch-libshop13\/\">Reserva posible en nuestra p\u00e1gina web<\/a>.<br \/>\n\ud83d\udecd\ufe0f Sobre la marcha en Par\u00eds 8 y Par\u00eds 9<br \/>\n\ud83d\udef5\u00a0<a href=\"https:\/\/commande.libshop.fr\/\" target=\"_blank\" rel=\"noreferrer noopener\" data-type=\"link\" data-id=\"https:\/\/commande.libshop.fr\">Entrega en todo Par\u00eds con la aplicaci\u00f3n Libshop<\/a><\/p>","protected":false},"excerpt":{"rendered":"<p>Libshop es un restaurante liban\u00e9s creativo y de alta calidad en Par\u00eds. Ya sea para un almuerzo r\u00e1pido, una cena rom\u00e1ntica o una comida informal con amigos, Libshop es el restaurante ideal para una comida saludable y deliciosa.<\/p>","protected":false},"author":1,"featured_media":11003,"parent":0,"menu_order":0,"comment_status":"closed","ping_status":"closed","template":"","meta":{"footnotes":""},"class_list":["post-10999","page","type-page","status-publish","has-post-thumbnail","hentry"],"_links":{"self":[{"href":"https:\/\/libshop.fr\/es\/wp-json\/wp\/v2\/pages\/10999","targetHints":{"allow":["GET"]}}],"collection":[{"href":"https:\/\/libshop.fr\/es\/wp-json\/wp\/v2\/pages"}],"about":[{"href":"https:\/\/libshop.fr\/es\/wp-json\/wp\/v2\/types\/page"}],"author":[{"embeddable":true,"href":"https:\/\/libshop.fr\/es\/wp-json\/wp\/v2\/users\/1"}],"replies":[{"embeddable":true,"href":"https:\/\/libshop.fr\/es\/wp-json\/wp\/v2\/comments?post=10999"}],"version-history":[{"count":3,"href":"https:\/\/libshop.fr\/es\/wp-json\/wp\/v2\/pages\/10999\/revisions"}],"predecessor-version":[{"id":11017,"href":"https:\/\/libshop.fr\/es\/wp-json\/wp\/v2\/pages\/10999\/revisions\/11017"}],"wp:featuredmedia":[{"embeddable":true,"href":"https:\/\/libshop.fr\/es\/wp-json\/wp\/v2\/media\/11003"}],"wp:attachment":[{"href":"https:\/\/libshop.fr\/es\/wp-json\/wp\/v2\/media?parent=10999"}],"curies":[{"name":"wp","href":"https:\/\/api.w.org\/{rel}","templated":true}]}}