{"id":5157,"date":"2021-05-12T14:34:39","date_gmt":"2021-05-12T12:34:39","guid":{"rendered":"https:\/\/libshop.fr\/?page_id=5157"},"modified":"2024-01-04T10:43:24","modified_gmt":"2024-01-04T09:43:24","slug":"deletion-of-data","status":"publish","type":"page","link":"https:\/\/libshop.fr\/en\/suppression-des-donnees\/","title":{"rendered":"Data deletion"},"content":{"rendered":"<p>You have the following rights regarding the use of your personal data:<\/p>\n<ul>\n<li>obtain confirmation that data concerning you is or is not being processed and, when it is, access to this data as well as to information on this processing;<\/li>\n<li>obtain the rectification of inaccurate data;<\/li>\n<li>obtain the erasure of some of your data;<\/li>\n<li>obtain the limitation of the processing that we carry out;<\/li>\n<li>object to the processing of your data;<\/li>\n<\/ul>\n<p>If you wish to exercise your rights or obtain information on the processing of personal data, contact us at this email address:<\/p>\n<p><img decoding=\"async\" class=\"alignnone size-full\" src=\"https:\/\/libshop.fr\/wp-content\/uploads\/2021\/04\/contact-libshop-mail.png\" width=\"380\" height=\"50\" alt=\"|\" title=\"-\"><\/p>\n<p>We invite you to attach to your request any document to justify your identity and the merits of your request.<\/p>","protected":false},"excerpt":{"rendered":"<p>Vous disposez des droits suivants en ce qui concerne l\u2019utilisation de vos donn\u00e9es personnelles : obtenir la confirmation que des donn\u00e9es vous concernant sont ou ne sont pas trait\u00e9es et, lorsqu\u2019elles le sont, l\u2019acc\u00e8s \u00e0 ces donn\u00e9es ainsi qu\u2019\u00e0 des informations sur ces traitements ; obtenir la rectification de donn\u00e9es inexactes ; obtenir l\u2019effacement de [&hellip;]<\/p>\n","protected":false},"author":1,"featured_media":0,"parent":0,"menu_order":0,"comment_status":"closed","ping_status":"closed","template":"","meta":{"footnotes":""},"class_list":["post-5157","page","type-page","status-publish","hentry"],"_links":{"self":[{"href":"https:\/\/libshop.fr\/en\/wp-json\/wp\/v2\/pages\/5157","targetHints":{"allow":["GET"]}}],"collection":[{"href":"https:\/\/libshop.fr\/en\/wp-json\/wp\/v2\/pages"}],"about":[{"href":"https:\/\/libshop.fr\/en\/wp-json\/wp\/v2\/types\/page"}],"author":[{"embeddable":true,"href":"https:\/\/libshop.fr\/en\/wp-json\/wp\/v2\/users\/1"}],"replies":[{"embeddable":true,"href":"https:\/\/libshop.fr\/en\/wp-json\/wp\/v2\/comments?post=5157"}],"version-history":[{"count":3,"href":"https:\/\/libshop.fr\/en\/wp-json\/wp\/v2\/pages\/5157\/revisions"}],"predecessor-version":[{"id":8349,"href":"https:\/\/libshop.fr\/en\/wp-json\/wp\/v2\/pages\/5157\/revisions\/8349"}],"wp:attachment":[{"href":"https:\/\/libshop.fr\/en\/wp-json\/wp\/v2\/media?parent=5157"}],"curies":[{"name":"wp","href":"https:\/\/api.w.org\/{rel}","templated":true}]}}