{"id":7258,"date":"2023-04-17T19:07:49","date_gmt":"2023-04-17T17:07:49","guid":{"rendered":"https:\/\/libshop.fr\/?page_id=7258"},"modified":"2025-10-27T21:54:17","modified_gmt":"2025-10-27T19:54:17","slug":"reservierungs-brunch-libshop13","status":"publish","type":"page","link":"https:\/\/libshop.fr\/de\/reservation\/","title":{"rendered":"Reservieren Sie einen Tisch in einem Libshop-Restaurant"},"content":{"rendered":"<div data-elementor-type=\"wp-page\" data-elementor-id=\"7258\" class=\"elementor elementor-7258\" data-elementor-post-type=\"page\">\n\t\t\t\t\t\t<section class=\"elementor-section elementor-top-section elementor-element elementor-element-1136101f elementor-section-boxed elementor-section-height-default elementor-section-height-default\" data-id=\"1136101f\" data-element_type=\"section\" data-e-type=\"section\">\n\t\t\t\t\t\t<div class=\"elementor-container elementor-column-gap-default\">\n\t\t\t\t\t<div class=\"elementor-column elementor-col-100 elementor-top-column elementor-element elementor-element-68a3f4e6\" data-id=\"68a3f4e6\" data-element_type=\"column\" data-e-type=\"column\">\n\t\t\t<div class=\"elementor-widget-wrap elementor-element-populated\">\n\t\t\t\t\t\t<div class=\"elementor-element elementor-element-d087b7f elementor-arrows-position-inside elementor-pagination-position-outside elementor-widget elementor-widget-image-carousel\" data-id=\"d087b7f\" data-element_type=\"widget\" data-e-type=\"widget\" data-settings=\"{&quot;slides_to_show&quot;:&quot;1&quot;,&quot;autoplay_speed&quot;:4000,&quot;navigation&quot;:&quot;both&quot;,&quot;autoplay&quot;:&quot;yes&quot;,&quot;pause_on_hover&quot;:&quot;yes&quot;,&quot;pause_on_interaction&quot;:&quot;yes&quot;,&quot;infinite&quot;:&quot;yes&quot;,&quot;effect&quot;:&quot;slide&quot;,&quot;speed&quot;:500}\" data-widget_type=\"image-carousel.default\">\n\t\t\t\t<div class=\"elementor-widget-container\">\n\t\t\t\t\t\t\t<div class=\"elementor-image-carousel-wrapper swiper\" role=\"region\" aria-roledescription=\"carousel\" aria-label=\"Bilderkarussell\" dir=\"ltr\">\n\t\t\t<div class=\"elementor-image-carousel swiper-wrapper\" aria-live=\"off\">\n\t\t\t\t\t\t\t\t<div class=\"swiper-slide\" role=\"group\" aria-roledescription=\"slide\" aria-label=\"1 von 11\"><figure class=\"swiper-slide-inner\"><img decoding=\"async\" class=\"swiper-slide-image\" src=\"https:\/\/libshop.fr\/wp-content\/uploads\/2025\/07\/Dejeuner-Restaurant-Libshop-Paris.png\" alt=\"Mittagessen im Libshop Paris 1\" title=\"-\"><\/figure><\/div><div class=\"swiper-slide\" role=\"group\" aria-roledescription=\"slide\" aria-label=\"2 von 11\"><figure class=\"swiper-slide-inner\"><img decoding=\"async\" class=\"swiper-slide-image\" src=\"https:\/\/libshop.fr\/wp-content\/uploads\/2025\/07\/Golden-Bowl-Chawarma-Poulet-Libshop.png\" alt=\"Golden Bowl H\u00e4hnchen\" title=\"-\"><\/figure><\/div><div class=\"swiper-slide\" role=\"group\" aria-roledescription=\"slide\" aria-label=\"3 von 11\"><figure class=\"swiper-slide-inner\"><img decoding=\"async\" class=\"swiper-slide-image\" src=\"https:\/\/libshop.fr\/wp-content\/uploads\/2025\/07\/Golden-Bowl-Libshop-Falafels-Riz.png\" alt=\"Golden Bowl Falafel\" title=\"-\"><\/figure><\/div><div class=\"swiper-slide\" role=\"group\" aria-roledescription=\"slide\" aria-label=\"4 von 11\"><figure class=\"swiper-slide-inner\"><img decoding=\"async\" class=\"swiper-slide-image\" src=\"https:\/\/libshop.fr\/wp-content\/uploads\/2025\/07\/Knefeh-facon-Libshop.png\" alt=\"Knefeh Libshop-Stil\" title=\"-\"><\/figure><\/div><div class=\"swiper-slide\" role=\"group\" aria-roledescription=\"slide\" aria-label=\"5 von 11\"><figure class=\"swiper-slide-inner\"><img decoding=\"async\" class=\"swiper-slide-image\" src=\"https:\/\/libshop.fr\/wp-content\/uploads\/2025\/07\/Mezze-Libshop-Paris-1.png\" alt=\"Mezz\u00e9s auf der Terrasse von Libshop Paris 1\" title=\"-\"><\/figure><\/div><div class=\"swiper-slide\" role=\"group\" aria-roledescription=\"slide\" aria-label=\"6 von 11\"><figure class=\"swiper-slide-inner\"><img decoding=\"async\" class=\"swiper-slide-image\" src=\"https:\/\/libshop.fr\/wp-content\/uploads\/2025\/07\/Salle-Restaurant-Libshop-Paris-1.png\" alt=\"Libshop Restaurant Paris 1\" title=\"-\"><\/figure><\/div><div class=\"swiper-slide\" role=\"group\" aria-roledescription=\"slide\" aria-label=\"7 von 11\"><figure class=\"swiper-slide-inner\"><img decoding=\"async\" class=\"swiper-slide-image\" src=\"https:\/\/libshop.fr\/wp-content\/uploads\/2025\/07\/Sandwich-Signature-Libshop.png\" alt=\"Libshop Signature Sandwich Formula\" title=\"-\"><\/figure><\/div><div class=\"swiper-slide\" role=\"group\" aria-roledescription=\"slide\" aria-label=\"8 von 11\"><figure class=\"swiper-slide-inner\"><img decoding=\"async\" class=\"swiper-slide-image\" src=\"https:\/\/libshop.fr\/wp-content\/uploads\/2025\/07\/Terrasse-du-Libshop-Paris-1.png\" alt=\"Libshop Terrace Paris 1\" title=\"-\"><\/figure><\/div><div class=\"swiper-slide\" role=\"group\" aria-roledescription=\"slide\" aria-label=\"9 von 11\"><figure class=\"swiper-slide-inner\"><img decoding=\"async\" class=\"swiper-slide-image\" src=\"https:\/\/libshop.fr\/wp-content\/uploads\/2025\/07\/Veggie-Falafel-Salade-Libshop-Paris-1.png\" alt=\"Vegetarischer Falafelsalat\" title=\"-\"><\/figure><\/div><div class=\"swiper-slide\" role=\"group\" aria-roledescription=\"slide\" aria-label=\"10 von 11\"><figure class=\"swiper-slide-inner\"><img decoding=\"async\" class=\"swiper-slide-image\" src=\"https:\/\/libshop.fr\/wp-content\/uploads\/2025\/07\/Mezzes-Libshop-Paris-1.png\" alt=\"Hausgemachte 100% Mezz\u00e9s von Libshop\" title=\"-\"><\/figure><\/div><div class=\"swiper-slide\" role=\"group\" aria-roledescription=\"slide\" aria-label=\"11 von 11\"><figure class=\"swiper-slide-inner\"><img decoding=\"async\" class=\"swiper-slide-image\" src=\"https:\/\/libshop.fr\/wp-content\/uploads\/2025\/07\/Blue-Bowl-Falafel-Libshop.png\" alt=\"Blue Bowl Falafel von Libshop\" title=\"-\"><\/figure><\/div>\t\t\t<\/div>\n\t\t\t\t\t\t\t\t\t\t\t\t<div class=\"elementor-swiper-button elementor-swiper-button-prev\" role=\"button\" tabindex=\"0\">\n\t\t\t\t\t\t<i aria-hidden=\"true\" class=\"eicon-chevron-left\"><\/i>\t\t\t\t\t<\/div>\n\t\t\t\t\t<div class=\"elementor-swiper-button elementor-swiper-button-next\" role=\"button\" tabindex=\"0\">\n\t\t\t\t\t\t<i aria-hidden=\"true\" class=\"eicon-chevron-right\"><\/i>\t\t\t\t\t<\/div>\n\t\t\t\t\n\t\t\t\t\t\t\t\t\t<div class=\"swiper-pagination\"><\/div>\n\t\t\t\t\t\t\t\t\t<\/div>\n\t\t\t\t\t\t<\/div>\n\t\t\t\t<\/div>\n\t\t\t\t<div class=\"elementor-element elementor-element-1d8f2a30 elementor-widget elementor-widget-text-editor\" data-id=\"1d8f2a30\" data-element_type=\"widget\" data-e-type=\"widget\" data-widget_type=\"text-editor.default\">\n\t\t\t\t<div class=\"elementor-widget-container\">\n\t\t\t\t\t\t\t\t\t<p>Seit mehr als 10 Jahren ist es unser Versprechen, die <strong>Libanesische K\u00fcche<\/strong> Und <strong>Mittelmeer<\/strong> am meisten <strong>qualitativ<\/strong> und die meisten <strong>authentisch<\/strong> m\u00f6glich und bleibt dabei einfach und zug\u00e4nglich.<\/p><p><strong>Reservieren Sie Ihren Tisch <\/strong>im Haus von<strong> Bibliothek<\/strong> und entdecken <strong>unsere Gerichte <em>gesund, <\/em><\/strong>ob f\u00fcr eine<strong> schnelles Mittagessen<\/strong>, A<strong> Abendessen f\u00fcr zwei<\/strong>\u00a0oder ein<strong> freundliches Essen<\/strong> zwischen Freunden.<\/p>\t\t\t\t\t\t\t\t<\/div>\n\t\t\t\t<\/div>\n\t\t\t\t<div class=\"elementor-element elementor-element-be672f0 elementor-widget elementor-widget-text-editor\" data-id=\"be672f0\" data-element_type=\"widget\" data-e-type=\"widget\" data-widget_type=\"text-editor.default\">\n\t\t\t\t<div class=\"elementor-widget-container\">\n\t\t\t\t\t\t\t\t\t<p>\ud83d\udccdLibshop Paris 1: Reservierungen 7 Tage die Woche f\u00fcr Mittag- und Abendessen.<br \/>\ud83d\udccdLibshop Paris 13: Reservierungen nur abends, und <a href=\"https:\/\/libshop.fr\/de\/libanesischer-brunch-paris\/\"><strong>Wochenende zum libanesischen Brunch<\/strong><\/a>.<br \/>\ud83d\udecd\ufe0fLibshop Paris 8 &amp; 9: nur in <em>wegbringen<\/em> (keine Reservierung).<\/p>\t\t\t\t\t\t\t\t<\/div>\n\t\t\t\t<\/div>\n\t\t\t\t\t<\/div>\n\t\t<\/div>\n\t\t\t\t\t<\/div>\n\t\t<\/section>\n\t\t\t\t<\/div>","protected":false},"excerpt":{"rendered":"<p>Depuis plus de 10 ans, notre promesse et de servir la cuisine libanaise et m\u00e9diterran\u00e9enne la plus qualitative et la plus authentique possible, tout en restant simple et accessible. R\u00e9servez votre table chez Libshop et d\u00e9couvrez nos plats healthy, que ce soit pour un d\u00e9jeuner rapide,\u00a0un d\u00eener en t\u00eate-\u00e0-t\u00eate\u00a0ou\u00a0un repas convivial entre amis. \ud83d\udccdLibshop Paris [&hellip;]<\/p>\n","protected":false},"author":1,"featured_media":0,"parent":0,"menu_order":0,"comment_status":"closed","ping_status":"closed","template":"","meta":{"footnotes":""},"class_list":["post-7258","page","type-page","status-publish","hentry"],"_links":{"self":[{"href":"https:\/\/libshop.fr\/de\/wp-json\/wp\/v2\/pages\/7258","targetHints":{"allow":["GET"]}}],"collection":[{"href":"https:\/\/libshop.fr\/de\/wp-json\/wp\/v2\/pages"}],"about":[{"href":"https:\/\/libshop.fr\/de\/wp-json\/wp\/v2\/types\/page"}],"author":[{"embeddable":true,"href":"https:\/\/libshop.fr\/de\/wp-json\/wp\/v2\/users\/1"}],"replies":[{"embeddable":true,"href":"https:\/\/libshop.fr\/de\/wp-json\/wp\/v2\/comments?post=7258"}],"version-history":[{"count":3,"href":"https:\/\/libshop.fr\/de\/wp-json\/wp\/v2\/pages\/7258\/revisions"}],"predecessor-version":[{"id":11353,"href":"https:\/\/libshop.fr\/de\/wp-json\/wp\/v2\/pages\/7258\/revisions\/11353"}],"wp:attachment":[{"href":"https:\/\/libshop.fr\/de\/wp-json\/wp\/v2\/media?parent=7258"}],"curies":[{"name":"wp","href":"https:\/\/api.w.org\/{rel}","templated":true}]}}