{"id":5157,"date":"2021-05-12T14:34:39","date_gmt":"2021-05-12T12:34:39","guid":{"rendered":"https:\/\/libshop.fr\/?page_id=5157"},"modified":"2024-01-04T10:43:24","modified_gmt":"2024-01-04T09:43:24","slug":"loschung-von-daten","status":"publish","type":"page","link":"https:\/\/libshop.fr\/de\/suppression-des-donnees\/","title":{"rendered":"Datenl\u00f6schung"},"content":{"rendered":"<p>Hinsichtlich der Nutzung Ihrer personenbezogenen Daten haben Sie folgende Rechte:<\/p>\n<ul>\n<li>eine Best\u00e4tigung dar\u00fcber zu erhalten, ob die Sie betreffenden Daten verarbeitet werden oder nicht, und, wenn dies der Fall ist, Zugang zu diesen Daten sowie zu Informationen \u00fcber diese Verarbeitung zu erhalten;<\/li>\n<li>die Berichtigung unrichtiger Daten zu erhalten;<\/li>\n<li>die L\u00f6schung einiger Ihrer Daten zu erwirken;<\/li>\n<li>die Einschr\u00e4nkung der von uns durchgef\u00fchrten Verarbeitung zu erhalten;<\/li>\n<li>Widerspruch gegen die Verarbeitung Ihrer Daten einlegen;<\/li>\n<\/ul>\n<p>Wenn Sie Ihre Rechte aus\u00fcben oder Informationen \u00fcber die Verarbeitung personenbezogener Daten erhalten m\u00f6chten, kontaktieren Sie uns unter dieser E-Mail-Adresse:<\/p>\n<p><img decoding=\"async\" class=\"alignnone size-full\" src=\"https:\/\/libshop.fr\/wp-content\/uploads\/2021\/04\/contact-libshop-mail.png\" width=\"380\" height=\"50\" alt=\"|\" title=\"-\"><\/p>\n<p>Wir laden Sie ein, Ihrer Anfrage alle Dokumente beizuf\u00fcgen, die Ihre Identit\u00e4t und die Begr\u00fcndetheit Ihrer Anfrage belegen.<\/p>","protected":false},"excerpt":{"rendered":"<p>Vous disposez des droits suivants en ce qui concerne l\u2019utilisation de vos donn\u00e9es personnelles : obtenir la confirmation que des donn\u00e9es vous concernant sont ou ne sont pas trait\u00e9es et, lorsqu\u2019elles le sont, l\u2019acc\u00e8s \u00e0 ces donn\u00e9es ainsi qu\u2019\u00e0 des informations sur ces traitements ; obtenir la rectification de donn\u00e9es inexactes ; obtenir l\u2019effacement de [&hellip;]<\/p>\n","protected":false},"author":1,"featured_media":0,"parent":0,"menu_order":0,"comment_status":"closed","ping_status":"closed","template":"","meta":{"footnotes":""},"class_list":["post-5157","page","type-page","status-publish","hentry"],"_links":{"self":[{"href":"https:\/\/libshop.fr\/de\/wp-json\/wp\/v2\/pages\/5157","targetHints":{"allow":["GET"]}}],"collection":[{"href":"https:\/\/libshop.fr\/de\/wp-json\/wp\/v2\/pages"}],"about":[{"href":"https:\/\/libshop.fr\/de\/wp-json\/wp\/v2\/types\/page"}],"author":[{"embeddable":true,"href":"https:\/\/libshop.fr\/de\/wp-json\/wp\/v2\/users\/1"}],"replies":[{"embeddable":true,"href":"https:\/\/libshop.fr\/de\/wp-json\/wp\/v2\/comments?post=5157"}],"version-history":[{"count":3,"href":"https:\/\/libshop.fr\/de\/wp-json\/wp\/v2\/pages\/5157\/revisions"}],"predecessor-version":[{"id":8349,"href":"https:\/\/libshop.fr\/de\/wp-json\/wp\/v2\/pages\/5157\/revisions\/8349"}],"wp:attachment":[{"href":"https:\/\/libshop.fr\/de\/wp-json\/wp\/v2\/media?parent=5157"}],"curies":[{"name":"wp","href":"https:\/\/api.w.org\/{rel}","templated":true}]}}