{"id":5097,"date":"2021-04-28T19:24:26","date_gmt":"2021-04-28T17:24:26","guid":{"rendered":"https:\/\/libshop.fr\/?page_id=5097"},"modified":"2021-05-12T14:28:17","modified_gmt":"2021-05-12T12:28:17","slug":"nutzungsbedingungen","status":"publish","type":"page","link":"https:\/\/libshop.fr\/de\/terms-of-services\/","title":{"rendered":"Nutzungsbedingungen"},"content":{"rendered":"<h1>Nutzungsbedingungen der Website<\/h1>\n<h2>1.Bedingungen<\/h2>\n<p>Durch den Zugriff auf diese Website, die \u00fcber https:\/\/libshop.fr zug\u00e4nglich ist, erkl\u00e4ren Sie sich mit den Nutzungsbedingungen dieser Website einverstanden und stimmen zu, dass Sie f\u00fcr die Einhaltung aller geltenden lokalen Gesetze verantwortlich sind. Wenn Sie mit einer dieser Bedingungen nicht einverstanden sind, ist Ihnen der Zugriff auf diese Website untersagt. Die auf dieser Website enthaltenen Materialien unterliegen dem Urheberrecht und dem Markenrecht.<\/p>\n<h2>2. Lizenz verwenden<\/h2>\n<p>Es wird die Erlaubnis erteilt, vor\u00fcbergehend eine Kopie der Materialien auf der Libshop-Website herunterzuladen, die ausschlie\u00dflich f\u00fcr den pers\u00f6nlichen, nicht kommerziellen vor\u00fcbergehenden Gebrauch bestimmt ist. Hierbei handelt es sich um die Gew\u00e4hrung einer Lizenz, nicht um eine Eigentums\u00fcbertragung, und im Rahmen dieser Lizenz ist es Ihnen nicht gestattet:<\/p>\n<ul>\n<li>die Materialien \u00e4ndern oder kopieren;<\/li>\n<li>die Materialien f\u00fcr kommerzielle Zwecke oder zur \u00f6ffentlichen Zurschaustellung verwenden;<\/li>\n<li>Versuchen Sie, die auf der Website von Libshop enthaltene Software zur\u00fcckzuentwickeln.<\/li>\n<li>jegliche Urheberrechts- oder andere Eigentumsvermerke aus den Materialien entfernen; Gold<\/li>\n<li>\u00dcbertragen der Materialien an eine andere Person oder \u201eSpiegeln\u201c der Materialien auf einem anderen Server.<\/li>\n<\/ul>\n<p>Dadurch kann Libshop bei Verst\u00f6\u00dfen gegen eine dieser Einschr\u00e4nkungen beendet werden. Mit der K\u00fcndigung erlischt auch Ihr Anzeigerecht und Sie sollten alle heruntergeladenen Materialien in Ihrem Besitz vernichten, unabh\u00e4ngig davon, ob sie in gedruckter oder elektronischer Form vorliegen.<\/p>\n<h2>3. Haftungsausschluss<\/h2>\n<p>Alle Materialien auf der Website von Libshop werden \u201ewie besehen\u201c bereitgestellt. Libshop \u00fcbernimmt keine Garantien, weder ausdr\u00fccklich noch stillschweigend, und lehnt daher alle anderen Garantien ab. Dar\u00fcber hinaus gibt Libshop keine Zusicherungen hinsichtlich der Genauigkeit oder Zuverl\u00e4ssigkeit der Verwendung der Materialien auf seiner Website oder anderweitig in Bezug auf solche Materialien oder mit dieser Website verlinkte Websites.<\/p>\n<h2>4. Einschr\u00e4nkungen<\/h2>\n<p>Libshop oder seine Lieferanten haften nicht f\u00fcr Sch\u00e4den, die durch die Nutzung oder Unm\u00f6glichkeit der Nutzung der Materialien auf der Website von Libshop entstehen, selbst wenn Libshop oder ein autorisierter Vertreter dieser Website m\u00fcndlich oder schriftlich \u00fcber die M\u00f6glichkeit informiert wurde solchen Schaden. Einige Gerichtsbarkeiten erlauben keine Beschr\u00e4nkungen stillschweigender Garantien oder Haftungsbeschr\u00e4nkungen f\u00fcr zuf\u00e4llige Sch\u00e4den. Diese Beschr\u00e4nkungen gelten m\u00f6glicherweise nicht f\u00fcr Sie.<\/p>\n<h2>5. \u00dcberarbeitungen und Errata<\/h2>\n<p>Die auf der Website von Libshop erscheinenden Materialien k\u00f6nnen technische, typografische oder fotografische Fehler enthalten. Libshop \u00fcbernimmt keine Gew\u00e4hr daf\u00fcr, dass die Materialien auf dieser Website korrekt, vollst\u00e4ndig oder aktuell sind. Libshop kann die auf seiner Website enthaltenen Materialien jederzeit und ohne Vorank\u00fcndigung \u00e4ndern. La Pause Info \u00fcbernimmt keine Verpflichtung zur Aktualisierung der Materialien.<\/p>\n<h2>6.Links<\/h2>\n<p>Libshop hat nicht alle mit seiner Website verlinkten Websites \u00fcberpr\u00fcft und ist nicht f\u00fcr den Inhalt dieser verlinkten Websites verantwortlich. Das Vorhandensein eines Links bedeutet nicht, dass Libshop die Website bef\u00fcrwortet. Die Nutzung der verlinkten Websites erfolgt auf eigene Gefahr des Nutzers.<\/p>\n<h2>7. \u00c4nderungen der Nutzungsbedingungen der Website<\/h2>\n<p>Libshop kann diese Nutzungsbedingungen f\u00fcr seine Website jederzeit und ohne vorherige Ank\u00fcndigung \u00e4ndern. Durch die Nutzung dieser Website erkl\u00e4ren Sie sich mit der aktuellen Version dieser Nutzungsbedingungen einverstanden.<\/p>\n<h2>8. Ihre Privatsph\u00e4re<\/h2>\n<p>Bitte lesen Sie unsere Datenschutzbestimmungen.<\/p>\n<h2>9. Anwendbares Recht<\/h2>\n<p>Alle Anspr\u00fcche im Zusammenhang mit der Website von Libshop unterliegen den Gesetzen von fr ohne R\u00fccksicht auf die Kollisionsnormen.<\/p>","protected":false},"excerpt":{"rendered":"<p>Website Terms and Conditions of Use 1. Terms By accessing this Website, accessible from https:\/\/libshop.fr, you are agreeing to be bound by these Website Terms and Conditions of Use and agree that you are responsible for the agreement with any applicable local laws. If you disagree with any of these terms, you are prohibited from [&hellip;]<\/p>\n","protected":false},"author":1,"featured_media":0,"parent":0,"menu_order":0,"comment_status":"closed","ping_status":"closed","template":"","meta":{"footnotes":""},"class_list":["post-5097","page","type-page","status-publish","hentry"],"_links":{"self":[{"href":"https:\/\/libshop.fr\/de\/wp-json\/wp\/v2\/pages\/5097","targetHints":{"allow":["GET"]}}],"collection":[{"href":"https:\/\/libshop.fr\/de\/wp-json\/wp\/v2\/pages"}],"about":[{"href":"https:\/\/libshop.fr\/de\/wp-json\/wp\/v2\/types\/page"}],"author":[{"embeddable":true,"href":"https:\/\/libshop.fr\/de\/wp-json\/wp\/v2\/users\/1"}],"replies":[{"embeddable":true,"href":"https:\/\/libshop.fr\/de\/wp-json\/wp\/v2\/comments?post=5097"}],"version-history":[{"count":3,"href":"https:\/\/libshop.fr\/de\/wp-json\/wp\/v2\/pages\/5097\/revisions"}],"predecessor-version":[{"id":5156,"href":"https:\/\/libshop.fr\/de\/wp-json\/wp\/v2\/pages\/5097\/revisions\/5156"}],"wp:attachment":[{"href":"https:\/\/libshop.fr\/de\/wp-json\/wp\/v2\/media?parent=5097"}],"curies":[{"name":"wp","href":"https:\/\/api.w.org\/{rel}","templated":true}]}}