{"id":4445,"date":"2021-04-18T18:44:47","date_gmt":"2021-04-18T16:44:47","guid":{"rendered":"https:\/\/libshop.fr\/?page_id=4445"},"modified":"2021-04-18T18:45:21","modified_gmt":"2021-04-18T16:45:21","slug":"datenschutz-bestimmungen","status":"publish","type":"page","link":"https:\/\/libshop.fr\/de\/politique-de-confidentialite\/","title":{"rendered":"Datenschutz-Bestimmungen"},"content":{"rendered":"<div data-elementor-type=\"wp-page\" data-elementor-id=\"4445\" class=\"elementor elementor-4445\" data-elementor-post-type=\"page\">\n\t\t\t\t\t\t<section class=\"elementor-section elementor-top-section elementor-element elementor-element-a257d59 elementor-section-boxed elementor-section-height-default elementor-section-height-default\" data-id=\"a257d59\" data-element_type=\"section\" data-e-type=\"section\">\n\t\t\t\t\t\t<div class=\"elementor-container elementor-column-gap-default\">\n\t\t\t\t\t<div class=\"elementor-column elementor-col-16 elementor-top-column elementor-element elementor-element-94139a5\" data-id=\"94139a5\" data-element_type=\"column\" data-e-type=\"column\">\n\t\t\t<div class=\"elementor-widget-wrap\">\n\t\t\t\t\t\t\t<\/div>\n\t\t<\/div>\n\t\t\t\t<div class=\"elementor-column elementor-col-66 elementor-top-column elementor-element elementor-element-f38a1d8\" data-id=\"f38a1d8\" data-element_type=\"column\" data-e-type=\"column\">\n\t\t\t<div class=\"elementor-widget-wrap elementor-element-populated\">\n\t\t\t\t\t\t<div class=\"elementor-element elementor-element-3cc47dd elementor-widget elementor-widget-text-editor\" data-id=\"3cc47dd\" data-element_type=\"widget\" data-e-type=\"widget\" data-widget_type=\"text-editor.default\">\n\t\t\t\t<div class=\"elementor-widget-container\">\n\t\t\t\t\t\t\t\t\t<p>1. Sammlung von Informationen<\/p><p>Wir erfassen Informationen, wenn Sie sich auf unserer Website registrieren, sich bei Ihrem Konto anmelden, einen Kauf t\u00e4tigen, an einem Wettbewerb teilnehmen und\/oder sich abmelden. Zu den erfassten Informationen geh\u00f6ren Ihr Name, Ihre E-Mail-Adresse, Ihre Telefonnummer und\/oder Ihre Kreditkarteninformationen.<\/p><p>Dar\u00fcber hinaus empfangen und speichern wir automatisch Informationen von Ihrem Computer und Browser, einschlie\u00dflich Ihrer IP-Adresse, Software und Hardware sowie der von Ihnen aufgerufenen Seite.<\/p><p>2. Nutzung der Informationen<\/p><p>Alle Informationen, die wir von Ihnen sammeln, k\u00f6nnen verwendet werden, um:<\/p><p>Passen Sie Ihr Erlebnis individuell an und erf\u00fcllen Sie Ihre individuellen Bed\u00fcrfnisse<br \/>Stellen Sie personalisierte Werbeinhalte bereit<br \/>Verbessern Sie unsere Website<br \/>Verbessern Sie den Kundenservice und Ihren Supportbedarf<br \/>Kontaktieren Sie Sie per E-Mail<br \/>Verwalten Sie einen Wettbewerb, eine Werbeaktion oder eine Umfrage<\/p><p>3. Vertraulichkeit des Online-Handels<\/p><p>Wir sind der alleinige Eigent\u00fcmer der auf dieser Website gesammelten Informationen. Ihre pers\u00f6nlichen Daten werden ohne Ihre Zustimmung aus keinem Grund verkauft, getauscht, \u00fcbertragen oder an ein anderes Unternehmen weitergegeben, es sei denn, dies ist zur Erf\u00fcllung einer Anfrage und\/oder Transaktion erforderlich, beispielsweise zum Versand einer Bestellung.<\/p><p>4. Weitergabe an Dritte<\/p><p>Wir verkaufen, handeln oder \u00fcbertragen Ihre personenbezogenen Daten nicht an Dritte. Dies gilt nicht f\u00fcr vertrauensw\u00fcrdige Dritte, die uns beim Betrieb unserer Website oder bei der F\u00fchrung unserer Gesch\u00e4fte unterst\u00fctzen, sofern diese Parteien sich verpflichten, diese Informationen vertraulich zu behandeln.<\/p><p>Wir glauben, dass es notwendig ist, Informationen weiterzugeben, um illegale Aktivit\u00e4ten, mutma\u00dflichen Betrug, Situationen mit potenziellen Bedrohungen f\u00fcr die k\u00f6rperliche Sicherheit von Personen, Verst\u00f6\u00dfe gegen unsere Nutzungsbedingungen zu untersuchen, zu verhindern oder entsprechende Ma\u00dfnahmen zu ergreifen, oder wenn dies gesetzlich vorgeschrieben ist.<\/p><p>Nicht-private Informationen k\u00f6nnen jedoch an andere Parteien f\u00fcr Marketing-, Werbe- oder andere Zwecke weitergegeben werden.<\/p><p>5. Schutz von Informationen<\/p><p>Wir implementieren verschiedene Sicherheitsma\u00dfnahmen, um die Sicherheit Ihrer pers\u00f6nlichen Daten zu gew\u00e4hrleisten. Zum Schutz vertraulicher online \u00fcbertragener Informationen verwenden wir modernste Verschl\u00fcsselung. Wir sch\u00fctzen Ihre Daten auch offline. Nur Mitarbeiter, die eine bestimmte Aufgabe ausf\u00fchren m\u00fcssen (z. B. Rechnungsstellung oder Kundendienst), haben Zugriff auf personenbezogene Daten. Die Computer und Server, auf denen personenbezogene Daten gespeichert werden, werden in einer sicheren Umgebung aufbewahrt.<\/p><p>Verwenden wir Cookies?<\/p><p>Ja. Unsere Cookies verbessern den Zugriff auf unsere Website und identifizieren wiederkehrende Besucher. Dar\u00fcber hinaus verbessern unsere Cookies das Benutzererlebnis, indem sie ihre Interessen verfolgen und gezielt darauf abzielen. Diese Verwendung von Cookies ist jedoch in keiner Weise mit personenbezogenen Daten auf unserer Website verkn\u00fcpft.<\/p><p>6. Abmelden<\/p><p>Wir verwenden die von Ihnen angegebene E-Mail-Adresse, um Ihnen Bestellinformationen und Aktualisierungen, gelegentliche Unternehmensnachrichten, verwandte Produktinformationen und mehr zu senden. Wenn Sie sich zu irgendeinem Zeitpunkt vom Erhalt weiterer E-Mails abmelden m\u00f6chten, finden Sie am Ende jeder E-Mail detaillierte Anweisungen zum Abbestellen.<\/p><p>7. Einwilligung<br \/>Durch die Nutzung unserer Website stimmen Sie unserer Datenschutzerkl\u00e4rung zu.<\/p>\t\t\t\t\t\t\t\t<\/div>\n\t\t\t\t<\/div>\n\t\t\t\t\t<\/div>\n\t\t<\/div>\n\t\t\t\t<div class=\"elementor-column elementor-col-16 elementor-top-column elementor-element elementor-element-2412248\" data-id=\"2412248\" data-element_type=\"column\" data-e-type=\"column\">\n\t\t\t<div class=\"elementor-widget-wrap\">\n\t\t\t\t\t\t\t<\/div>\n\t\t<\/div>\n\t\t\t\t\t<\/div>\n\t\t<\/section>\n\t\t\t\t<\/div>","protected":false},"excerpt":{"rendered":"<p>1.Collecte de l\u2019information Nous recueillons des informations lorsque vous vous inscrivez sur notre site, lorsque vous vous connectez \u00e0 votre compte, faites un achat, participez \u00e0 un concours, et \/ ou lorsque vous vous d\u00e9connectez. Les informations recueillies incluent votre nom, votre adresse e-mail, num\u00e9ro de t\u00e9l\u00e9phone, et \/ ou carte de cr\u00e9dit. En outre, [&hellip;]<\/p>\n","protected":false},"author":1,"featured_media":0,"parent":0,"menu_order":0,"comment_status":"closed","ping_status":"closed","template":"","meta":{"footnotes":""},"class_list":["post-4445","page","type-page","status-publish","hentry"],"_links":{"self":[{"href":"https:\/\/libshop.fr\/de\/wp-json\/wp\/v2\/pages\/4445","targetHints":{"allow":["GET"]}}],"collection":[{"href":"https:\/\/libshop.fr\/de\/wp-json\/wp\/v2\/pages"}],"about":[{"href":"https:\/\/libshop.fr\/de\/wp-json\/wp\/v2\/types\/page"}],"author":[{"embeddable":true,"href":"https:\/\/libshop.fr\/de\/wp-json\/wp\/v2\/users\/1"}],"replies":[{"embeddable":true,"href":"https:\/\/libshop.fr\/de\/wp-json\/wp\/v2\/comments?post=4445"}],"version-history":[{"count":4,"href":"https:\/\/libshop.fr\/de\/wp-json\/wp\/v2\/pages\/4445\/revisions"}],"predecessor-version":[{"id":4449,"href":"https:\/\/libshop.fr\/de\/wp-json\/wp\/v2\/pages\/4445\/revisions\/4449"}],"wp:attachment":[{"href":"https:\/\/libshop.fr\/de\/wp-json\/wp\/v2\/media?parent=4445"}],"curies":[{"name":"wp","href":"https:\/\/api.w.org\/{rel}","templated":true}]}}