{"id":10999,"date":"2025-06-20T18:15:04","date_gmt":"2025-06-20T16:15:04","guid":{"rendered":"https:\/\/libshop.fr\/?page_id=10999"},"modified":"2025-06-20T18:27:10","modified_gmt":"2025-06-20T16:27:10","slug":"uber-libshop","status":"publish","type":"page","link":"https:\/\/libshop.fr\/de\/a-propos-de-libshop\/","title":{"rendered":"\u00dcber Libshop, ein Konzept f\u00fcr gesunde und k\u00f6stliche mediterrane K\u00fcche in Paris"},"content":{"rendered":"<p><strong>Bibliothek<\/strong>\u00a0ist ein Zeichen von\u00a0<strong>Libanesisches Restaurant<\/strong>\u00a0kreativ und qualitativ zu\u00a0<strong>Paris<\/strong>Ob es sich um eine <strong>Mittagessen<\/strong> schnell, eins <strong>Abendessen<\/strong> Einzelgespr\u00e4che oder <strong>gem\u00fctliches Essen mit Freunden<\/strong>, <strong>Libshop ist das ideale Restaurant<\/strong> f\u00fcr eine Mahlzeit <strong>gesund und lecker<\/strong>.<\/p>\n<p>Entdecken Sie unsere Restaurants <strong>vor Ort<\/strong> Zu <strong><a href=\"https:\/\/libshop.fr\/de\/gaststatten\/libshop-paris-1\/\">Paris 1<\/a>\u00a0<\/strong><em>(Zwischen Ch\u00e2telet-les-Halles und Etienne Marcel) und<\/em>\u00a0<strong><a href=\"https:\/\/libshop.fr\/de\/gaststatten\/libshop-paris-13\/\">Paris 13<\/a><\/strong>\u00a0<em>(Fran\u00e7ois-Mitterrand-Bibliothek). <\/em>F\u00fcr alle, die es eilig haben, gibt es Libshop nur mittags zum Mitnehmen unter\u00a0<strong><a href=\"https:\/\/libshop.fr\/de\/gaststatten\/libshop-paris-8\/\">Paris 8<\/a><\/strong>\u00a0<em>(Zwischen Bo\u00e9tie und Saint-Philippe du Roule)<\/em>, Und\u00a0<strong><a href=\"https:\/\/libshop.fr\/de\/gaststatten\/libshop-paris-9\/\">Paris 9<\/a><\/strong>\u00a0<em>(Der Peletier).<\/em> Und f\u00fcr die <strong>Lieferung und Click&amp;Collect<\/strong>, gehen Sie direkt zu <a href=\"https:\/\/commande.libshop.fr\" target=\"_blank\" rel=\"noopener\"><strong>die Libshop-Anwendung<\/strong><\/a>.<\/p>\n<p>Seit mehr als 10 Jahren sind wir auf die handwerkliche Herstellung von spezialisiert\u00a0<strong>Mezze, Shawarma, Falafel, libanesische und mediterran inspirierte Gerichte und Geb\u00e4ck<\/strong>, zwischen\u00a0<strong>Tradition und Moderne<\/strong>Wir haben entwickelt\u00a0<strong>einzigartige Rezepte,<\/strong> und die speziell auf uns zugeschnitten sind.<\/p>\n<p>Wir sind\u00a0<strong>leidenschaftlich<\/strong>\u00a0durch die\u00a0<strong>Mediterrane K\u00fcche im weiteren Sinne<\/strong>und durch die Fragen von\u00a0<strong>Gesundheit und Langlebigkeit<\/strong>. Au\u00dferdem nutzten wir\u00a0<strong><a href=\"https:\/\/libshop.fr\/de\/gesundheit\/\">unser Wissen \u00fcber Ern\u00e4hrung<\/a><\/strong>\u00a0damit unsere Rezepte die besten sind\u00a0<strong>gesund<\/strong>\u00a0und die meisten\u00a0<strong>nahrhaft<\/strong>\u00a0m\u00f6glich.<\/p>\n<div id='gallery-1' class='gallery galleryid-10999 gallery-columns-3 gallery-size-medium'><figure class='gallery-item'>\n\t\t\t<div class='gallery-icon portrait'>\n\t\t\t\t<img fetchpriority=\"high\" decoding=\"async\" width=\"640\" height=\"853\" src=\"https:\/\/libshop.fr\/wp-content\/uploads\/2022\/04\/IMG_0422-640x853.jpg\" class=\"attachment-medium size-medium\" alt=\"|\" aria-describedby=\"gallery-1-6031\" srcset=\"https:\/\/libshop.fr\/wp-content\/uploads\/2022\/04\/IMG_0422-640x853.jpg 640w, https:\/\/libshop.fr\/wp-content\/uploads\/2022\/04\/IMG_0422-scaled.jpg 1920w, https:\/\/libshop.fr\/wp-content\/uploads\/2022\/04\/IMG_0422-768x1024.jpg 768w, https:\/\/libshop.fr\/wp-content\/uploads\/2022\/04\/IMG_0422-1152x1536.jpg 1152w, https:\/\/libshop.fr\/wp-content\/uploads\/2022\/04\/IMG_0422-1536x2048.jpg 1536w, https:\/\/libshop.fr\/wp-content\/uploads\/2022\/04\/IMG_0422-1320x1760.jpg 1320w\" sizes=\"(max-width: 640px) 100vw, 640px\" title=\"-\">\n\t\t\t<\/div>\n\t\t\t\t<figcaption class='wp-caption-text gallery-caption' id='gallery-1-6031'>\n\t\t\t\tEin romantisches Essen im Libshop\n\t\t\t\t<\/figcaption><\/figure><figure class='gallery-item'>\n\t\t\t<div class='gallery-icon portrait'>\n\t\t\t\t<img decoding=\"async\" width=\"640\" height=\"853\" src=\"https:\/\/libshop.fr\/wp-content\/uploads\/2022\/04\/IMG_3536-640x853.jpg\" class=\"attachment-medium size-medium\" alt=\"|\" aria-describedby=\"gallery-1-6079\" srcset=\"https:\/\/libshop.fr\/wp-content\/uploads\/2022\/04\/IMG_3536-640x853.jpg 640w, https:\/\/libshop.fr\/wp-content\/uploads\/2022\/04\/IMG_3536-scaled.jpg 1920w, https:\/\/libshop.fr\/wp-content\/uploads\/2022\/04\/IMG_3536-768x1024.jpg 768w, https:\/\/libshop.fr\/wp-content\/uploads\/2022\/04\/IMG_3536-1152x1536.jpg 1152w, https:\/\/libshop.fr\/wp-content\/uploads\/2022\/04\/IMG_3536-1536x2048.jpg 1536w, https:\/\/libshop.fr\/wp-content\/uploads\/2022\/04\/IMG_3536-1320x1760.jpg 1320w\" sizes=\"(max-width: 640px) 100vw, 640px\" title=\"-\">\n\t\t\t<\/div>\n\t\t\t\t<figcaption class='wp-caption-text gallery-caption' id='gallery-1-6079'>\n\t\t\t\tK\u00f6stlich verschlungener Falafelsalat bei Libshop\n\t\t\t\t<\/figcaption><\/figure><figure class='gallery-item'>\n\t\t\t<div class='gallery-icon portrait'>\n\t\t\t\t<img decoding=\"async\" width=\"640\" height=\"853\" src=\"https:\/\/libshop.fr\/wp-content\/uploads\/2022\/04\/IMG_6011-640x853.jpg\" class=\"attachment-medium size-medium\" alt=\"|\" aria-describedby=\"gallery-1-5998\" srcset=\"https:\/\/libshop.fr\/wp-content\/uploads\/2022\/04\/IMG_6011-640x853.jpg 640w, https:\/\/libshop.fr\/wp-content\/uploads\/2022\/04\/IMG_6011-scaled.jpg 1920w, https:\/\/libshop.fr\/wp-content\/uploads\/2022\/04\/IMG_6011-768x1024.jpg 768w, https:\/\/libshop.fr\/wp-content\/uploads\/2022\/04\/IMG_6011-1152x1536.jpg 1152w, https:\/\/libshop.fr\/wp-content\/uploads\/2022\/04\/IMG_6011-1536x2048.jpg 1536w, https:\/\/libshop.fr\/wp-content\/uploads\/2022\/04\/IMG_6011-1320x1760.jpg 1320w\" sizes=\"(max-width: 640px) 100vw, 640px\" title=\"-\">\n\t\t\t<\/div>\n\t\t\t\t<figcaption class='wp-caption-text gallery-caption' id='gallery-1-5998'>\n\t\t\t\tLibshop, perfekt f\u00fcr Sportler\n\t\t\t\t<\/figcaption><\/figure><figure class='gallery-item'>\n\t\t\t<div class='gallery-icon portrait'>\n\t\t\t\t<img loading=\"lazy\" decoding=\"async\" width=\"640\" height=\"800\" src=\"https:\/\/libshop.fr\/wp-content\/uploads\/2022\/04\/E17A0188-7996-4F75-87C4-B56DBD5313DB-640x800.jpg\" class=\"attachment-medium size-medium\" alt=\"|\" aria-describedby=\"gallery-1-6000\" srcset=\"https:\/\/libshop.fr\/wp-content\/uploads\/2022\/04\/E17A0188-7996-4F75-87C4-B56DBD5313DB-640x800.jpg 640w, https:\/\/libshop.fr\/wp-content\/uploads\/2022\/04\/E17A0188-7996-4F75-87C4-B56DBD5313DB-768x960.jpg 768w, https:\/\/libshop.fr\/wp-content\/uploads\/2022\/04\/E17A0188-7996-4F75-87C4-B56DBD5313DB-1229x1536.jpg 1229w, https:\/\/libshop.fr\/wp-content\/uploads\/2022\/04\/E17A0188-7996-4F75-87C4-B56DBD5313DB-1320x1650.jpg 1320w, https:\/\/libshop.fr\/wp-content\/uploads\/2022\/04\/E17A0188-7996-4F75-87C4-B56DBD5313DB.jpg 1440w\" sizes=\"(max-width: 640px) 100vw, 640px\" title=\"-\">\n\t\t\t<\/div>\n\t\t\t\t<figcaption class='wp-caption-text gallery-caption' id='gallery-1-6000'>\n\t\t\t\tLibshop, gesund und lecker\n\t\t\t\t<\/figcaption><\/figure>\n\t\t<\/div>\n\n<p>Ob Sie Sportler, Feinschmecker oder einfach nur neugierig auf die libanesische K\u00fcche sind, Libshop ist ein Muss f\u00fcr mediterranes Streetfood in Paris. Am Ursprung dieses <strong>Libanesische Kantine<\/strong> Entstaubt, zwei Br\u00fcder, unterst\u00fctzt von ihrem Vater, die seit 2014 mit Leidenschaft daran arbeiten, die levantinische K\u00fcche auf den neuesten Stand zu bringen.<\/p>\n<p>Um zu beginnen, gehen Sie im Men\u00fc wie folgt vor: <strong>traditionelle und neu interpretierte Mezze<\/strong> rein handwerklich zubereitet. <strong>Auberginenkaviar, Taboul\u00e9, Labneh nach Tzatziki-Art oder sogar Hummus<\/strong> Urspr\u00fcnglich oder in mehreren Geschmacksrichtungen erh\u00e4ltlich: frisches Basilikum, thail\u00e4ndische Sriracha-Sauce oder k\u00f6stlich s\u00fc\u00dfe Rote Bete.<\/p>\n<figure id=\"attachment_10185\" aria-describedby=\"caption-attachment-10185\" style=\"width: 2560px\" class=\"wp-caption aligncenter\"><img loading=\"lazy\" decoding=\"async\" class=\"wp-image-10185 size-full\" title=\"Mediterrane Mezze bei Libshop: Tzatziki, Hummus, Auberginenkaviar, Taboul\u00e9 und Basilikum-Hummus.\" src=\"https:\/\/libshop.fr\/wp-content\/uploads\/2022\/09\/mix-mezzes-scaled.jpg\" alt=\"Mediterrane Mezze bei Libshop: Tzatziki, Hummus, Auberginenkaviar, Taboul\u00e9 und Basilikum-Hummus.\" width=\"2560\" height=\"2560\" srcset=\"https:\/\/libshop.fr\/wp-content\/uploads\/2022\/09\/mix-mezzes-scaled.jpg 2560w, https:\/\/libshop.fr\/wp-content\/uploads\/2022\/09\/mix-mezzes-640x640.jpg 640w, https:\/\/libshop.fr\/wp-content\/uploads\/2022\/09\/mix-mezzes-1920x1920.jpg 1920w, https:\/\/libshop.fr\/wp-content\/uploads\/2022\/09\/mix-mezzes-150x150.jpg 150w, https:\/\/libshop.fr\/wp-content\/uploads\/2022\/09\/mix-mezzes-768x768.jpg 768w, https:\/\/libshop.fr\/wp-content\/uploads\/2022\/09\/mix-mezzes-200x200.jpg 200w, https:\/\/libshop.fr\/wp-content\/uploads\/2022\/09\/mix-mezzes-1536x1536.jpg 1536w, https:\/\/libshop.fr\/wp-content\/uploads\/2022\/09\/mix-mezzes-2048x2048.jpg 2048w, https:\/\/libshop.fr\/wp-content\/uploads\/2022\/09\/mix-mezzes-12x12.jpg 12w, https:\/\/libshop.fr\/wp-content\/uploads\/2022\/09\/mix-mezzes-1320x1320.jpg 1320w\" sizes=\"(max-width: 2560px) 100vw, 2560px\" \/><figcaption id=\"caption-attachment-10185\" class=\"wp-caption-text\">Mediterrane Mezze bei Libshop: Tzatziki, Hummus, Auberginenkaviar, Taboul\u00e9 und Basilikum-Hummus.<\/figcaption><\/figure>\n<p>Dann lecker <strong>Sandwiches mit einzigartigen Rezepten<\/strong>, darunter das W (24 Stunden lang marinierte Rinderflanke mit schwarzem Pfeffer, Zimt, Ingwer, Kardamom, Sumach, Nelken, Muskatnuss), der White Shark (unser Bestseller, marinierte H\u00fchnerbrust, Shawarma-Art, H\u00fchnchen-Knoblauchcreme), die Falafel (Kichererbsen, Saubohnen, Auberginen, Sesamcreme und frisches rohes Gem\u00fcse) oder der Bombardier, ein k\u00f6stliches Fusion-Shawarma-\/Kebab-Sandwich mit geheimen Gew\u00fcrzen, das Sie nirgendwo sonst finden.<\/p>\n<figure id=\"attachment_9704\" aria-describedby=\"caption-attachment-9704\" style=\"width: 2560px\" class=\"wp-caption aligncenter\"><img loading=\"lazy\" decoding=\"async\" class=\"size-full wp-image-9704\" src=\"https:\/\/libshop.fr\/wp-content\/uploads\/2024\/10\/libshop-menu-et-rs-26-scaled.jpg\" alt=\"Libshop-Sandwiches: Rindfleisch, H\u00fchnchen, Falafel oder Kebab.\" width=\"2560\" height=\"1707\" title=\"-\" srcset=\"https:\/\/libshop.fr\/wp-content\/uploads\/2024\/10\/libshop-menu-et-rs-26-scaled.jpg 2560w, https:\/\/libshop.fr\/wp-content\/uploads\/2024\/10\/libshop-menu-et-rs-26-640x427.jpg 640w, https:\/\/libshop.fr\/wp-content\/uploads\/2024\/10\/libshop-menu-et-rs-26-1920x1280.jpg 1920w, https:\/\/libshop.fr\/wp-content\/uploads\/2024\/10\/libshop-menu-et-rs-26-768x512.jpg 768w, https:\/\/libshop.fr\/wp-content\/uploads\/2024\/10\/libshop-menu-et-rs-26-200x133.jpg 200w, https:\/\/libshop.fr\/wp-content\/uploads\/2024\/10\/libshop-menu-et-rs-26-1536x1024.jpg 1536w, https:\/\/libshop.fr\/wp-content\/uploads\/2024\/10\/libshop-menu-et-rs-26-2048x1365.jpg 2048w, https:\/\/libshop.fr\/wp-content\/uploads\/2024\/10\/libshop-menu-et-rs-26-18x12.jpg 18w, https:\/\/libshop.fr\/wp-content\/uploads\/2024\/10\/libshop-menu-et-rs-26-300x200.jpg 300w, https:\/\/libshop.fr\/wp-content\/uploads\/2024\/10\/libshop-menu-et-rs-26-1320x880.jpg 1320w\" sizes=\"(max-width: 2560px) 100vw, 2560px\" \/><figcaption id=\"caption-attachment-9704\" class=\"wp-caption-text\">Libshop-Sandwiches: Rindfleisch, H\u00fchnchen, Falafel oder Kebab.<\/figcaption><\/figure>\n<figure id=\"attachment_11004\" aria-describedby=\"caption-attachment-11004\" style=\"width: 2000px\" class=\"wp-caption aligncenter\"><img loading=\"lazy\" decoding=\"async\" class=\"size-full wp-image-11004\" src=\"https:\/\/libshop.fr\/wp-content\/uploads\/2025\/06\/Sandwich-Libshop-Signature-Houmous.jpg\" alt=\"Shawarma\/Falafel-Formel bei Libshop\" width=\"2000\" height=\"1333\" title=\"-\" srcset=\"https:\/\/libshop.fr\/wp-content\/uploads\/2025\/06\/Sandwich-Libshop-Signature-Houmous.jpg 2000w, https:\/\/libshop.fr\/wp-content\/uploads\/2025\/06\/Sandwich-Libshop-Signature-Houmous-640x427.jpg 640w, https:\/\/libshop.fr\/wp-content\/uploads\/2025\/06\/Sandwich-Libshop-Signature-Houmous-1920x1280.jpg 1920w, https:\/\/libshop.fr\/wp-content\/uploads\/2025\/06\/Sandwich-Libshop-Signature-Houmous-768x512.jpg 768w, https:\/\/libshop.fr\/wp-content\/uploads\/2025\/06\/Sandwich-Libshop-Signature-Houmous-200x133.jpg 200w, https:\/\/libshop.fr\/wp-content\/uploads\/2025\/06\/Sandwich-Libshop-Signature-Houmous-1536x1024.jpg 1536w, https:\/\/libshop.fr\/wp-content\/uploads\/2025\/06\/Sandwich-Libshop-Signature-Houmous-18x12.jpg 18w, https:\/\/libshop.fr\/wp-content\/uploads\/2025\/06\/Sandwich-Libshop-Signature-Houmous-300x200.jpg 300w, https:\/\/libshop.fr\/wp-content\/uploads\/2025\/06\/Sandwich-Libshop-Signature-Houmous-1320x880.jpg 1320w\" sizes=\"(max-width: 2000px) 100vw, 2000px\" \/><figcaption id=\"caption-attachment-11004\" class=\"wp-caption-text\">Shawarma\/Falafel-Sandwich-Rezept bei Libshop. Bildnachweis: <a href=\"https:\/\/www.instagram.com\/lapuertaontheroad\" target=\"_blank\" rel=\"noopener\">@lapuertaontheroad<\/a><\/figcaption><\/figure>\n<p>Als Salat w\u00e4hlen wir aus den k\u00f6stlichen <strong>Fattoush-Salat<\/strong>, der ber\u00fchmte libanesische Bauernsalat, in einer einfachen Version oder im Format <strong>Blaue Sch\u00fcssel <\/strong>Mit kaltem Mezze und ger\u00f6steten S\u00fc\u00dfkartoffeln mit levantinischem Zaatar. Dazu passen cremige Falafel mit Sesamcreme oder 24 Stunden mariniertes H\u00e4hnchen, alles verfeinert mit Sumachsauce, dem typisch levantinischen Gew\u00fcrz.<\/p>\n<figure id=\"attachment_9229\" aria-describedby=\"caption-attachment-9229\" style=\"width: 2560px\" class=\"wp-caption aligncenter\"><img loading=\"lazy\" decoding=\"async\" class=\"size-full wp-image-9229\" src=\"https:\/\/libshop.fr\/wp-content\/uploads\/2024\/10\/Blue-Bowl-Veggie-retraitee-scaled.jpg\" alt=\"Die blaue Sch\u00fcssel bei Libshop. Die Sch\u00fcssel f\u00fcr Gesundheit und Langlebigkeit.\" width=\"2560\" height=\"2048\" title=\"-\" srcset=\"https:\/\/libshop.fr\/wp-content\/uploads\/2024\/10\/Blue-Bowl-Veggie-retraitee-scaled.jpg 2560w, https:\/\/libshop.fr\/wp-content\/uploads\/2024\/10\/Blue-Bowl-Veggie-retraitee-640x512.jpg 640w, https:\/\/libshop.fr\/wp-content\/uploads\/2024\/10\/Blue-Bowl-Veggie-retraitee-1920x1536.jpg 1920w, https:\/\/libshop.fr\/wp-content\/uploads\/2024\/10\/Blue-Bowl-Veggie-retraitee-768x614.jpg 768w, https:\/\/libshop.fr\/wp-content\/uploads\/2024\/10\/Blue-Bowl-Veggie-retraitee-200x160.jpg 200w, https:\/\/libshop.fr\/wp-content\/uploads\/2024\/10\/Blue-Bowl-Veggie-retraitee-1536x1229.jpg 1536w, https:\/\/libshop.fr\/wp-content\/uploads\/2024\/10\/Blue-Bowl-Veggie-retraitee-2048x1638.jpg 2048w, https:\/\/libshop.fr\/wp-content\/uploads\/2024\/10\/Blue-Bowl-Veggie-retraitee-15x12.jpg 15w, https:\/\/libshop.fr\/wp-content\/uploads\/2024\/10\/Blue-Bowl-Veggie-retraitee-1320x1056.jpg 1320w\" sizes=\"(max-width: 2560px) 100vw, 2560px\" \/><figcaption id=\"caption-attachment-9229\" class=\"wp-caption-text\">Die blaue Sch\u00fcssel bei Libshop. Die Sch\u00fcssel f\u00fcr Gesundheit und Langlebigkeit.<\/figcaption><\/figure>\n<figure id=\"attachment_9097\" aria-describedby=\"caption-attachment-9097\" style=\"width: 1273px\" class=\"wp-caption aligncenter\"><img loading=\"lazy\" decoding=\"async\" class=\"size-full wp-image-9097\" src=\"https:\/\/libshop.fr\/wp-content\/uploads\/2024\/07\/image00004.jpeg\" alt=\"Falafelsalat bei Libshop.\" width=\"1273\" height=\"1928\" title=\"-\" srcset=\"https:\/\/libshop.fr\/wp-content\/uploads\/2024\/07\/image00004.jpeg 1273w, https:\/\/libshop.fr\/wp-content\/uploads\/2024\/07\/image00004-640x969.jpeg 640w, https:\/\/libshop.fr\/wp-content\/uploads\/2024\/07\/image00004-768x1163.jpeg 768w, https:\/\/libshop.fr\/wp-content\/uploads\/2024\/07\/image00004-132x200.jpeg 132w, https:\/\/libshop.fr\/wp-content\/uploads\/2024\/07\/image00004-1014x1536.jpeg 1014w, https:\/\/libshop.fr\/wp-content\/uploads\/2024\/07\/image00004-8x12.jpeg 8w\" sizes=\"(max-width: 1273px) 100vw, 1273px\" \/><figcaption id=\"caption-attachment-9097\" class=\"wp-caption-text\">Falafelsalat im Libshop. Bildnachweis: <a href=\"https:\/\/www.instagram.com\/lafoodograph\" target=\"_blank\" rel=\"noopener\">@lafoodograph<\/a><\/figcaption><\/figure>\n<p>Bei den warmen Gerichten k\u00f6nnen Sie zwischen dem Zitronen-Oliven-H\u00fchnchen mit Basmatireis und gekochtem Gem\u00fcse oder der legend\u00e4ren libanesischen Fassolia w\u00e4hlen, einem Eintopf aus wei\u00dfen Bohnen mit langsam gegartem Lamm und gekochtem Gem\u00fcse.<\/p>\n<figure id=\"attachment_9230\" aria-describedby=\"caption-attachment-9230\" style=\"width: 2560px\" class=\"wp-caption aligncenter\"><img loading=\"lazy\" decoding=\"async\" class=\"size-full wp-image-9230\" src=\"https:\/\/libshop.fr\/wp-content\/uploads\/2024\/10\/plat-fassolia-retraitee-scaled.jpg\" alt=\"Libanesische Fassolia bei Libshop\" width=\"2560\" height=\"2048\" title=\"-\" srcset=\"https:\/\/libshop.fr\/wp-content\/uploads\/2024\/10\/plat-fassolia-retraitee-scaled.jpg 2560w, https:\/\/libshop.fr\/wp-content\/uploads\/2024\/10\/plat-fassolia-retraitee-640x512.jpg 640w, https:\/\/libshop.fr\/wp-content\/uploads\/2024\/10\/plat-fassolia-retraitee-1920x1536.jpg 1920w, https:\/\/libshop.fr\/wp-content\/uploads\/2024\/10\/plat-fassolia-retraitee-768x614.jpg 768w, https:\/\/libshop.fr\/wp-content\/uploads\/2024\/10\/plat-fassolia-retraitee-200x160.jpg 200w, https:\/\/libshop.fr\/wp-content\/uploads\/2024\/10\/plat-fassolia-retraitee-1536x1229.jpg 1536w, https:\/\/libshop.fr\/wp-content\/uploads\/2024\/10\/plat-fassolia-retraitee-2048x1638.jpg 2048w, https:\/\/libshop.fr\/wp-content\/uploads\/2024\/10\/plat-fassolia-retraitee-15x12.jpg 15w, https:\/\/libshop.fr\/wp-content\/uploads\/2024\/10\/plat-fassolia-retraitee-1320x1056.jpg 1320w\" sizes=\"(max-width: 2560px) 100vw, 2560px\" \/><figcaption id=\"caption-attachment-9230\" class=\"wp-caption-text\">Libanesische Fassolia bei Libshop<\/figcaption><\/figure>\n<p>Wir sind begeistert von der Ern\u00e4hrung und achten darauf, dass unsere Gerichte <strong>sehr anspruchsvolle Ern\u00e4hrungsstandards<\/strong> : langsam im Ofen gegart mit Oliven\u00f6l, hausgemachten 100%-Gem\u00fcsesaucen, H\u00fclsenfr\u00fcchten, die aufgrund ihres niedrigen glyk\u00e4mischen Index und Proteingehalts ausgew\u00e4hlt wurden, und schlie\u00dflich dichte Zutaten, reich an hochwertigen, bioverf\u00fcgbaren tierischen und pflanzlichen Proteinen. Unsere Mahlzeiten, reich an Ballaststoffen, Proteinen, gesunden Fetten und moderat an Kohlenhydraten, sind die idealen Begleiter f\u00fcr Ihre Figur, Ihre Vitalit\u00e4t und Ihre Gesundheit.<\/p>\n<p>Zum Abschluss noch ein paar Fotos von unserem <strong>Desserts und Geb\u00e4ck<\/strong>, das Ihnen vielleicht das Wasser im Mund zusammenlaufen l\u00e4sst \u2026<\/p>\n<figure id=\"attachment_9231\" aria-describedby=\"caption-attachment-9231\" style=\"width: 1920px\" class=\"wp-caption aligncenter\"><img loading=\"lazy\" decoding=\"async\" class=\"size-full wp-image-9231\" src=\"https:\/\/libshop.fr\/wp-content\/uploads\/2024\/10\/P3084675-scaled.jpg\" alt=\"Mouhalabieh, der libanesische Flan im Libshop-Stil. Foto: @lapuertaontheroad\" width=\"1920\" height=\"2560\" title=\"-\" srcset=\"https:\/\/libshop.fr\/wp-content\/uploads\/2024\/10\/P3084675-scaled.jpg 1920w, https:\/\/libshop.fr\/wp-content\/uploads\/2024\/10\/P3084675-640x853.jpg 640w, https:\/\/libshop.fr\/wp-content\/uploads\/2024\/10\/P3084675-768x1024.jpg 768w, https:\/\/libshop.fr\/wp-content\/uploads\/2024\/10\/P3084675-150x200.jpg 150w, https:\/\/libshop.fr\/wp-content\/uploads\/2024\/10\/P3084675-1152x1536.jpg 1152w, https:\/\/libshop.fr\/wp-content\/uploads\/2024\/10\/P3084675-1536x2048.jpg 1536w, https:\/\/libshop.fr\/wp-content\/uploads\/2024\/10\/P3084675-9x12.jpg 9w, https:\/\/libshop.fr\/wp-content\/uploads\/2024\/10\/P3084675-1320x1760.jpg 1320w\" sizes=\"(max-width: 1920px) 100vw, 1920px\" \/><figcaption id=\"caption-attachment-9231\" class=\"wp-caption-text\">Mouhalabieh, der libanesische Flan nach Libshop-Art. Bildnachweis: <a href=\"https:\/\/www.instagram.com\/lapuertaontheroad\" target=\"_blank\" rel=\"noopener\">@lapuertaontheroad<\/a><\/figcaption><\/figure>\n<figure id=\"attachment_11005\" aria-describedby=\"caption-attachment-11005\" style=\"width: 1333px\" class=\"wp-caption aligncenter\"><img loading=\"lazy\" decoding=\"async\" class=\"size-full wp-image-11005\" src=\"https:\/\/libshop.fr\/wp-content\/uploads\/2025\/06\/Knefeh-Glace-Ashta-Libshop.jpg\" alt=\"Knefeh und sein Ashta-Pistazieneis bei Libshop\" width=\"1333\" height=\"2000\" title=\"-\" srcset=\"https:\/\/libshop.fr\/wp-content\/uploads\/2025\/06\/Knefeh-Glace-Ashta-Libshop.jpg 1333w, https:\/\/libshop.fr\/wp-content\/uploads\/2025\/06\/Knefeh-Glace-Ashta-Libshop-640x960.jpg 640w, https:\/\/libshop.fr\/wp-content\/uploads\/2025\/06\/Knefeh-Glace-Ashta-Libshop-768x1152.jpg 768w, https:\/\/libshop.fr\/wp-content\/uploads\/2025\/06\/Knefeh-Glace-Ashta-Libshop-133x200.jpg 133w, https:\/\/libshop.fr\/wp-content\/uploads\/2025\/06\/Knefeh-Glace-Ashta-Libshop-1024x1536.jpg 1024w, https:\/\/libshop.fr\/wp-content\/uploads\/2025\/06\/Knefeh-Glace-Ashta-Libshop-8x12.jpg 8w, https:\/\/libshop.fr\/wp-content\/uploads\/2025\/06\/Knefeh-Glace-Ashta-Libshop-1320x1980.jpg 1320w\" sizes=\"(max-width: 1333px) 100vw, 1333px\" \/><figcaption id=\"caption-attachment-11005\" class=\"wp-caption-text\">Knefeh und Ashta Pistazieneis im Libshop. Bildnachweis: <a href=\"https:\/\/www.instagram.com\/lapuertaontheroad\" target=\"_blank\" rel=\"noopener\">@lapuertaontheroad<\/a><\/figcaption><\/figure>\n<figure id=\"attachment_11007\" aria-describedby=\"caption-attachment-11007\" style=\"width: 2560px\" class=\"wp-caption aligncenter\"><img loading=\"lazy\" decoding=\"async\" class=\"size-full wp-image-11007\" src=\"https:\/\/libshop.fr\/wp-content\/uploads\/2025\/06\/Cookie-Barazek-Sesame-Pistache-scaled.jpg\" alt=\"Sesam-Pistazien-Damaszener-Keks, inspiriert von Barazek\" width=\"2560\" height=\"1707\" title=\"-\" srcset=\"https:\/\/libshop.fr\/wp-content\/uploads\/2025\/06\/Cookie-Barazek-Sesame-Pistache-scaled.jpg 2560w, https:\/\/libshop.fr\/wp-content\/uploads\/2025\/06\/Cookie-Barazek-Sesame-Pistache-640x427.jpg 640w, https:\/\/libshop.fr\/wp-content\/uploads\/2025\/06\/Cookie-Barazek-Sesame-Pistache-1920x1280.jpg 1920w, https:\/\/libshop.fr\/wp-content\/uploads\/2025\/06\/Cookie-Barazek-Sesame-Pistache-768x512.jpg 768w, https:\/\/libshop.fr\/wp-content\/uploads\/2025\/06\/Cookie-Barazek-Sesame-Pistache-200x133.jpg 200w, https:\/\/libshop.fr\/wp-content\/uploads\/2025\/06\/Cookie-Barazek-Sesame-Pistache-1536x1024.jpg 1536w, https:\/\/libshop.fr\/wp-content\/uploads\/2025\/06\/Cookie-Barazek-Sesame-Pistache-2048x1365.jpg 2048w, https:\/\/libshop.fr\/wp-content\/uploads\/2025\/06\/Cookie-Barazek-Sesame-Pistache-18x12.jpg 18w, https:\/\/libshop.fr\/wp-content\/uploads\/2025\/06\/Cookie-Barazek-Sesame-Pistache-300x200.jpg 300w, https:\/\/libshop.fr\/wp-content\/uploads\/2025\/06\/Cookie-Barazek-Sesame-Pistache-1320x880.jpg 1320w\" sizes=\"(max-width: 2560px) 100vw, 2560px\" \/><figcaption id=\"caption-attachment-11007\" class=\"wp-caption-text\">Sesam-Pistazien-Damaszener-Keks, inspiriert von Barazek<\/figcaption><\/figure>\n<p>Allein oder mit anderen, erleben Sie den Libshop in einem Restaurant, zum Mitnehmen und Liefern auf bekannten Plattformen oder direkt <a href=\"https:\/\/commande.libshop.fr\" target=\"_blank\" rel=\"noopener\">in der Libshop-App<\/a> !<\/p>\n<h2 class=\"wp-block-heading has-text-align-center\">Libshop-Restaurants<\/h2>\n<p>Um uns zu finden, finden Sie hier die verschiedenen Libshop-Restaurants in Paris:<br \/>\n\ud83d\udccd Vor Ort in Paris 1 &amp; Paris 13: <a href=\"https:\/\/libshop.fr\/de\/reservierungs-brunch-libshop13\/\">Reservierung auf unserer Website m\u00f6glich<\/a>.<br \/>\n\ud83d\udecd\ufe0f Unterwegs in Paris 8 und Paris 9<br \/>\n\ud83d\udef5\u00a0<a href=\"https:\/\/commande.libshop.fr\/\" target=\"_blank\" rel=\"noreferrer noopener\" data-type=\"link\" data-id=\"https:\/\/commande.libshop.fr\">Lieferung in ganz Paris mit der Libshop-App<\/a><\/p>","protected":false},"excerpt":{"rendered":"<p>Libshop ist ein kreatives und hochwertiges libanesisches Restaurant in Paris. Ob f\u00fcr ein schnelles Mittagessen, ein romantisches Abendessen oder ein geselliges Essen mit Freunden \u2013 Libshop ist das ideale Restaurant f\u00fcr eine gesunde und k\u00f6stliche Mahlzeit.<\/p>","protected":false},"author":1,"featured_media":11003,"parent":0,"menu_order":0,"comment_status":"closed","ping_status":"closed","template":"","meta":{"footnotes":""},"class_list":["post-10999","page","type-page","status-publish","has-post-thumbnail","hentry"],"_links":{"self":[{"href":"https:\/\/libshop.fr\/de\/wp-json\/wp\/v2\/pages\/10999","targetHints":{"allow":["GET"]}}],"collection":[{"href":"https:\/\/libshop.fr\/de\/wp-json\/wp\/v2\/pages"}],"about":[{"href":"https:\/\/libshop.fr\/de\/wp-json\/wp\/v2\/types\/page"}],"author":[{"embeddable":true,"href":"https:\/\/libshop.fr\/de\/wp-json\/wp\/v2\/users\/1"}],"replies":[{"embeddable":true,"href":"https:\/\/libshop.fr\/de\/wp-json\/wp\/v2\/comments?post=10999"}],"version-history":[{"count":3,"href":"https:\/\/libshop.fr\/de\/wp-json\/wp\/v2\/pages\/10999\/revisions"}],"predecessor-version":[{"id":11017,"href":"https:\/\/libshop.fr\/de\/wp-json\/wp\/v2\/pages\/10999\/revisions\/11017"}],"wp:featuredmedia":[{"embeddable":true,"href":"https:\/\/libshop.fr\/de\/wp-json\/wp\/v2\/media\/11003"}],"wp:attachment":[{"href":"https:\/\/libshop.fr\/de\/wp-json\/wp\/v2\/media?parent=10999"}],"curies":[{"name":"wp","href":"https:\/\/api.w.org\/{rel}","templated":true}]}}